{"id":18916,"date":"2020-12-17T17:34:30","date_gmt":"2020-12-17T16:34:30","guid":{"rendered":"https:\/\/www.pompecucchi.it\/?page_id=18916"},"modified":"2021-10-11T11:59:13","modified_gmt":"2021-10-11T10:59:13","slug":"startseite","status":"publish","type":"page","link":"https:\/\/www.pompecucchi.it\/de\/","title":{"rendered":"Startseite"},"content":{"rendered":"<p>[vc_row css_animation=&#8220;&#8220; sbvcbgslider_enable=&#8220;yes&#8220; sbvcbgslider_animation_speed=&#8220;750&#8243; sbvcbgslider_slide_duration=&#8220;3000&#8243; row_type=&#8220;row&#8220; use_row_as_full_screen_section=&#8220;no&#8220; type=&#8220;full_width&#8220; angled_section=&#8220;no&#8220; text_align=&#8220;left&#8220; background_image_as_pattern=&#8220;without_pattern&#8220; el_id=&#8220;intro-landing&#8220; css=&#8220;.vc_custom_1608128011545{background-position: center !important;background-repeat: no-repeat !important;background-size: cover !important;}&#8220; z_index=&#8220;&#8220; sbvcbgslider_slider_attachments=&#8220;15502,15503,15504&#8243;][vc_column][vc_row_inner row_type=&#8220;row&#8220; type=&#8220;grid&#8220; text_align=&#8220;left&#8220; css_animation=&#8220;&#8220;][vc_column_inner el_class=&#8220;colonna-apertura-landing&#8220; width=&#8220;1\/2&#8243; css=&#8220;.vc_custom_1608130329776{background-color: rgba(255,255,255,0.81) !important;*background-color: rgb(255,255,255) !important;border-radius: 5px !important;}&#8220;][vc_column_text]<\/p>\n<h5 class=\"titolino-landing\" style=\"font-size: 1.2rem; color: #e30513;\">POMPE CUCCHI SRL<\/h5>\n<p>[\/vc_column_text][vc_empty_space height=&#8220;10px&#8220;][vc_column_text]<\/p>\n<h3 class=\"titolo-landing\">PRODUKTION UND VERKAUF VON PUMPEN<\/h3>\n<p>[\/vc_column_text][vc_empty_space height=&#8220;10px&#8220;][vc_column_text]<\/p>\n<p class=\"testo-landing\">Pompe Cucchi entwirft, fertigt und vertreibt Zahnradpumpen zum F\u00f6rdern und Dosieren, Kolben- und Membranrpumpen zum Dosieren.<\/p>\n<p>[\/vc_column_text][vc_separator type=&#8220;transparent&#8220; up=&#8220;0&#8243; down=&#8220;23&#8243;]<a  itemprop=\"url\" href=\"\/en\/\" target=\"_self\" data-hover-background-color=#ffffff data-hover-border-color=#e30513 data-hover-color=#e30513 class=\"qbutton  medium default bott-1\" style=\"color: #ffffff; border-color: #e30513; background-color: #e30513;\">FINDE MEHR HERAUS<\/a><a  itemprop=\"url\" href=\"\/en\/contacts\/#row-contact\" target=\"_self\" data-hover-background-color=#e30513 data-hover-border-color=#e30513 data-hover-color=#ffffff class=\"qbutton  medium white default bott-2\" style=\"color: #e30513; border-color: #e30513; margin: 0 0 0 30PX; \">KONTAKTIERE UNS<\/a>[\/vc_column_inner][vc_column_inner width=&#8220;1\/2&#8243;][\/vc_column_inner][\/vc_row_inner][\/vc_column][\/vc_row][vc_row css_animation=&#8220;&#8220; row_type=&#8220;row&#8220; use_row_as_full_screen_section=&#8220;no&#8220; type=&#8220;grid&#8220; angled_section=&#8220;no&#8220; text_align=&#8220;left&#8220; background_image_as_pattern=&#8220;without_pattern&#8220; background_image=&#8220;16411&#8243; el_id=&#8220;descrizione-landing&#8220; z_index=&#8220;&#8220;][vc_column][vc_empty_space height=&#8220;70px&#8220;][vc_column_text]<\/p>\n<p style=\"text-align: left; color: #333;\">Pompe Cucchi ist seit \u00fcber 60 Jahren im Bereich der Fl\u00fcssigkeitsdosierung und \u2013f\u00f6rderung t\u00e4tig und arbeitet in \u00dcbereinstimmung mit dem <strong>Qualit\u00e4tsmanagementsystem ISO 9001 (2015).<\/strong><br \/>\nDie hergestellten Pumpen entsprechen den <strong>Richtlinien 2006\/42\/EG, 2014\/30\/EU, 2014\/35\/EU und den Normen UNI EN ISO 12100, UNI EN ISO 13732-1, UNI EN 809, UNI EN ISO 14847.<\/strong><br \/>\nAuf Anfrage k\u00f6nnen Pumpen in \u00dcbereinstimmung mit der <strong>Richtlinie 2014\/34\/EU (ATEX)<\/strong> und den <strong>Normen API 676 und NACE MR0175 geliefert werden.<\/strong><br \/>\nAlle Pumpen von Pompe Cucchi sind <strong>EAC (TR CU 010) und CU TR 012 zertifiziert.<\/strong><\/p>\n<p>[\/vc_column_text][vc_empty_space height=&#8220;10px&#8220;][vc_column_text]<\/p>\n<p style=\"color: #333333; text-align: left;\"><strong>AUSF\u00dcHRUNGEN:<\/strong><br \/>\nGusseisen &#8211; Kugelgraphitguss &#8211; AISI316L &#8211; Bronze &#8211; Hastelloy &#8211; Titan.<br \/>\nAuch mit Magnetantrieb.<\/p>\n<p>[\/vc_column_text][vc_empty_space height=&#8220;40px&#8220;][vc_row_inner row_type=&#8220;row&#8220; type=&#8220;full_width&#8220; text_align=&#8220;left&#8220; css_animation=&#8220;&#8220;][vc_column_inner width=&#8220;1\/3&#8243;][vc_single_image image=&#8220;18741&#8243; img_size=&#8220;200X200&#8243; qode_css_animation=&#8220;&#8220;][vc_empty_space height=&#8220;20px&#8220;][vc_column_text]<\/p>\n<h5 style=\"font-weight: 800; color: #e30513; text-align: left;\">Zahnradpumpen \u00fcbertragen<\/h5>\n<p>[\/vc_column_text][vc_empty_space height=&#8220;20px&#8220;][\/vc_column_inner][vc_column_inner width=&#8220;1\/3&#8243;][vc_single_image image=&#8220;18735&#8243; img_size=&#8220;200X200&#8243; qode_css_animation=&#8220;&#8220;][vc_empty_space height=&#8220;20px&#8220;][vc_column_text]<\/p>\n<h5 style=\"font-weight: 800; color: #e30513; text-align: left;\">Dosierzahnradpumpen<\/h5>\n<p>[\/vc_column_text][vc_empty_space height=&#8220;20px&#8220;][\/vc_column_inner][vc_column_inner width=&#8220;1\/3&#8243;][vc_single_image image=&#8220;18729&#8243; img_size=&#8220;200X200&#8243; qode_css_animation=&#8220;&#8220;][vc_empty_space height=&#8220;20px&#8220;][vc_column_text]<\/p>\n<h5 style=\"font-weight: 800; color: #e30513; text-align: left;\">Kolben- und Membrandosierpumpen<\/h5>\n<p>[\/vc_column_text][vc_empty_space height=&#8220;20px&#8220;][\/vc_column_inner][\/vc_row_inner][vc_row_inner row_type=&#8220;row&#8220; type=&#8220;full_width&#8220; text_align=&#8220;left&#8220; css_animation=&#8220;&#8220;][vc_column_inner][vc_empty_space height=&#8220;20px&#8220;][vc_column_text]<\/p>\n<p style=\"color: #333333;\">Zus\u00e4tzlich zur eigenen Produktion ist Pompe Cucchi italienischer H\u00e4ndler der <strong>Industrielinie von ITT Jabsco, von GRACO Druckluft -Membranpumpen und &#8211; Fasspumpen, sowie Gr\u00fcn-Pumpen.<\/strong><\/p>\n<p style=\"color: #333333;\">F\u00fcr weitere Informationen klicken Sie bitte auf den folgenden Link.<\/p>\n<p>[\/vc_column_text][\/vc_column_inner][\/vc_row_inner][vc_row_inner row_type=&#8220;row&#8220; type=&#8220;full_width&#8220; text_align=&#8220;left&#8220; css_animation=&#8220;&#8220; el_id=&#8220;form-landing&#8220;][vc_column_inner][vc_empty_space height=&#8220;40px&#8220;][\/vc_column_inner][vc_column_inner width=&#8220;1\/2&#8243;]<a  itemprop=\"url\" href=\"\/en\/contacts\/\" target=\"_self\" data-hover-background-color=#ffffff data-hover-border-color=#e30513 data-hover-color=#e30513 class=\"qbutton  medium center default\" style=\"color: #ffffff; border-color: #e30513; background-color: #e30513;\">FRAGE NACH MEHR INFORMATIONEN<\/a>[vc_empty_space height=&#8220;20px&#8220;][\/vc_column_inner][vc_column_inner width=&#8220;1\/2&#8243;][vc_raw_html]JTNDZGl2JTIwY2xhc3MlM0QlMjJzb2NpYWwtbGFuZGluZyUyMiUzRSUzQ2ElMjBocmVmJTNEJTIyaHR0cHMlM0ElMkYlMkZ3d3cueW91dHViZS5jb20lMkZjaGFubmVsJTJGVUM0eUNucnZxQzBKaVV6Wi03ZWhOVWl3JTIyJTIwdGFyZ2V0JTNEJTIyX2JsYW5rJTIyJTNFJTNDaW1nJTIwY2xhc3MlM0QlMjJhbGlnbm5vbmUlMjBzaXplLWZ1bGwlMjB3cC1pbWFnZS0xODcyMyUyMiUyMHJvbGUlM0QlMjJpbWclMjIlMjBzcmMlM0QlMjJodHRwcyUzQSUyRiUyRnd3dy5wb21wZWN1Y2NoaS5pdCUyRndwLWNvbnRlbnQlMkZ1cGxvYWRzJTJGeW91dHViZS5zdmclMjIlMjBhbHQlM0QlMjIlMjIlMjB3aWR0aCUzRCUyMjUxMiUyMiUyMGhlaWdodCUzRCUyMjUxMiUyMiUyMCUyRiUzRSUwQSUzQ2g0JTNFJTNDYiUzRUZPTEdFTiUyMFNJRSUyMFVOUyUyMEFVRiUyMFNPWklBTCUzQyUyRmIlM0UlM0MlMkZoNCUzRSUzQyUyRmElM0UlM0MlMkZkaXYlM0U=[\/vc_raw_html][vc_empty_space height=&#8220;20px&#8220;][\/vc_column_inner][\/vc_row_inner][vc_empty_space height=&#8220;50px&#8220;][\/vc_column][\/vc_row][vc_row css_animation=&#8220;&#8220; row_type=&#8220;row&#8220; use_row_as_full_screen_section=&#8220;no&#8220; type=&#8220;grid&#8220; angled_section=&#8220;no&#8220; text_align=&#8220;left&#8220; background_image_as_pattern=&#8220;without_pattern&#8220; css=&#8220;.vc_custom_1608120596593{padding-top: 15px !important;padding-bottom: 15px !important;}&#8220; z_index=&#8220;&#8220; background_color=&#8220;#1b1b1b&#8220;][vc_column][vc_column_text]<\/p>\n<p style=\"font-size: 12px; color: #818181; text-align: left;\">\u00a9 Copyright Pompe Cucchi Srl | Via dei Pioppi, 39 20073 OPERA (MI) Italy | P.Iva 02066290152 | C.S. Euro 51129,23 i.v. | REA 906633 trib.mi reg.soc.163027 | Credits by <a style=\"color: #fff;\" href=\"https:\/\/www.pdr-web.com\" target=\"_blank\" rel=\"noopener noreferrer\">Pdr Web Consulting<\/a><\/p>\n<p>[\/vc_column_text][\/vc_column][\/vc_row]<\/p>\n","protected":false},"excerpt":{"rendered":"<p>[vc_row css_animation=&#8220;&#8220; sbvcbgslider_enable=&#8220;yes&#8220; sbvcbgslider_animation_speed=&#8220;750&#8243; sbvcbgslider_slide_duration=&#8220;3000&#8243; row_type=&#8220;row&#8220; use_row_as_full_screen_section=&#8220;no&#8220; type=&#8220;full_width&#8220; angled_section=&#8220;no&#8220; text_align=&#8220;left&#8220; background_image_as_pattern=&#8220;without_pattern&#8220; el_id=&#8220;intro-landing&#8220; css=&#8220;.vc_custom_1608128011545{background-position: center !important;background-repeat: no-repeat !important;background-size: cover !important;}&#8220; z_index=&#8220;&#8220; sbvcbgslider_slider_attachments=&#8220;15502,15503,15504&#8243;][vc_column][vc_row_inner&#8230;<\/p>\n","protected":false},"author":1,"featured_media":19498,"parent":0,"menu_order":0,"comment_status":"closed","ping_status":"closed","template":"full_width.php","meta":{"footnotes":""},"yoast_head":"<!-- This site is optimized with the Yoast SEO plugin v23.5 - https:\/\/yoast.com\/wordpress\/plugins\/seo\/ -->\n<title>Startseite - Pompe Cucchi<\/title>\n<meta name=\"robots\" content=\"index, follow, max-snippet:-1, max-image-preview:large, max-video-preview:-1\" \/>\n<link rel=\"canonical\" href=\"https:\/\/www.pompecucchi.it\/de\/\" \/>\n<meta property=\"og:locale\" content=\"de_DE\" \/>\n<meta property=\"og:type\" content=\"article\" \/>\n<meta property=\"og:title\" content=\"Startseite - Pompe Cucchi\" \/>\n<meta property=\"og:description\" content=\"[vc_row css_animation=&#8220;&#8220; sbvcbgslider_enable=&#8220;yes&#8220; sbvcbgslider_animation_speed=&#8220;750&#8243; sbvcbgslider_slide_duration=&#8220;3000&#8243; row_type=&#8220;row&#8220; use_row_as_full_screen_section=&#8220;no&#8220; type=&#8220;full_width&#8220; angled_section=&#8220;no&#8220; text_align=&#8220;left&#8220; background_image_as_pattern=&#8220;without_pattern&#8220; el_id=&#8220;intro-landing&#8220; css=&#8220;.vc_custom_1608128011545{background-position: center !important;background-repeat: no-repeat !important;background-size: cover !important;}&#8220; z_index=&#8220;&#8220; sbvcbgslider_slider_attachments=&#8220;15502,15503,15504&#8243;][vc_column][vc_row_inner...\" \/>\n<meta property=\"og:url\" content=\"https:\/\/www.pompecucchi.it\/de\/\" \/>\n<meta property=\"og:site_name\" content=\"Pompe Cucchi\" \/>\n<meta property=\"article:modified_time\" content=\"2021-10-11T10:59:13+00:00\" \/>\n<meta property=\"og:image\" content=\"https:\/\/www.pompecucchi.it\/wp-content\/uploads\/produzione-pompe-dosatrici-per-lindustria.jpg\" \/>\n\t<meta property=\"og:image:width\" content=\"671\" \/>\n\t<meta property=\"og:image:height\" content=\"281\" \/>\n\t<meta property=\"og:image:type\" content=\"image\/jpeg\" \/>\n<meta name=\"twitter:card\" content=\"summary_large_image\" \/>\n<meta name=\"twitter:label1\" content=\"Gesch\u00e4tzte Lesezeit\" \/>\n\t<meta name=\"twitter:data1\" content=\"2\u00a0Minuten\" \/>\n<script type=\"application\/ld+json\" class=\"yoast-schema-graph\">{\"@context\":\"https:\/\/schema.org\",\"@graph\":[{\"@type\":\"WebPage\",\"@id\":\"https:\/\/www.pompecucchi.it\/de\/\",\"url\":\"https:\/\/www.pompecucchi.it\/de\/\",\"name\":\"Startseite - Pompe Cucchi\",\"isPartOf\":{\"@id\":\"https:\/\/www.pompecucchi.it\/de\/#website\"},\"primaryImageOfPage\":{\"@id\":\"https:\/\/www.pompecucchi.it\/de\/#primaryimage\"},\"image\":{\"@id\":\"https:\/\/www.pompecucchi.it\/de\/#primaryimage\"},\"thumbnailUrl\":\"https:\/\/www.pompecucchi.it\/wp-content\/uploads\/produzione-pompe-dosatrici-per-lindustria.jpg\",\"datePublished\":\"2020-12-17T16:34:30+00:00\",\"dateModified\":\"2021-10-11T10:59:13+00:00\",\"breadcrumb\":{\"@id\":\"https:\/\/www.pompecucchi.it\/de\/#breadcrumb\"},\"inLanguage\":\"de\",\"potentialAction\":[{\"@type\":\"ReadAction\",\"target\":[\"https:\/\/www.pompecucchi.it\/de\/\"]}]},{\"@type\":\"ImageObject\",\"inLanguage\":\"de\",\"@id\":\"https:\/\/www.pompecucchi.it\/de\/#primaryimage\",\"url\":\"https:\/\/www.pompecucchi.it\/wp-content\/uploads\/produzione-pompe-dosatrici-per-lindustria.jpg\",\"contentUrl\":\"https:\/\/www.pompecucchi.it\/wp-content\/uploads\/produzione-pompe-dosatrici-per-lindustria.jpg\",\"width\":671,\"height\":281,\"caption\":\"produzione pompe dosatrici per l'industria\"},{\"@type\":\"BreadcrumbList\",\"@id\":\"https:\/\/www.pompecucchi.it\/de\/#breadcrumb\",\"itemListElement\":[{\"@type\":\"ListItem\",\"position\":1,\"name\":\"Home\",\"item\":\"https:\/\/www.pompecucchi.it\/de\/startseite\/\"},{\"@type\":\"ListItem\",\"position\":2,\"name\":\"Startseite\"}]},{\"@type\":\"WebSite\",\"@id\":\"https:\/\/www.pompecucchi.it\/de\/#website\",\"url\":\"https:\/\/www.pompecucchi.it\/de\/\",\"name\":\"Pompe Cucchi\",\"description\":\"Pompe Cucchi\",\"potentialAction\":[{\"@type\":\"SearchAction\",\"target\":{\"@type\":\"EntryPoint\",\"urlTemplate\":\"https:\/\/www.pompecucchi.it\/de\/?s={search_term_string}\"},\"query-input\":{\"@type\":\"PropertyValueSpecification\",\"valueRequired\":true,\"valueName\":\"search_term_string\"}}],\"inLanguage\":\"de\"}]}<\/script>\n<!-- \/ Yoast SEO plugin. -->","yoast_head_json":{"title":"Startseite - Pompe Cucchi","robots":{"index":"index","follow":"follow","max-snippet":"max-snippet:-1","max-image-preview":"max-image-preview:large","max-video-preview":"max-video-preview:-1"},"canonical":"https:\/\/www.pompecucchi.it\/de\/","og_locale":"de_DE","og_type":"article","og_title":"Startseite - Pompe Cucchi","og_description":"[vc_row css_animation=&#8220;&#8220; sbvcbgslider_enable=&#8220;yes&#8220; sbvcbgslider_animation_speed=&#8220;750&#8243; sbvcbgslider_slide_duration=&#8220;3000&#8243; row_type=&#8220;row&#8220; use_row_as_full_screen_section=&#8220;no&#8220; type=&#8220;full_width&#8220; angled_section=&#8220;no&#8220; text_align=&#8220;left&#8220; background_image_as_pattern=&#8220;without_pattern&#8220; el_id=&#8220;intro-landing&#8220; css=&#8220;.vc_custom_1608128011545{background-position: center !important;background-repeat: no-repeat !important;background-size: cover !important;}&#8220; z_index=&#8220;&#8220; sbvcbgslider_slider_attachments=&#8220;15502,15503,15504&#8243;][vc_column][vc_row_inner...","og_url":"https:\/\/www.pompecucchi.it\/de\/","og_site_name":"Pompe Cucchi","article_modified_time":"2021-10-11T10:59:13+00:00","og_image":[{"width":671,"height":281,"url":"https:\/\/www.pompecucchi.it\/wp-content\/uploads\/produzione-pompe-dosatrici-per-lindustria.jpg","type":"image\/jpeg"}],"twitter_card":"summary_large_image","twitter_misc":{"Gesch\u00e4tzte Lesezeit":"2\u00a0Minuten"},"schema":{"@context":"https:\/\/schema.org","@graph":[{"@type":"WebPage","@id":"https:\/\/www.pompecucchi.it\/de\/","url":"https:\/\/www.pompecucchi.it\/de\/","name":"Startseite - Pompe Cucchi","isPartOf":{"@id":"https:\/\/www.pompecucchi.it\/de\/#website"},"primaryImageOfPage":{"@id":"https:\/\/www.pompecucchi.it\/de\/#primaryimage"},"image":{"@id":"https:\/\/www.pompecucchi.it\/de\/#primaryimage"},"thumbnailUrl":"https:\/\/www.pompecucchi.it\/wp-content\/uploads\/produzione-pompe-dosatrici-per-lindustria.jpg","datePublished":"2020-12-17T16:34:30+00:00","dateModified":"2021-10-11T10:59:13+00:00","breadcrumb":{"@id":"https:\/\/www.pompecucchi.it\/de\/#breadcrumb"},"inLanguage":"de","potentialAction":[{"@type":"ReadAction","target":["https:\/\/www.pompecucchi.it\/de\/"]}]},{"@type":"ImageObject","inLanguage":"de","@id":"https:\/\/www.pompecucchi.it\/de\/#primaryimage","url":"https:\/\/www.pompecucchi.it\/wp-content\/uploads\/produzione-pompe-dosatrici-per-lindustria.jpg","contentUrl":"https:\/\/www.pompecucchi.it\/wp-content\/uploads\/produzione-pompe-dosatrici-per-lindustria.jpg","width":671,"height":281,"caption":"produzione pompe dosatrici per l'industria"},{"@type":"BreadcrumbList","@id":"https:\/\/www.pompecucchi.it\/de\/#breadcrumb","itemListElement":[{"@type":"ListItem","position":1,"name":"Home","item":"https:\/\/www.pompecucchi.it\/de\/startseite\/"},{"@type":"ListItem","position":2,"name":"Startseite"}]},{"@type":"WebSite","@id":"https:\/\/www.pompecucchi.it\/de\/#website","url":"https:\/\/www.pompecucchi.it\/de\/","name":"Pompe Cucchi","description":"Pompe Cucchi","potentialAction":[{"@type":"SearchAction","target":{"@type":"EntryPoint","urlTemplate":"https:\/\/www.pompecucchi.it\/de\/?s={search_term_string}"},"query-input":{"@type":"PropertyValueSpecification","valueRequired":true,"valueName":"search_term_string"}}],"inLanguage":"de"}]}},"_links":{"self":[{"href":"https:\/\/www.pompecucchi.it\/de\/wp-json\/wp\/v2\/pages\/18916"}],"collection":[{"href":"https:\/\/www.pompecucchi.it\/de\/wp-json\/wp\/v2\/pages"}],"about":[{"href":"https:\/\/www.pompecucchi.it\/de\/wp-json\/wp\/v2\/types\/page"}],"author":[{"embeddable":true,"href":"https:\/\/www.pompecucchi.it\/de\/wp-json\/wp\/v2\/users\/1"}],"replies":[{"embeddable":true,"href":"https:\/\/www.pompecucchi.it\/de\/wp-json\/wp\/v2\/comments?post=18916"}],"version-history":[{"count":9,"href":"https:\/\/www.pompecucchi.it\/de\/wp-json\/wp\/v2\/pages\/18916\/revisions"}],"predecessor-version":[{"id":19385,"href":"https:\/\/www.pompecucchi.it\/de\/wp-json\/wp\/v2\/pages\/18916\/revisions\/19385"}],"wp:featuredmedia":[{"embeddable":true,"href":"https:\/\/www.pompecucchi.it\/de\/wp-json\/wp\/v2\/media\/19498"}],"wp:attachment":[{"href":"https:\/\/www.pompecucchi.it\/de\/wp-json\/wp\/v2\/media?parent=18916"}],"curies":[{"name":"wp","href":"https:\/\/api.w.org\/{rel}","templated":true}]}}