{"id":22675,"date":"2026-02-04T16:47:14","date_gmt":"2026-02-04T15:47:14","guid":{"rendered":"https:\/\/www.pompecucchi.it\/sociedad\/"},"modified":"2026-02-19T15:11:48","modified_gmt":"2026-02-19T14:11:48","slug":"sociedad","status":"publish","type":"page","link":"https:\/\/www.pompecucchi.it\/es\/asistencia-tecnica-bombas-dosificadoras\/","title":{"rendered":"SOCIEDAD"},"content":{"rendered":"<p>[vc_row css_animation=\u00bb\u00bb row_type=\u00bbrow\u00bb use_row_as_full_screen_section=\u00bbno\u00bb type=\u00bbfull_width\u00bb angled_section=\u00bbno\u00bb text_align=\u00bbcenter\u00bb background_image_as_pattern=\u00bbwithout_pattern\u00bb el_class=\u00bbtitolo-pagina\u00bb z_index=\u00bb\u00bb background_image=\u00bb22679&#8243; padding_top=\u00bb100&#8243; padding_bottom=\u00bb100&#8243;][vc_column width=\u00bb1\/6&#8243;][vc_column width=\u00bb1\/6&#8243;][\/vc_column][\/vc_column][vc_column width=\u00bb2\/3&#8243;][vc_column_text]<\/p>\n<h3 style=\"text-align: center; color: #fff; font-size: 30px;\">SOCIEDAD<\/h3>\n<p style=\"text-align: center; font-weight: 600; font-size: 18px; color: #fff;\">Ingenier\u00eda, experiencia, pericia, pasi\u00f3n y dedicaci\u00f3n: \u00e9sta es la f\u00f3rmula con la que Pompe Cucchi trabaja cada d\u00eda para ofrecerle lo mejor. Nuestros puntos fuertes son:<\/p>\n<p>[\/vc_column_text][\/vc_column][vc_column width=\u00bb1\/6&#8243;][\/vc_column][\/vc_row][vc_row css_animation=\u00bb\u00bb row_type=\u00bbrow\u00bb use_row_as_full_screen_section=\u00bbno\u00bb type=\u00bbgrid\u00bb angled_section=\u00bbno\u00bb text_align=\u00bbleft\u00bb background_image_as_pattern=\u00bbwithout_pattern\u00bb padding_top=\u00bb87&#8243; z_index=\u00bb\u00bb padding_bottom=\u00bb87&#8243; el_class=\u00bbpadding-mobile-2&#8243;][vc_column][qode_elements_holder number_of_columns=\u00bbtwo_columns\u00bb switch_to_one_column=\u00bb768&#8243;][qode_elements_holder_item vertical_alignment=\u00bbmiddle\u00bb advanced_animations=\u00bbno\u00bb][vc_single_image image=\u00bb19480&#8243; img_size=\u00bbfull\u00bb qode_css_animation=\u00bb\u00bb transition_delay=\u00bb0.3&#8243;][\/qode_elements_holder_item][qode_elements_holder_item vertical_alignment=\u00bbmiddle\u00bb advanced_animations=\u00bbno\u00bb item_padding=\u00bb0 0 0 50px\u00bb item_padding_600_768=\u00bb50px 0 0 0&#8243; item_padding_480_600=\u00bb50px 0 0 0&#8243; item_padding_480=\u00bb50px 0 0 0&#8243;][vc_column_text]<\/p>\n<h3 style=\"text-align: left;\">72 A\u00d1OS DE EXPERIENCIA<\/h3>\n<p>[\/vc_column_text][vc_separator type=\u00bbsmall\u00bb position=\u00bbleft\u00bb down=\u00bb34&#8243; up=\u00bb7&#8243;][vc_column_text]<\/p>\n<p style=\"text-align: justify; font-weight: 600; font-size: 16px;\">Pompe Cucchi lleva en el sector desde 1948.<\/p>\n<p>Comenz\u00f3 como fabricante de bombas de engranajes est\u00e1ndar para productos l\u00edquidos lubricantes y viscosos y, posteriormente, gracias a la realizaci\u00f3n de dise\u00f1os innovadores, lleg\u00f3 a ofrecer productos que permiten bombear y dosificar a altas presiones fluidos no lubricantes con viscosidades extremadamente bajas.[\/vc_column_text][\/qode_elements_holder_item][\/qode_elements_holder][\/vc_column][\/vc_row][vc_row css_animation=\u00bb\u00bb row_type=\u00bbrow\u00bb use_row_as_full_screen_section=\u00bbno\u00bb type=\u00bbgrid\u00bb angled_section=\u00bbno\u00bb text_align=\u00bbleft\u00bb background_image_as_pattern=\u00bbwithout_pattern\u00bb padding_top=\u00bb87&#8243; z_index=\u00bb\u00bb background_color=\u00bb#ffffff\u00bb padding_bottom=\u00bb87&#8243; el_class=\u00bbpadding-mobile-2&#8243;][vc_column][qode_elements_holder number_of_columns=\u00bbtwo_columns\u00bb switch_to_one_column=\u00bb768&#8243;][qode_elements_holder_item vertical_alignment=\u00bbmiddle\u00bb advanced_animations=\u00bbno\u00bb item_padding=\u00bb0 50px 0 0&#8243; item_padding_600_768=\u00bb0 0 50px 0&#8243; item_padding_480_600=\u00bb0 0 50px 0&#8243; item_padding_480=\u00bb0 0 50px 0&#8243;][vc_column_text]<\/p>\n<h3 style=\"text-align: left;\">UN PERSONAL CUALIFICADO<\/h3>\n<p>[\/vc_column_text][vc_separator type=\u00bbsmall\u00bb position=\u00bbleft\u00bb down=\u00bb34&#8243; up=\u00bb7&#8243;][vc_column_text]<\/p>\n<h3 data-start=\"0\" data-end=\"52\"><strong data-start=\"4\" data-end=\"50\">Un equipo de expertos, un apoyo sin igual<\/strong><\/h3>\n<p data-start=\"54\" data-end=\"288\">En Pompe Cucchi, la asistencia t\u00e9cnica es mucho m\u00e1s que un servicio: es un valor estrat\u00e9gico. Nuestro equipo combina la experiencia de profesionales con carreras consolidadas en el sector y la visi\u00f3n innovadora de la generaci\u00f3n m\u00e1s joven.<\/p>\n<p data-start=\"290\" data-end=\"560\" data-is-last-node=\"\" data-is-only-node=\"\">Esta sinergia nos permite ofrecer soluciones a medida, garantizando el m\u00e1ximo nivel de eficacia y rendimiento en cada aplicaci\u00f3n industrial. Conf\u00ede en nosotros para obtener una asistencia t\u00e9cnica r\u00e1pida, precisa y de vanguardia: porque su \u00e9xito es nuestra misi\u00f3n.<\/p>\n<p>[\/vc_column_text][\/qode_elements_holder_item][qode_elements_holder_item vertical_alignment=\u00bbmiddle\u00bb advanced_animations=\u00bbno\u00bb][vc_single_image image=\u00bb16801&#8243; img_size=\u00bbfull\u00bb qode_css_animation=\u00bb\u00bb transition_delay=\u00bb0.3&#8243;][\/qode_elements_holder_item][\/qode_elements_holder][\/vc_column][\/vc_row][vc_row css_animation=\u00bb\u00bb row_type=\u00bbrow\u00bb use_row_as_full_screen_section=\u00bbno\u00bb type=\u00bbgrid\u00bb angled_section=\u00bbno\u00bb text_align=\u00bbleft\u00bb background_image_as_pattern=\u00bbwithout_pattern\u00bb padding_top=\u00bb87&#8243; z_index=\u00bb\u00bb padding_bottom=\u00bb87&#8243; el_class=\u00bbpadding-mobile-2&#8243;][vc_column][qode_elements_holder number_of_columns=\u00bbtwo_columns\u00bb switch_to_one_column=\u00bb768&#8243;][qode_elements_holder_item vertical_alignment=\u00bbmiddle\u00bb advanced_animations=\u00bbno\u00bb][vc_single_image image=\u00bb22684&#8243; img_size=\u00bbfull\u00bb qode_css_animation=\u00bb\u00bb transition_delay=\u00bb0.3&#8243;][\/qode_elements_holder_item][qode_elements_holder_item vertical_alignment=\u00bbmiddle\u00bb advanced_animations=\u00bbno\u00bb item_padding=\u00bb0 0 0 50px\u00bb item_padding_600_768=\u00bb50px 0 0 0&#8243; item_padding_480_600=\u00bb50px 0 0 0&#8243; item_padding_480=\u00bb50px 0 0 0&#8243;][vc_column_text]<\/p>\n<h3 style=\"text-align: left;\">CALIDAD E INNOVACI\u00d3N<\/h3>\n<p>[\/vc_column_text][vc_separator type=\u00bbsmall\u00bb position=\u00bbleft\u00bb down=\u00bb34&#8243; up=\u00bb7&#8243;][vc_column_text]<\/p>\n<h3><strong>Calidad e innovaci\u00f3n al servicio de la excelencia<\/strong><\/h3>\n<p>Nuestro dise\u00f1o est\u00e1 dirigido por un equipo de ingenieros altamente cualificados, apoyados por estaciones CAD de \u00faltima generaci\u00f3n, actualizadas constantemente para garantizar soluciones de vanguardia.<\/p>\n<p>La producci\u00f3n se lleva a cabo en un entorno altamente automatizado, gracias a un centro de mecanizado de control num\u00e9rico con 18 paletas en l\u00ednea, un almac\u00e9n robotizado con 400 herramientas y un software avanzado para el mecanizado no tripulado. Cada bomba se prueba individualmente en un banco de pruebas que supervisa todos los par\u00e1metros t\u00e9cnicos, garantizando la m\u00e1xima fiabilidad y un rendimiento \u00f3ptimo.<\/p>\n<p>Para la formaci\u00f3n de t\u00e9cnicos, distribuidores y clientes, utilizamos un configurador 3D estereosc\u00f3pico inmersivo, que permite ver cada bomba en su totalidad o en despiece, simulando el montaje y desmontaje de todas nuestras gamas. El sistema tambi\u00e9n incluye m\u00f3dulos did\u00e1cticos sobre fen\u00f3menos de cavitaci\u00f3n y dise\u00f1os de plantas de dosificaci\u00f3n, lo que hace que el aprendizaje sea m\u00e1s eficaz e interactivo.<\/p>\n<p>Bombas Cucchi: donde la calidad y la innovaci\u00f3n se unen para redefinir los est\u00e1ndares de la industria.[\/vc_column_text][\/qode_elements_holder_item][\/qode_elements_holder][\/vc_column][\/vc_row][vc_row css_animation=\u00bb\u00bb row_type=\u00bbrow\u00bb use_row_as_full_screen_section=\u00bbno\u00bb type=\u00bbgrid\u00bb angled_section=\u00bbno\u00bb text_align=\u00bbleft\u00bb background_image_as_pattern=\u00bbwithout_pattern\u00bb padding_top=\u00bb87&#8243; z_index=\u00bb\u00bb background_color=\u00bb#ffffff\u00bb padding_bottom=\u00bb87&#8243; el_class=\u00bbpadding-mobile-2&#8243;][vc_column][qode_elements_holder number_of_columns=\u00bbtwo_columns\u00bb switch_to_one_column=\u00bb768&#8243;][qode_elements_holder_item vertical_alignment=\u00bbmiddle\u00bb advanced_animations=\u00bbno\u00bb item_padding=\u00bb0 50px 0 0&#8243; item_padding_600_768=\u00bb0 0 50px 0&#8243; item_padding_480_600=\u00bb0 0 50px 0&#8243; item_padding_480=\u00bb0 0 50px 0&#8243;][vc_column_text]<\/p>\n<h3 style=\"text-align: left;\">UNA RED MUNDIAL DE VENTAS<\/h3>\n<p>[\/vc_column_text][vc_separator type=\u00bbsmall\u00bb position=\u00bbleft\u00bb down=\u00bb34&#8243; up=\u00bb7&#8243;][vc_column_text]<strong>Pompe Cucchi lleva en el sector de las bombas desde 1948.<\/strong><\/p>\n<p>Comenz\u00f3 como fabricante de bombas de engranajes est\u00e1ndar para productos l\u00edquidos lubricantes y viscosos y, posteriormente, gracias a la realizaci\u00f3n de dise\u00f1os innovadores, lleg\u00f3 a ofrecer productos que permiten bombear y dosificar a altas presiones fluidos no lubricantes con viscosidades extremadamente bajas, a presiones muy elevadas. Pompe\u00a0Cucchi\u00a0trabaja desde hace a\u00f1os en todo el mundo mediante una red de comerciales y de distribuidores.[\/vc_column_text][\/qode_elements_holder_item][qode_elements_holder_item vertical_alignment=\u00bbmiddle\u00bb advanced_animations=\u00bbno\u00bb][vc_single_image image=\u00bb22680&#8243; img_size=\u00bbfull\u00bb qode_css_animation=\u00bb\u00bb transition_delay=\u00bb0.3&#8243;][\/qode_elements_holder_item][\/qode_elements_holder][\/vc_column][\/vc_row]<\/p>\n","protected":false},"excerpt":{"rendered":"<p>[vc_row css_animation=\u00bb\u00bb row_type=\u00bbrow\u00bb use_row_as_full_screen_section=\u00bbno\u00bb type=\u00bbfull_width\u00bb angled_section=\u00bbno\u00bb text_align=\u00bbcenter\u00bb background_image_as_pattern=\u00bbwithout_pattern\u00bb el_class=\u00bbtitolo-pagina\u00bb z_index=\u00bb\u00bb background_image=\u00bb22679&#8243; padding_top=\u00bb100&#8243; padding_bottom=\u00bb100&#8243;][vc_column width=\u00bb1\/6&#8243;][vc_column width=\u00bb1\/6&#8243;][\/vc_column][\/vc_column][vc_column width=\u00bb2\/3&#8243;][vc_column_text] SOCIEDAD Ingenier\u00eda, experiencia, pericia, pasi\u00f3n&#8230;<\/p>\n","protected":false},"author":1,"featured_media":0,"parent":0,"menu_order":0,"comment_status":"closed","ping_status":"closed","template":"full_width.php","meta":{"footnotes":""},"yoast_head":"<!-- This site is optimized with the Yoast SEO plugin v23.5 - https:\/\/yoast.com\/wordpress\/plugins\/seo\/ -->\n<title>Asistencia T\u00e9cnica Para Bombas Dosificadoras | Pompe Cucchi<\/title>\n<meta name=\"description\" content=\"Pompe Cucchi proporciona asistencia t\u00e9cnica para bombas dosificadoras de fluidos, incluso no lubricantes y con viscosidad muy baja a presiones elevadas.\" \/>\n<meta name=\"robots\" content=\"index, follow, max-snippet:-1, max-image-preview:large, max-video-preview:-1\" \/>\n<link rel=\"canonical\" href=\"https:\/\/www.pompecucchi.it\/es\/asistencia-tecnica-bombas-dosificadoras\/\" \/>\n<meta property=\"og:locale\" content=\"es_ES\" \/>\n<meta property=\"og:type\" content=\"article\" \/>\n<meta property=\"og:title\" content=\"Asistencia T\u00e9cnica Para Bombas Dosificadoras | Pompe Cucchi\" \/>\n<meta property=\"og:description\" content=\"Pompe Cucchi proporciona asistencia t\u00e9cnica para bombas dosificadoras de fluidos, incluso no lubricantes y con viscosidad muy baja a presiones elevadas.\" \/>\n<meta property=\"og:url\" content=\"https:\/\/www.pompecucchi.it\/es\/asistencia-tecnica-bombas-dosificadoras\/\" \/>\n<meta property=\"og:site_name\" content=\"Pompe Cucchi\" \/>\n<meta property=\"article:modified_time\" content=\"2026-02-19T14:11:48+00:00\" \/>\n<meta name=\"twitter:card\" content=\"summary_large_image\" \/>\n<meta name=\"twitter:label1\" content=\"Tiempo de lectura\" \/>\n\t<meta name=\"twitter:data1\" content=\"4 minutos\" \/>\n<script type=\"application\/ld+json\" class=\"yoast-schema-graph\">{\"@context\":\"https:\/\/schema.org\",\"@graph\":[{\"@type\":\"WebPage\",\"@id\":\"https:\/\/www.pompecucchi.it\/es\/asistencia-tecnica-bombas-dosificadoras\/\",\"url\":\"https:\/\/www.pompecucchi.it\/es\/asistencia-tecnica-bombas-dosificadoras\/\",\"name\":\"Asistencia T\u00e9cnica Para Bombas Dosificadoras | Pompe Cucchi\",\"isPartOf\":{\"@id\":\"https:\/\/www.pompecucchi.it\/es\/#website\"},\"datePublished\":\"2026-02-04T15:47:14+00:00\",\"dateModified\":\"2026-02-19T14:11:48+00:00\",\"description\":\"Pompe Cucchi proporciona asistencia t\u00e9cnica para bombas dosificadoras de fluidos, incluso no lubricantes y con viscosidad muy baja a presiones elevadas.\",\"breadcrumb\":{\"@id\":\"https:\/\/www.pompecucchi.it\/es\/asistencia-tecnica-bombas-dosificadoras\/#breadcrumb\"},\"inLanguage\":\"es\",\"potentialAction\":[{\"@type\":\"ReadAction\",\"target\":[\"https:\/\/www.pompecucchi.it\/es\/asistencia-tecnica-bombas-dosificadoras\/\"]}]},{\"@type\":\"BreadcrumbList\",\"@id\":\"https:\/\/www.pompecucchi.it\/es\/asistencia-tecnica-bombas-dosificadoras\/#breadcrumb\",\"itemListElement\":[{\"@type\":\"ListItem\",\"position\":1,\"name\":\"Home\",\"item\":\"https:\/\/www.pompecucchi.it\/es\/\"},{\"@type\":\"ListItem\",\"position\":2,\"name\":\"SOCIEDAD\"}]},{\"@type\":\"WebSite\",\"@id\":\"https:\/\/www.pompecucchi.it\/es\/#website\",\"url\":\"https:\/\/www.pompecucchi.it\/es\/\",\"name\":\"Pompe Cucchi\",\"description\":\"Pompe Cucchi\",\"potentialAction\":[{\"@type\":\"SearchAction\",\"target\":{\"@type\":\"EntryPoint\",\"urlTemplate\":\"https:\/\/www.pompecucchi.it\/es\/?s={search_term_string}\"},\"query-input\":{\"@type\":\"PropertyValueSpecification\",\"valueRequired\":true,\"valueName\":\"search_term_string\"}}],\"inLanguage\":\"es\"}]}<\/script>\n<!-- \/ Yoast SEO plugin. -->","yoast_head_json":{"title":"Asistencia T\u00e9cnica Para Bombas Dosificadoras | Pompe Cucchi","description":"Pompe Cucchi proporciona asistencia t\u00e9cnica para bombas dosificadoras de fluidos, incluso no lubricantes y con viscosidad muy baja a presiones elevadas.","robots":{"index":"index","follow":"follow","max-snippet":"max-snippet:-1","max-image-preview":"max-image-preview:large","max-video-preview":"max-video-preview:-1"},"canonical":"https:\/\/www.pompecucchi.it\/es\/asistencia-tecnica-bombas-dosificadoras\/","og_locale":"es_ES","og_type":"article","og_title":"Asistencia T\u00e9cnica Para Bombas Dosificadoras | Pompe Cucchi","og_description":"Pompe Cucchi proporciona asistencia t\u00e9cnica para bombas dosificadoras de fluidos, incluso no lubricantes y con viscosidad muy baja a presiones elevadas.","og_url":"https:\/\/www.pompecucchi.it\/es\/asistencia-tecnica-bombas-dosificadoras\/","og_site_name":"Pompe Cucchi","article_modified_time":"2026-02-19T14:11:48+00:00","twitter_card":"summary_large_image","twitter_misc":{"Tiempo de lectura":"4 minutos"},"schema":{"@context":"https:\/\/schema.org","@graph":[{"@type":"WebPage","@id":"https:\/\/www.pompecucchi.it\/es\/asistencia-tecnica-bombas-dosificadoras\/","url":"https:\/\/www.pompecucchi.it\/es\/asistencia-tecnica-bombas-dosificadoras\/","name":"Asistencia T\u00e9cnica Para Bombas Dosificadoras | Pompe Cucchi","isPartOf":{"@id":"https:\/\/www.pompecucchi.it\/es\/#website"},"datePublished":"2026-02-04T15:47:14+00:00","dateModified":"2026-02-19T14:11:48+00:00","description":"Pompe Cucchi proporciona asistencia t\u00e9cnica para bombas dosificadoras de fluidos, incluso no lubricantes y con viscosidad muy baja a presiones elevadas.","breadcrumb":{"@id":"https:\/\/www.pompecucchi.it\/es\/asistencia-tecnica-bombas-dosificadoras\/#breadcrumb"},"inLanguage":"es","potentialAction":[{"@type":"ReadAction","target":["https:\/\/www.pompecucchi.it\/es\/asistencia-tecnica-bombas-dosificadoras\/"]}]},{"@type":"BreadcrumbList","@id":"https:\/\/www.pompecucchi.it\/es\/asistencia-tecnica-bombas-dosificadoras\/#breadcrumb","itemListElement":[{"@type":"ListItem","position":1,"name":"Home","item":"https:\/\/www.pompecucchi.it\/es\/"},{"@type":"ListItem","position":2,"name":"SOCIEDAD"}]},{"@type":"WebSite","@id":"https:\/\/www.pompecucchi.it\/es\/#website","url":"https:\/\/www.pompecucchi.it\/es\/","name":"Pompe Cucchi","description":"Pompe Cucchi","potentialAction":[{"@type":"SearchAction","target":{"@type":"EntryPoint","urlTemplate":"https:\/\/www.pompecucchi.it\/es\/?s={search_term_string}"},"query-input":{"@type":"PropertyValueSpecification","valueRequired":true,"valueName":"search_term_string"}}],"inLanguage":"es"}]}},"_links":{"self":[{"href":"https:\/\/www.pompecucchi.it\/es\/wp-json\/wp\/v2\/pages\/22675"}],"collection":[{"href":"https:\/\/www.pompecucchi.it\/es\/wp-json\/wp\/v2\/pages"}],"about":[{"href":"https:\/\/www.pompecucchi.it\/es\/wp-json\/wp\/v2\/types\/page"}],"author":[{"embeddable":true,"href":"https:\/\/www.pompecucchi.it\/es\/wp-json\/wp\/v2\/users\/1"}],"replies":[{"embeddable":true,"href":"https:\/\/www.pompecucchi.it\/es\/wp-json\/wp\/v2\/comments?post=22675"}],"version-history":[{"count":8,"href":"https:\/\/www.pompecucchi.it\/es\/wp-json\/wp\/v2\/pages\/22675\/revisions"}],"predecessor-version":[{"id":22923,"href":"https:\/\/www.pompecucchi.it\/es\/wp-json\/wp\/v2\/pages\/22675\/revisions\/22923"}],"wp:attachment":[{"href":"https:\/\/www.pompecucchi.it\/es\/wp-json\/wp\/v2\/media?parent=22675"}],"curies":[{"name":"wp","href":"https:\/\/api.w.org\/{rel}","templated":true}]}}