{"id":22692,"date":"2026-02-04T17:17:39","date_gmt":"2026-02-04T16:17:39","guid":{"rendered":"https:\/\/www.pompecucchi.it\/tecnologia\/"},"modified":"2026-02-19T15:11:09","modified_gmt":"2026-02-19T14:11:09","slug":"tecnologia","status":"publish","type":"page","link":"https:\/\/www.pompecucchi.it\/es\/diseno-cad-bombas-industriales\/","title":{"rendered":"Tecnologia"},"content":{"rendered":"<p>[vc_row css_animation=\u00bb\u00bb row_type=\u00bbrow\u00bb use_row_as_full_screen_section=\u00bbno\u00bb type=\u00bbfull_width\u00bb angled_section=\u00bbno\u00bb text_align=\u00bbcenter\u00bb background_image_as_pattern=\u00bbwithout_pattern\u00bb el_class=\u00bbtitolo-pagina\u00bb z_index=\u00bb\u00bb background_image=\u00bb16461&#8243; padding_top=\u00bb100&#8243; padding_bottom=\u00bb100&#8243;][vc_column width=\u00bb1\/6&#8243;][\/vc_column][vc_column width=\u00bb2\/3&#8243;][vc_column_text]<\/p>\n<h3 style=\"text-align: center; color: #fff; font-size: 30px;\">TECNOLOG\u00cdA<\/h3>\n<p>[\/vc_column_text][\/vc_column][vc_column width=\u00bb1\/6&#8243;][\/vc_column][\/vc_row][vc_row css_animation=\u00bb\u00bb row_type=\u00bbrow\u00bb use_row_as_full_screen_section=\u00bbno\u00bb type=\u00bbgrid\u00bb angled_section=\u00bbno\u00bb text_align=\u00bbleft\u00bb background_image_as_pattern=\u00bbwithout_pattern\u00bb z_index=\u00bb\u00bb el_class=\u00bbpadding-mobile-2&#8243; padding_top=\u00bb50&#8243; padding_bottom=\u00bb50&#8243;][vc_column width=\u00bb1\/6&#8243;][\/vc_column][vc_column width=\u00bb2\/3&#8243;][vc_column_text]<\/p>\n<p style=\"text-align: center; font-weight: 600; font-size: 18px;\">El dise\u00f1o se conf\u00eda a un equipo de ingenieros altamente cualificados, que utilizan estaciones CAD de \u00faltima generaci\u00f3n. Estas herramientas de \u00faltima generaci\u00f3n se actualizan constantemente para seguir el ritmo de la evoluci\u00f3n del software, garantizando as\u00ed soluciones innovadoras de excelencia t\u00e9cnica.<\/p>\n<p>[\/vc_column_text][\/vc_column][vc_column width=\u00bb1\/6&#8243;][\/vc_column][\/vc_row][vc_row css_animation=\u00bb\u00bb row_type=\u00bbrow\u00bb use_row_as_full_screen_section=\u00bbno\u00bb type=\u00bbgrid\u00bb angled_section=\u00bbno\u00bb text_align=\u00bbleft\u00bb background_image_as_pattern=\u00bbwithout_pattern\u00bb padding_top=\u00bb87&#8243; z_index=\u00bb\u00bb el_class=\u00bbpadding-mobile-2&#8243; padding_bottom=\u00bb87&#8243; background_color=\u00bb#ffffff\u00bb][vc_column][qode_elements_holder number_of_columns=\u00bbtwo_columns\u00bb switch_to_one_column=\u00bb768&#8243;][qode_elements_holder_item vertical_alignment=\u00bbmiddle\u00bb advanced_animations=\u00bbno\u00bb][vc_single_image image=\u00bb20009&#8243; img_size=\u00bbfull\u00bb qode_css_animation=\u00bb\u00bb transition_delay=\u00bb0.3&#8243;][\/qode_elements_holder_item][qode_elements_holder_item vertical_alignment=\u00bbmiddle\u00bb advanced_animations=\u00bbno\u00bb item_padding=\u00bb0 0 0 50px\u00bb item_padding_600_768=\u00bb50px 0 0 0&#8243; item_padding_480_600=\u00bb50px 0 0 0&#8243; item_padding_480=\u00bb50px 0 0 0&#8243;][vc_column_text]<\/p>\n<h3 style=\"text-align: left;\">PRODUCCI\u00d3N<\/h3>\n<p>[\/vc_column_text][vc_separator type=\u00bbsmall\u00bb position=\u00bbleft\u00bb down=\u00bb34&#8243; up=\u00bb7&#8243;][vc_column_text]<\/p>\n<p style=\"text-align: justify; font-weight: 600;\">Pompe Cucchi ha presentado un nuevo centro de mecanizado CNC de 18 paletas capaz de trabajar 24 horas al d\u00eda, incluso sin personal, utilizando un software de supervisi\u00f3n para la gesti\u00f3n, el control y la integraci\u00f3n de los sistemas de producci\u00f3n MCM.<\/p>\n<p>[\/vc_column_text][\/qode_elements_holder_item][\/qode_elements_holder][vc_empty_space][vc_column_text]Esta m\u00e1quina, que cuenta con un almac\u00e9n robotizado de 400 herramientas y un supervisor de \u00faltima generaci\u00f3n, aporta las siguientes ventajas a la producci\u00f3n:<\/p>\n<ul class=\"elenco-tre\">\n<li>aumentar la productividad de la planta<\/li>\n<li>garantizar el cumplimiento de los plazos de entrega de los pedidos acordados con los clientes<\/li>\n<li>elasticidad de la producci\u00f3n al cambiar de un proceso a otro en tiempo real<\/li>\n<li>mejorar la calidad del producto<\/li>\n<li>alta precisi\u00f3n y repetibilidad en el mecanizado.<\/li>\n<\/ul>\n<p><strong>Las caracter\u00edsticas t\u00e9cnicas m\u00e1s destacadas de este centro CNC son:<\/strong><\/p>\n<div class=\"elenco-uno\">\n<ul>\n<li>Carrera del eje X = 1.200 mm<\/li>\n<li>Carrera del eje Y = 850 mm<\/li>\n<li>Carrera del eje Z = 850 mm<\/li>\n<li>Di\u00e1metro de rotaci\u00f3n de la herramienta = 1.200 mm<\/li>\n<li>Avances r\u00e1pidos eje X-Z: 75 m\/min<\/li>\n<li>Avance r\u00e1pido eje Y : 60 m\/min<\/li>\n<li>Avance r\u00e1pido del eje B : 50 rpm<\/li>\n<\/ul>\n<\/div>\n<div class=\"elenco-due\">\n<ul>\n<li>Impulsi\u00f3n en los ejes : 30.000 N<\/li>\n<li>Electromandril de 8.000rpm ISO50 487Nm 60kW<\/li>\n<li>Plato giratorio continuo 3.600.000 posiciones<\/li>\n<li>Multipal\u00e9 con N\u00b025 pal\u00e9s 630\u00d7630<\/li>\n<li>Almac\u00e9n de herramientas de 399 plazas<\/li>\n<li>Control num\u00e9rico Fanuc 16i-MB<\/li>\n<li>Supervisor del \u00e1rea de trabajo MCM j-FMX<\/li>\n<\/ul>\n<\/div>\n<p>[\/vc_column_text][\/vc_column][\/vc_row][vc_row css_animation=\u00bb\u00bb row_type=\u00bbrow\u00bb use_row_as_full_screen_section=\u00bbno\u00bb type=\u00bbgrid\u00bb angled_section=\u00bbno\u00bb text_align=\u00bbleft\u00bb background_image_as_pattern=\u00bbwithout_pattern\u00bb padding_top=\u00bb87&#8243; z_index=\u00bb\u00bb el_class=\u00bbpadding-mobile-2&#8243; padding_bottom=\u00bb87&#8243;][vc_column][qode_elements_holder number_of_columns=\u00bbtwo_columns\u00bb columns_proportion=\u00bb66_33&#8243; switch_to_one_column=\u00bb768&#8243;][qode_elements_holder_item vertical_alignment=\u00bbmiddle\u00bb advanced_animations=\u00bbno\u00bb item_padding=\u00bb0 50px 0 0&#8243; item_padding_600_768=\u00bb0 0 50px 0&#8243; item_padding_480_600=\u00bb0 0 50px 0&#8243; item_padding_480=\u00bb0 0 50px 0&#8243;][vc_column_text]<\/p>\n<h3 style=\"text-align: left;\">MATERIALES ESPECIALES<\/h3>\n<p>[\/vc_column_text][vc_separator type=\u00bbsmall\u00bb position=\u00bbleft\u00bb down=\u00bb34&#8243; up=\u00bb7&#8243;][vc_column_text]<\/p>\n<p style=\"text-align: justify; font-weight: 600; font-size: 16px;\">El desarrollo continuo del dise\u00f1o y la b\u00fasqueda de materiales innovadores nos han permitido fabricar bombas en AISI 316L, titanio y Hastelloy C.<\/p>\n<p>Los dise\u00f1os pueden personalizarse con la instalaci\u00f3n de cierres mec\u00e1nicos sencillos, dobles en t\u00e1ndem, dobles back-to-back y sistemas de arrastre magn\u00e9tico, tambi\u00e9n en cumplimiento de la normativa ATEX.<\/p>\n<p>Adem\u00e1s, hemos desarrollado soluciones avanzadas para la inserci\u00f3n de casquillos y arandelas de carburo de tungsteno, as\u00ed como ejes recubiertos de \u00f3xido de cromo en determinadas bombas dosificadoras de la serie N. Estas bombas est\u00e1n dise\u00f1adas espec\u00edficamente para dosificar productos ligeramente abrasivos, lo que garantiza una mayor eficacia y una vida \u00fatil m\u00e1s larga.[\/vc_column_text][\/qode_elements_holder_item][qode_elements_holder_item vertical_alignment=\u00bbmiddle\u00bb advanced_animations=\u00bbno\u00bb][vc_single_image image=\u00bb20008&#8243; img_size=\u00bbfull\u00bb qode_css_animation=\u00bb\u00bb transition_delay=\u00bb0.3&#8243;][\/qode_elements_holder_item][\/qode_elements_holder][\/vc_column][\/vc_row][vc_row css_animation=\u00bb\u00bb row_type=\u00bbrow\u00bb use_row_as_full_screen_section=\u00bbno\u00bb type=\u00bbgrid\u00bb angled_section=\u00bbno\u00bb text_align=\u00bbleft\u00bb background_image_as_pattern=\u00bbwithout_pattern\u00bb padding_top=\u00bb87&#8243; z_index=\u00bb\u00bb el_class=\u00bbpadding-mobile-2&#8243; padding_bottom=\u00bb87&#8243; background_color=\u00bb#ffffff\u00bb][vc_column][qode_elements_holder number_of_columns=\u00bbtwo_columns\u00bb switch_to_one_column=\u00bb768&#8243;][qode_elements_holder_item vertical_alignment=\u00bbmiddle\u00bb advanced_animations=\u00bbno\u00bb][vc_single_image image=\u00bb20006&#8243; img_size=\u00bbfull\u00bb qode_css_animation=\u00bb\u00bb transition_delay=\u00bb0.3&#8243;][\/qode_elements_holder_item][qode_elements_holder_item vertical_alignment=\u00bbmiddle\u00bb advanced_animations=\u00bbno\u00bb item_padding=\u00bb0 0 0 50px\u00bb item_padding_600_768=\u00bb50px 0 0 0&#8243; item_padding_480_600=\u00bb50px 0 0 0&#8243; item_padding_480=\u00bb50px 0 0 0&#8243;][vc_column_text]<\/p>\n<h3 style=\"text-align: left;\">TRATAMIENTOS<\/h3>\n<p>[\/vc_column_text][vc_separator type=\u00bbsmall\u00bb position=\u00bbleft\u00bb down=\u00bb34&#8243; up=\u00bb7&#8243;][vc_column_text]<\/p>\n<p style=\"text-align: justify; font-weight: 600; font-size: 16px;\">Nuevos tratamientos termoqu\u00edmicos.<\/p>\n<p>Los nuevos tratamientos termoqu\u00edmicos han conferido a los engranajes y ejes de determinadas series de bombas una extraordinaria dureza superficial de hasta 4000 Vickers. Esta innovaci\u00f3n ha abierto el camino a nuevas aplicaciones que hace unos a\u00f1os se consideraban imposibles, ampliando enormemente el potencial y el rendimiento de estos componentes mec\u00e1nicos.[\/vc_column_text][\/qode_elements_holder_item][\/qode_elements_holder][\/vc_column][\/vc_row][vc_row css_animation=\u00bb\u00bb row_type=\u00bbrow\u00bb use_row_as_full_screen_section=\u00bbno\u00bb type=\u00bbgrid\u00bb angled_section=\u00bbno\u00bb text_align=\u00bbleft\u00bb background_image_as_pattern=\u00bbwithout_pattern\u00bb padding_top=\u00bb87&#8243; z_index=\u00bb\u00bb el_class=\u00bbpadding-mobile-2&#8243; padding_bottom=\u00bb87&#8243;][vc_column][qode_elements_holder number_of_columns=\u00bbtwo_columns\u00bb switch_to_one_column=\u00bb768&#8243;][qode_elements_holder_item vertical_alignment=\u00bbmiddle\u00bb advanced_animations=\u00bbno\u00bb item_padding=\u00bb0 50px 0 0&#8243; item_padding_600_768=\u00bb0 0 50px 0&#8243; item_padding_480_600=\u00bb0 0 50px 0&#8243; item_padding_480=\u00bb0 0 50px 0&#8243;][vc_column_text]<\/p>\n<h3 style=\"text-align: left;\">COMPROBACIONES<\/h3>\n<p>[\/vc_column_text][vc_separator type=\u00bbsmall\u00bb position=\u00bbleft\u00bb down=\u00bb34&#8243; up=\u00bb7&#8243;][vc_column_text]<\/p>\n<p style=\"text-align: justify; font-weight: 600; font-size: 16px;\">Todas las bombas se someten a pruebas hidr\u00e1ulicas.<\/p>\n<p>El taller est\u00e1 equipado con un banco de pruebas de bombas con el software adecuado para medir, visualizar e imprimir los distintos par\u00e1metros hidr\u00e1ulicos y el\u00e9ctricos.[\/vc_column_text][\/qode_elements_holder_item][qode_elements_holder_item vertical_alignment=\u00bbmiddle\u00bb advanced_animations=\u00bbno\u00bb][vc_single_image image=\u00bb19486&#8243; img_size=\u00bbfull\u00bb qode_css_animation=\u00bb\u00bb transition_delay=\u00bb0.3&#8243;][\/qode_elements_holder_item][\/qode_elements_holder][\/vc_column][\/vc_row][vc_row css_animation=\u00bb\u00bb row_type=\u00bbrow\u00bb use_row_as_full_screen_section=\u00bbno\u00bb type=\u00bbgrid\u00bb angled_section=\u00bbno\u00bb text_align=\u00bbleft\u00bb background_image_as_pattern=\u00bbwithout_pattern\u00bb padding_top=\u00bb87&#8243; z_index=\u00bb\u00bb el_class=\u00bbpadding-mobile-2&#8243; padding_bottom=\u00bb87&#8243; background_color=\u00bb#ffffff\u00bb][vc_column][qode_elements_holder number_of_columns=\u00bbtwo_columns\u00bb switch_to_one_column=\u00bb768&#8243;][qode_elements_holder_item vertical_alignment=\u00bbmiddle\u00bb advanced_animations=\u00bbno\u00bb][vc_single_image image=\u00bb20007&#8243; img_size=\u00bbfull\u00bb qode_css_animation=\u00bb\u00bb transition_delay=\u00bb0.3&#8243;][\/qode_elements_holder_item][qode_elements_holder_item vertical_alignment=\u00bbmiddle\u00bb advanced_animations=\u00bbno\u00bb item_padding=\u00bb0 0 0 50px\u00bb item_padding_600_768=\u00bb50px 0 0 0&#8243; item_padding_480_600=\u00bb50px 0 0 0&#8243; item_padding_480=\u00bb50px 0 0 0&#8243;][vc_column_text]<\/p>\n<h3 style=\"text-align: left;\">FORMACI\u00d3N<\/h3>\n<p>[\/vc_column_text][vc_separator type=\u00bbsmall\u00bb position=\u00bbleft\u00bb down=\u00bb34&#8243; up=\u00bb7&#8243;][vc_column_text]<\/p>\n<p style=\"text-align: justify; font-weight: 600; font-size: 16px;\">Configurador 3D visible en estereoscop\u00eda con gafas pasivas<\/p>\n<p>La formaci\u00f3n de los ingenieros de ventas de nuestros distribuidores o de los clientes que deseen solicitar este servicio se conf\u00eda a un configurador 3D que puede visualizarse en estereoscop\u00eda con gafas pasivas, lo que permite ver y desmenuzar la bomba completa, as\u00ed como el montaje y desmontaje de todas las familias de bombas que fabricamos. Este configurador tambi\u00e9n muestra m\u00f3dulos explicativos sobre los fen\u00f3menos de cavitaci\u00f3n y ejemplos de disposici\u00f3n de una planta de dosificaci\u00f3n.[\/vc_column_text][\/qode_elements_holder_item][\/qode_elements_holder][\/vc_column][\/vc_row]<\/p>\n","protected":false},"excerpt":{"rendered":"<p>[vc_row css_animation=\u00bb\u00bb row_type=\u00bbrow\u00bb use_row_as_full_screen_section=\u00bbno\u00bb type=\u00bbfull_width\u00bb angled_section=\u00bbno\u00bb text_align=\u00bbcenter\u00bb background_image_as_pattern=\u00bbwithout_pattern\u00bb el_class=\u00bbtitolo-pagina\u00bb z_index=\u00bb\u00bb background_image=\u00bb16461&#8243; padding_top=\u00bb100&#8243; padding_bottom=\u00bb100&#8243;][vc_column width=\u00bb1\/6&#8243;][\/vc_column][vc_column width=\u00bb2\/3&#8243;][vc_column_text] TECNOLOG\u00cdA [\/vc_column_text][\/vc_column][vc_column width=\u00bb1\/6&#8243;][\/vc_column][\/vc_row][vc_row css_animation=\u00bb\u00bb row_type=\u00bbrow\u00bb use_row_as_full_screen_section=\u00bbno\u00bb&#8230;<\/p>\n","protected":false},"author":1,"featured_media":0,"parent":0,"menu_order":0,"comment_status":"closed","ping_status":"closed","template":"full_width.php","meta":{"footnotes":""},"yoast_head":"<!-- This site is optimized with the Yoast SEO plugin v23.5 - https:\/\/yoast.com\/wordpress\/plugins\/seo\/ -->\n<title>Dise\u00f1o CAD de bombas industriales | Pompe Cucchi<\/title>\n<meta name=\"description\" content=\"Para el dise\u00f1o CAD de bombas industriales, los ingenieros de Pompe Cucchi utilizan software de alta tecnolog\u00eda de \u00faltima generaci\u00f3n.\" \/>\n<meta name=\"robots\" content=\"index, follow, max-snippet:-1, max-image-preview:large, max-video-preview:-1\" \/>\n<link rel=\"canonical\" href=\"https:\/\/www.pompecucchi.it\/es\/diseno-cad-bombas-industriales\/\" \/>\n<meta property=\"og:locale\" content=\"es_ES\" \/>\n<meta property=\"og:type\" content=\"article\" \/>\n<meta property=\"og:title\" content=\"Dise\u00f1o CAD de bombas industriales | Pompe Cucchi\" \/>\n<meta property=\"og:description\" content=\"Para el dise\u00f1o CAD de bombas industriales, los ingenieros de Pompe Cucchi utilizan software de alta tecnolog\u00eda de \u00faltima generaci\u00f3n.\" \/>\n<meta property=\"og:url\" content=\"https:\/\/www.pompecucchi.it\/es\/diseno-cad-bombas-industriales\/\" \/>\n<meta property=\"og:site_name\" content=\"Pompe Cucchi\" \/>\n<meta property=\"article:modified_time\" content=\"2026-02-19T14:11:09+00:00\" \/>\n<meta name=\"twitter:card\" content=\"summary_large_image\" \/>\n<meta name=\"twitter:label1\" content=\"Tiempo de lectura\" \/>\n\t<meta name=\"twitter:data1\" content=\"5 minutos\" \/>\n<script type=\"application\/ld+json\" class=\"yoast-schema-graph\">{\"@context\":\"https:\/\/schema.org\",\"@graph\":[{\"@type\":\"WebPage\",\"@id\":\"https:\/\/www.pompecucchi.it\/es\/diseno-cad-bombas-industriales\/\",\"url\":\"https:\/\/www.pompecucchi.it\/es\/diseno-cad-bombas-industriales\/\",\"name\":\"Dise\u00f1o CAD de bombas industriales | Pompe Cucchi\",\"isPartOf\":{\"@id\":\"https:\/\/www.pompecucchi.it\/es\/#website\"},\"datePublished\":\"2026-02-04T16:17:39+00:00\",\"dateModified\":\"2026-02-19T14:11:09+00:00\",\"description\":\"Para el dise\u00f1o CAD de bombas industriales, los ingenieros de Pompe Cucchi utilizan software de alta tecnolog\u00eda de \u00faltima generaci\u00f3n.\",\"breadcrumb\":{\"@id\":\"https:\/\/www.pompecucchi.it\/es\/diseno-cad-bombas-industriales\/#breadcrumb\"},\"inLanguage\":\"es\",\"potentialAction\":[{\"@type\":\"ReadAction\",\"target\":[\"https:\/\/www.pompecucchi.it\/es\/diseno-cad-bombas-industriales\/\"]}]},{\"@type\":\"BreadcrumbList\",\"@id\":\"https:\/\/www.pompecucchi.it\/es\/diseno-cad-bombas-industriales\/#breadcrumb\",\"itemListElement\":[{\"@type\":\"ListItem\",\"position\":1,\"name\":\"Home\",\"item\":\"https:\/\/www.pompecucchi.it\/es\/\"},{\"@type\":\"ListItem\",\"position\":2,\"name\":\"Tecnologia\"}]},{\"@type\":\"WebSite\",\"@id\":\"https:\/\/www.pompecucchi.it\/es\/#website\",\"url\":\"https:\/\/www.pompecucchi.it\/es\/\",\"name\":\"Pompe Cucchi\",\"description\":\"Pompe Cucchi\",\"potentialAction\":[{\"@type\":\"SearchAction\",\"target\":{\"@type\":\"EntryPoint\",\"urlTemplate\":\"https:\/\/www.pompecucchi.it\/es\/?s={search_term_string}\"},\"query-input\":{\"@type\":\"PropertyValueSpecification\",\"valueRequired\":true,\"valueName\":\"search_term_string\"}}],\"inLanguage\":\"es\"}]}<\/script>\n<!-- \/ Yoast SEO plugin. -->","yoast_head_json":{"title":"Dise\u00f1o CAD de bombas industriales | Pompe Cucchi","description":"Para el dise\u00f1o CAD de bombas industriales, los ingenieros de Pompe Cucchi utilizan software de alta tecnolog\u00eda de \u00faltima generaci\u00f3n.","robots":{"index":"index","follow":"follow","max-snippet":"max-snippet:-1","max-image-preview":"max-image-preview:large","max-video-preview":"max-video-preview:-1"},"canonical":"https:\/\/www.pompecucchi.it\/es\/diseno-cad-bombas-industriales\/","og_locale":"es_ES","og_type":"article","og_title":"Dise\u00f1o CAD de bombas industriales | Pompe Cucchi","og_description":"Para el dise\u00f1o CAD de bombas industriales, los ingenieros de Pompe Cucchi utilizan software de alta tecnolog\u00eda de \u00faltima generaci\u00f3n.","og_url":"https:\/\/www.pompecucchi.it\/es\/diseno-cad-bombas-industriales\/","og_site_name":"Pompe Cucchi","article_modified_time":"2026-02-19T14:11:09+00:00","twitter_card":"summary_large_image","twitter_misc":{"Tiempo de lectura":"5 minutos"},"schema":{"@context":"https:\/\/schema.org","@graph":[{"@type":"WebPage","@id":"https:\/\/www.pompecucchi.it\/es\/diseno-cad-bombas-industriales\/","url":"https:\/\/www.pompecucchi.it\/es\/diseno-cad-bombas-industriales\/","name":"Dise\u00f1o CAD de bombas industriales | Pompe Cucchi","isPartOf":{"@id":"https:\/\/www.pompecucchi.it\/es\/#website"},"datePublished":"2026-02-04T16:17:39+00:00","dateModified":"2026-02-19T14:11:09+00:00","description":"Para el dise\u00f1o CAD de bombas industriales, los ingenieros de Pompe Cucchi utilizan software de alta tecnolog\u00eda de \u00faltima generaci\u00f3n.","breadcrumb":{"@id":"https:\/\/www.pompecucchi.it\/es\/diseno-cad-bombas-industriales\/#breadcrumb"},"inLanguage":"es","potentialAction":[{"@type":"ReadAction","target":["https:\/\/www.pompecucchi.it\/es\/diseno-cad-bombas-industriales\/"]}]},{"@type":"BreadcrumbList","@id":"https:\/\/www.pompecucchi.it\/es\/diseno-cad-bombas-industriales\/#breadcrumb","itemListElement":[{"@type":"ListItem","position":1,"name":"Home","item":"https:\/\/www.pompecucchi.it\/es\/"},{"@type":"ListItem","position":2,"name":"Tecnologia"}]},{"@type":"WebSite","@id":"https:\/\/www.pompecucchi.it\/es\/#website","url":"https:\/\/www.pompecucchi.it\/es\/","name":"Pompe Cucchi","description":"Pompe Cucchi","potentialAction":[{"@type":"SearchAction","target":{"@type":"EntryPoint","urlTemplate":"https:\/\/www.pompecucchi.it\/es\/?s={search_term_string}"},"query-input":{"@type":"PropertyValueSpecification","valueRequired":true,"valueName":"search_term_string"}}],"inLanguage":"es"}]}},"_links":{"self":[{"href":"https:\/\/www.pompecucchi.it\/es\/wp-json\/wp\/v2\/pages\/22692"}],"collection":[{"href":"https:\/\/www.pompecucchi.it\/es\/wp-json\/wp\/v2\/pages"}],"about":[{"href":"https:\/\/www.pompecucchi.it\/es\/wp-json\/wp\/v2\/types\/page"}],"author":[{"embeddable":true,"href":"https:\/\/www.pompecucchi.it\/es\/wp-json\/wp\/v2\/users\/1"}],"replies":[{"embeddable":true,"href":"https:\/\/www.pompecucchi.it\/es\/wp-json\/wp\/v2\/comments?post=22692"}],"version-history":[{"count":3,"href":"https:\/\/www.pompecucchi.it\/es\/wp-json\/wp\/v2\/pages\/22692\/revisions"}],"predecessor-version":[{"id":22922,"href":"https:\/\/www.pompecucchi.it\/es\/wp-json\/wp\/v2\/pages\/22692\/revisions\/22922"}],"wp:attachment":[{"href":"https:\/\/www.pompecucchi.it\/es\/wp-json\/wp\/v2\/media?parent=22692"}],"curies":[{"name":"wp","href":"https:\/\/api.w.org\/{rel}","templated":true}]}}