{"id":22695,"date":"2026-02-04T17:33:43","date_gmt":"2026-02-04T16:33:43","guid":{"rendered":"https:\/\/www.pompecucchi.it\/diseno\/"},"modified":"2026-02-19T15:10:33","modified_gmt":"2026-02-19T14:10:33","slug":"diseno","status":"publish","type":"page","link":"https:\/\/www.pompecucchi.it\/es\/diseno-de-bombas-industriales-personalizadas\/","title":{"rendered":"DISE\u00d1O"},"content":{"rendered":"<p>[vc_row css_animation=\u00bb\u00bb row_type=\u00bbrow\u00bb use_row_as_full_screen_section=\u00bbno\u00bb type=\u00bbfull_width\u00bb angled_section=\u00bbno\u00bb text_align=\u00bbcenter\u00bb background_image_as_pattern=\u00bbwithout_pattern\u00bb el_class=\u00bbtitolo-pagina\u00bb z_index=\u00bb\u00bb background_image=\u00bb16461&#8243; padding_top=\u00bb100&#8243; padding_bottom=\u00bb100&#8243;][vc_column width=\u00bb1\/6&#8243;][\/vc_column][vc_column width=\u00bb2\/3&#8243;][vc_column_text]<\/p>\n<h3 style=\"text-align: center; color: #fff; font-size: 30px;\">DISE\u00d1O<\/h3>\n<p>[\/vc_column_text][\/vc_column][vc_column width=\u00bb1\/6&#8243;][\/vc_column][\/vc_row][vc_row css_animation=\u00bb\u00bb row_type=\u00bbrow\u00bb use_row_as_full_screen_section=\u00bbno\u00bb type=\u00bbgrid\u00bb angled_section=\u00bbno\u00bb text_align=\u00bbleft\u00bb background_image_as_pattern=\u00bbwithout_pattern\u00bb padding_top=\u00bb87&#8243; z_index=\u00bb\u00bb el_class=\u00bbpadding-mobile-2&#8243; padding_bottom=\u00bb87&#8243;][vc_column][qode_elements_holder number_of_columns=\u00bbtwo_columns\u00bb switch_to_one_column=\u00bb768&#8243;][qode_elements_holder_item vertical_alignment=\u00bbmiddle\u00bb advanced_animations=\u00bbno\u00bb][vc_single_image image=\u00bb19492&#8243; img_size=\u00bbfull\u00bb qode_css_animation=\u00bb\u00bb transition_delay=\u00bb0.3&#8243;][\/qode_elements_holder_item][qode_elements_holder_item vertical_alignment=\u00bbmiddle\u00bb advanced_animations=\u00bbno\u00bb item_padding=\u00bb0 0 0 50px\u00bb item_padding_600_768=\u00bb50px 0 0 0&#8243; item_padding_480_600=\u00bb50px 0 0 0&#8243; item_padding_480=\u00bb50px 0 0 0&#8243;][vc_column_text]<\/p>\n<div class=\"flex-shrink-0 flex flex-col relative items-end\">\n<div>\n<div class=\"pt-0.5 juice:pt-0\">\n<div class=\"gizmo-bot-avatar flex h-6 w-6 items-center justify-center overflow-hidden rounded-full juice:h-8 juice:w-8\">\n<div class=\"relative p-1 rounded-sm flex items-center justify-center bg-token-main-surface-primary text-token-text-primary h-8 w-8\"><\/div>\n<\/div>\n<\/div>\n<\/div>\n<\/div>\n<div class=\"group\/conversation-turn relative flex w-full min-w-0 flex-col agent-turn\">\n<div class=\"flex-col gap-1 md:gap-3\">\n<div class=\"flex flex-grow flex-col max-w-full\">\n<div class=\"min-h-[20px] text-message flex flex-col items-start whitespace-pre-wrap break-words [.text-message+&amp;]:mt-5 juice:w-full juice:items-end overflow-x-auto gap-2\" dir=\"auto\" data-message-author-role=\"assistant\" data-message-id=\"c49148b0-8217-44f3-a9cb-f72b28f600e3\">\n<div class=\"flex w-full flex-col gap-1 juice:empty:hidden juice:first:pt-[3px]\">\n<div class=\"markdown prose w-full break-words dark:prose-invert light\">\n<p><strong> Para el dise\u00f1o de nuevos modelos de bombas y el desarrollo de los existentes, contamos con numerosas y valiosas aportaciones que garantizan la innovaci\u00f3n y fiabilidad de nuestros productos:<\/strong><\/p>\n<ul>\n<li><strong> Archivo de datos evolutivos: Una base de datos basada en experiencias pasadas y actualizada continuamente con los comentarios de las \u00faltimas implantaciones nos permite mejorar constantemente la calidad y el rendimiento de nuestras bombas.<\/strong><\/li>\n<li><strong> Monitorizaci\u00f3n de materiales avanzados: El seguimiento constante de los nuevos materiales y tratamientos metal\u00fargicos disponibles nos permite integrar las tecnolog\u00edas m\u00e1s avanzadas y garantizar la m\u00e1xima resistencia y durabilidad de nuestros productos.<\/strong><\/li>\n<li><strong> Tecnolog\u00eda de dise\u00f1o de vanguardia: Utilizamos modernas estaciones de trabajo equipadas con los \u00faltimos programas de simulaci\u00f3n mec\u00e1nica y dise\u00f1o tridimensional (FEM, CAD). Estas sofisticadas herramientas nos permiten reducir considerablemente el tiempo necesario para la creaci\u00f3n de prototipos y la realizaci\u00f3n de pruebas, al tiempo que garantizan una precisi\u00f3n de dise\u00f1o inigualable. <\/strong><\/li>\n<li><strong> Verificaci\u00f3n del banco de pruebas hidr\u00e1ulico: Las pruebas hidr\u00e1ulicas en banco de los principales par\u00e1metros de dise\u00f1o son un paso clave para garantizar que cada bomba cumple los m\u00e1s altos est\u00e1ndares de eficiencia y fiabilidad. <\/strong><\/li>\n<\/ul>\n<p>Gracias a estas herramientas y m\u00e9todos avanzados, podemos ofrecer soluciones innovadoras que satisfacen los requisitos m\u00e1s exigentes del mercado, garantizando al mismo tiempo la m\u00e1xima calidad y seguridad.<\/p>\n<\/div>\n<\/div>\n<\/div>\n<\/div>\n<\/div>\n<\/div>\n<p>[\/vc_column_text][\/qode_elements_holder_item][\/qode_elements_holder][\/vc_column][\/vc_row]<\/p>\n","protected":false},"excerpt":{"rendered":"<p>[vc_row css_animation=\u00bb\u00bb row_type=\u00bbrow\u00bb use_row_as_full_screen_section=\u00bbno\u00bb type=\u00bbfull_width\u00bb angled_section=\u00bbno\u00bb text_align=\u00bbcenter\u00bb background_image_as_pattern=\u00bbwithout_pattern\u00bb el_class=\u00bbtitolo-pagina\u00bb z_index=\u00bb\u00bb background_image=\u00bb16461&#8243; padding_top=\u00bb100&#8243; padding_bottom=\u00bb100&#8243;][vc_column width=\u00bb1\/6&#8243;][\/vc_column][vc_column width=\u00bb2\/3&#8243;][vc_column_text] DISE\u00d1O [\/vc_column_text][\/vc_column][vc_column width=\u00bb1\/6&#8243;][\/vc_column][\/vc_row][vc_row css_animation=\u00bb\u00bb row_type=\u00bbrow\u00bb use_row_as_full_screen_section=\u00bbno\u00bb&#8230;<\/p>\n","protected":false},"author":1,"featured_media":0,"parent":0,"menu_order":0,"comment_status":"closed","ping_status":"closed","template":"full_width.php","meta":{"footnotes":""},"yoast_head":"<!-- This site is optimized with the Yoast SEO plugin v23.5 - https:\/\/yoast.com\/wordpress\/plugins\/seo\/ -->\n<title>Dise\u00f1o personalizado de bombas industriales | Pompe Cucchi<\/title>\n<meta name=\"description\" content=\"Pompe Cucchi ofrece un servicio de dise\u00f1o de bombas industriales personalizadas gracias a los sistemas de simulaci\u00f3n mec\u00e1nica m\u00e1s innovadores.\" \/>\n<meta name=\"robots\" content=\"index, follow, max-snippet:-1, max-image-preview:large, max-video-preview:-1\" \/>\n<link rel=\"canonical\" href=\"https:\/\/www.pompecucchi.it\/es\/diseno-de-bombas-industriales-personalizadas\/\" \/>\n<meta property=\"og:locale\" content=\"es_ES\" \/>\n<meta property=\"og:type\" content=\"article\" \/>\n<meta property=\"og:title\" content=\"Dise\u00f1o personalizado de bombas industriales | Pompe Cucchi\" \/>\n<meta property=\"og:description\" content=\"Pompe Cucchi ofrece un servicio de dise\u00f1o de bombas industriales personalizadas gracias a los sistemas de simulaci\u00f3n mec\u00e1nica m\u00e1s innovadores.\" \/>\n<meta property=\"og:url\" content=\"https:\/\/www.pompecucchi.it\/es\/diseno-de-bombas-industriales-personalizadas\/\" \/>\n<meta property=\"og:site_name\" content=\"Pompe Cucchi\" \/>\n<meta property=\"article:modified_time\" content=\"2026-02-19T14:10:33+00:00\" \/>\n<meta name=\"twitter:card\" content=\"summary_large_image\" \/>\n<meta name=\"twitter:label1\" content=\"Tiempo de lectura\" \/>\n\t<meta name=\"twitter:data1\" content=\"2 minutos\" \/>\n<script type=\"application\/ld+json\" class=\"yoast-schema-graph\">{\"@context\":\"https:\/\/schema.org\",\"@graph\":[{\"@type\":\"WebPage\",\"@id\":\"https:\/\/www.pompecucchi.it\/es\/diseno-de-bombas-industriales-personalizadas\/\",\"url\":\"https:\/\/www.pompecucchi.it\/es\/diseno-de-bombas-industriales-personalizadas\/\",\"name\":\"Dise\u00f1o personalizado de bombas industriales | Pompe Cucchi\",\"isPartOf\":{\"@id\":\"https:\/\/www.pompecucchi.it\/es\/#website\"},\"datePublished\":\"2026-02-04T16:33:43+00:00\",\"dateModified\":\"2026-02-19T14:10:33+00:00\",\"description\":\"Pompe Cucchi ofrece un servicio de dise\u00f1o de bombas industriales personalizadas gracias a los sistemas de simulaci\u00f3n mec\u00e1nica m\u00e1s innovadores.\",\"breadcrumb\":{\"@id\":\"https:\/\/www.pompecucchi.it\/es\/diseno-de-bombas-industriales-personalizadas\/#breadcrumb\"},\"inLanguage\":\"es\",\"potentialAction\":[{\"@type\":\"ReadAction\",\"target\":[\"https:\/\/www.pompecucchi.it\/es\/diseno-de-bombas-industriales-personalizadas\/\"]}]},{\"@type\":\"BreadcrumbList\",\"@id\":\"https:\/\/www.pompecucchi.it\/es\/diseno-de-bombas-industriales-personalizadas\/#breadcrumb\",\"itemListElement\":[{\"@type\":\"ListItem\",\"position\":1,\"name\":\"Home\",\"item\":\"https:\/\/www.pompecucchi.it\/es\/\"},{\"@type\":\"ListItem\",\"position\":2,\"name\":\"DISE\u00d1O\"}]},{\"@type\":\"WebSite\",\"@id\":\"https:\/\/www.pompecucchi.it\/es\/#website\",\"url\":\"https:\/\/www.pompecucchi.it\/es\/\",\"name\":\"Pompe Cucchi\",\"description\":\"Pompe Cucchi\",\"potentialAction\":[{\"@type\":\"SearchAction\",\"target\":{\"@type\":\"EntryPoint\",\"urlTemplate\":\"https:\/\/www.pompecucchi.it\/es\/?s={search_term_string}\"},\"query-input\":{\"@type\":\"PropertyValueSpecification\",\"valueRequired\":true,\"valueName\":\"search_term_string\"}}],\"inLanguage\":\"es\"}]}<\/script>\n<!-- \/ Yoast SEO plugin. -->","yoast_head_json":{"title":"Dise\u00f1o personalizado de bombas industriales | Pompe Cucchi","description":"Pompe Cucchi ofrece un servicio de dise\u00f1o de bombas industriales personalizadas gracias a los sistemas de simulaci\u00f3n mec\u00e1nica m\u00e1s innovadores.","robots":{"index":"index","follow":"follow","max-snippet":"max-snippet:-1","max-image-preview":"max-image-preview:large","max-video-preview":"max-video-preview:-1"},"canonical":"https:\/\/www.pompecucchi.it\/es\/diseno-de-bombas-industriales-personalizadas\/","og_locale":"es_ES","og_type":"article","og_title":"Dise\u00f1o personalizado de bombas industriales | Pompe Cucchi","og_description":"Pompe Cucchi ofrece un servicio de dise\u00f1o de bombas industriales personalizadas gracias a los sistemas de simulaci\u00f3n mec\u00e1nica m\u00e1s innovadores.","og_url":"https:\/\/www.pompecucchi.it\/es\/diseno-de-bombas-industriales-personalizadas\/","og_site_name":"Pompe Cucchi","article_modified_time":"2026-02-19T14:10:33+00:00","twitter_card":"summary_large_image","twitter_misc":{"Tiempo de lectura":"2 minutos"},"schema":{"@context":"https:\/\/schema.org","@graph":[{"@type":"WebPage","@id":"https:\/\/www.pompecucchi.it\/es\/diseno-de-bombas-industriales-personalizadas\/","url":"https:\/\/www.pompecucchi.it\/es\/diseno-de-bombas-industriales-personalizadas\/","name":"Dise\u00f1o personalizado de bombas industriales | Pompe Cucchi","isPartOf":{"@id":"https:\/\/www.pompecucchi.it\/es\/#website"},"datePublished":"2026-02-04T16:33:43+00:00","dateModified":"2026-02-19T14:10:33+00:00","description":"Pompe Cucchi ofrece un servicio de dise\u00f1o de bombas industriales personalizadas gracias a los sistemas de simulaci\u00f3n mec\u00e1nica m\u00e1s innovadores.","breadcrumb":{"@id":"https:\/\/www.pompecucchi.it\/es\/diseno-de-bombas-industriales-personalizadas\/#breadcrumb"},"inLanguage":"es","potentialAction":[{"@type":"ReadAction","target":["https:\/\/www.pompecucchi.it\/es\/diseno-de-bombas-industriales-personalizadas\/"]}]},{"@type":"BreadcrumbList","@id":"https:\/\/www.pompecucchi.it\/es\/diseno-de-bombas-industriales-personalizadas\/#breadcrumb","itemListElement":[{"@type":"ListItem","position":1,"name":"Home","item":"https:\/\/www.pompecucchi.it\/es\/"},{"@type":"ListItem","position":2,"name":"DISE\u00d1O"}]},{"@type":"WebSite","@id":"https:\/\/www.pompecucchi.it\/es\/#website","url":"https:\/\/www.pompecucchi.it\/es\/","name":"Pompe Cucchi","description":"Pompe Cucchi","potentialAction":[{"@type":"SearchAction","target":{"@type":"EntryPoint","urlTemplate":"https:\/\/www.pompecucchi.it\/es\/?s={search_term_string}"},"query-input":{"@type":"PropertyValueSpecification","valueRequired":true,"valueName":"search_term_string"}}],"inLanguage":"es"}]}},"_links":{"self":[{"href":"https:\/\/www.pompecucchi.it\/es\/wp-json\/wp\/v2\/pages\/22695"}],"collection":[{"href":"https:\/\/www.pompecucchi.it\/es\/wp-json\/wp\/v2\/pages"}],"about":[{"href":"https:\/\/www.pompecucchi.it\/es\/wp-json\/wp\/v2\/types\/page"}],"author":[{"embeddable":true,"href":"https:\/\/www.pompecucchi.it\/es\/wp-json\/wp\/v2\/users\/1"}],"replies":[{"embeddable":true,"href":"https:\/\/www.pompecucchi.it\/es\/wp-json\/wp\/v2\/comments?post=22695"}],"version-history":[{"count":2,"href":"https:\/\/www.pompecucchi.it\/es\/wp-json\/wp\/v2\/pages\/22695\/revisions"}],"predecessor-version":[{"id":22921,"href":"https:\/\/www.pompecucchi.it\/es\/wp-json\/wp\/v2\/pages\/22695\/revisions\/22921"}],"wp:attachment":[{"href":"https:\/\/www.pompecucchi.it\/es\/wp-json\/wp\/v2\/media?parent=22695"}],"curies":[{"name":"wp","href":"https:\/\/api.w.org\/{rel}","templated":true}]}}