{"id":22897,"date":"2026-02-19T12:22:37","date_gmt":"2026-02-19T11:22:37","guid":{"rendered":"https:\/\/www.pompecucchi.it\/ponte-en-contacto-con\/"},"modified":"2026-02-19T12:22:38","modified_gmt":"2026-02-19T11:22:38","slug":"ponte-en-contacto-con","status":"publish","type":"page","link":"https:\/\/www.pompecucchi.it\/es\/ponte-en-contacto-con\/","title":{"rendered":"Ponte en contacto con"},"content":{"rendered":"<p>[vc_row css_animation=\u00bb\u00bb row_type=\u00bbrow\u00bb use_row_as_full_screen_section=\u00bbno\u00bb type=\u00bbfull_width\u00bb angled_section=\u00bbno\u00bb text_align=\u00bbleft\u00bb background_image_as_pattern=\u00bbwithout_pattern\u00bb z_index=\u00bb\u00bb][vc_column][vc_separator type=\u00bbtransparent\u00bb down=\u00bb10&#8243;][vc_column_text]<\/p>\n<p style=\"text-align: center;\"><iframe loading=\"lazy\" style=\"border: 0;\" src=\"https:\/\/www.google.com\/maps\/embed?pb=!1m14!1m8!1m3!1d11210.430569584862!2d9.22595!3d45.376912!3m2!1i1024!2i768!4f13.1!3m3!1m2!1s0x0%3A0xf6dd4a03fa3e9d02!2sPompe%20Cucchi%20Srl!5e0!3m2!1sit!2sit!4v1572874913437!5m2!1sit!2sit\" width=\"98%\" height=\"450\" frameborder=\"0\" allowfullscreen=\"allowfullscreen\"><span data-mce-type=\"bookmark\" style=\"display: inline-block; width: 0px; overflow: hidden; line-height: 0;\" class=\"mce_SELRES_start\"><\/span><\/iframe><\/p>\n<p>[\/vc_column_text][\/vc_column][\/vc_row][vc_row css_animation=\u00bb\u00bb row_type=\u00bbrow\u00bb use_row_as_full_screen_section=\u00bbno\u00bb type=\u00bbgrid\u00bb angled_section=\u00bbno\u00bb text_align=\u00bbleft\u00bb background_image_as_pattern=\u00bbwithout_pattern\u00bb z_index=\u00bb\u00bb padding_top=\u00bb50&#8243; padding_bottom=\u00bb50&#8243;][vc_column][vc_column_text]<\/p>\n<h3 style=\"text-align: center;\">D\u00d3NDE ESTAMOS<\/h3>\n<p>[\/vc_column_text][vc_separator type=\u00bbsmall\u00bb position=\u00bbcenter\u00bb up=\u00bb6&#8243; down=\u00bb35&#8243;][vc_column_text]<\/p>\n<p style=\"text-align: center;\">Desde la circunvalaci\u00f3n oeste, salida Milano Val Tidone (Porta Vigentina), tomar direcci\u00f3n Pavia, en la autopista tomar la segunda salida Opera-Zerbo, en la rotonda continuar a la izquierda hasta cruzar via dei Pioppi.<\/p>\n<p>[\/vc_column_text][vc_separator type=\u00bbtransparent\u00bb down=\u00bb35&#8243;][\/vc_column][vc_column width=\u00bb1\/3&#8243;][vc_column_text]<\/p>\n<h3 style=\"text-align: left;\">Bombas Cucchi Srl<\/h3>\n<p>[\/vc_column_text][vc_separator type=\u00bbtransparent\u00bb down=\u00bb10&#8243;][vc_column_text]Via dei Pioppi, 39 &#8211; 20073 Opera<\/p>\n<p>(Mil\u00e1n), Italia<\/p>\n<p><strong>Correo electr\u00f3nico:<\/strong> <a href=\"mailto:sales@pompecucchi.it\">sales@pompecucchi.it<\/a><\/p>\n<p><strong>Tel:<\/strong> <a href=\"tel:+390257606287\">+39 02 57606287<\/a><\/p>\n<p><strong>Fax:<\/strong> +39 02 57602257[\/vc_column_text][vc_separator type=\u00bbtransparent\u00bb down=\u00bb10&#8243;][vc_column_text]<\/p>\n<h4><strong>S\u00edguenos en las redes sociales<\/strong><\/h4>\n<p>[\/vc_column_text][vc_separator type=\u00bbtransparent\u00bb down=\u00bb10&#8243; up=\u00bb0&#8243;]<span class='q_social_icon_holder circle_social' data-color=#ffffff data-hover-background-color=#a81b1b data-hover-color=#ffffff><a itemprop='url' href='https:\/\/www.youtube.com\/channel\/UC4yCnrvqC0JiUzZ-7ehNUiw' target='_blank'><span class='fa-stack ' style='background-color: #e30513;font-size: 25px;'><span aria-hidden=\"true\" class=\"qode_icon_font_elegant social_youtube \" style=\"color: #ffffff;font-size: 25px;\" ><\/span><\/span><\/a><\/span>[vc_separator type=\u00bbtransparent\u00bb down=\u00bb30&#8243; up=\u00bb0&#8243;][\/vc_column][vc_column width=\u00bb2\/3&#8243;][vc_column_text]<\/p>\n<h3>Solicitar informaci\u00f3n<\/h3>\n<p>[\/vc_column_text][vc_separator type=\u00bbtransparent\u00bb down=\u00bb10&#8243;]\n<div class=\"wpcf7 no-js\" id=\"wpcf7-f22900-o1\" lang=\"es-ES\" dir=\"ltr\">\n<div class=\"screen-reader-response\"><p role=\"status\" aria-live=\"polite\" aria-atomic=\"true\"><\/p> <ul><\/ul><\/div>\n<form action=\"\/es\/wp-json\/wp\/v2\/pages\/22897#wpcf7-f22900-o1\" method=\"post\" class=\"wpcf7-form init default wpcf7-acceptance-as-validation\" aria-label=\"Formulario de contacto\" novalidate=\"novalidate\" data-status=\"init\">\n<div style=\"display: none;\">\n<input type=\"hidden\" name=\"_wpcf7\" value=\"22900\" \/>\n<input type=\"hidden\" name=\"_wpcf7_version\" value=\"5.9.8\" \/>\n<input type=\"hidden\" name=\"_wpcf7_locale\" value=\"es_ES\" \/>\n<input type=\"hidden\" name=\"_wpcf7_unit_tag\" value=\"wpcf7-f22900-o1\" \/>\n<input type=\"hidden\" name=\"_wpcf7_container_post\" value=\"0\" \/>\n<input type=\"hidden\" name=\"_wpcf7_posted_data_hash\" value=\"\" \/>\n<\/div>\n<div class=\"campo\">\n\t<p><label> <span class=\"wpcf7-form-control-wrap\" data-name=\"Nome\"><input size=\"40\" maxlength=\"400\" class=\"wpcf7-form-control wpcf7-text wpcf7-validates-as-required\" aria-required=\"true\" aria-invalid=\"false\" placeholder=\"Nombre*\" value=\"\" type=\"text\" name=\"Nome\" \/><\/span> <\/label>\n\t<\/p>\n<\/div>\n<div class=\"campo2\">\n\t<p><label> <span class=\"wpcf7-form-control-wrap\" data-name=\"Cognome\"><input size=\"40\" maxlength=\"400\" class=\"wpcf7-form-control wpcf7-text wpcf7-validates-as-required\" aria-required=\"true\" aria-invalid=\"false\" placeholder=\"Apellido*\" value=\"\" type=\"text\" name=\"Cognome\" \/><\/span> <\/label>\n\t<\/p>\n<\/div>\n<div class=\"campo\">\n\t<p><label> <span class=\"wpcf7-form-control-wrap\" data-name=\"Email\"><input size=\"40\" maxlength=\"400\" class=\"wpcf7-form-control wpcf7-email wpcf7-validates-as-required wpcf7-text wpcf7-validates-as-email\" aria-required=\"true\" aria-invalid=\"false\" placeholder=\"Correo electr\u00f3nico*\" value=\"\" type=\"email\" name=\"Email\" \/><\/span> <\/label>\n\t<\/p>\n<\/div>\n<div class=\"campo2\">\n\t<p><label> <span class=\"wpcf7-form-control-wrap\" data-name=\"Oggetto\"><input size=\"40\" maxlength=\"400\" class=\"wpcf7-form-control wpcf7-text\" aria-invalid=\"false\" placeholder=\"Objeto\" value=\"\" type=\"text\" name=\"Oggetto\" \/><\/span> <\/label>\n\t<\/p>\n<\/div>\n<div class=\"messaggio\">\n\t<p><label> <span class=\"wpcf7-form-control-wrap\" data-name=\"Messaggio\"><textarea cols=\"40\" rows=\"10\" maxlength=\"2000\" class=\"wpcf7-form-control wpcf7-textarea wpcf7-validates-as-required\" aria-required=\"true\" aria-invalid=\"false\" placeholder=\"Mensaje\" name=\"Messaggio\"><\/textarea><\/span> <\/label>\n\t<\/p>\n<\/div>\n<div class=\"col col-sm-12 accettazione-privacy\">\n\t<p><span class=\"wpcf7-form-control-wrap\" data-name=\"acceptance-392\"><span class=\"wpcf7-form-control wpcf7-acceptance\"><span class=\"wpcf7-list-item\"><input type=\"checkbox\" name=\"acceptance-392\" value=\"1\" aria-invalid=\"false\" \/><\/span><\/span><\/span>\n\t<\/p>\n\t<p class=\"testo-privacy\"><strong>CONSENTIMIENTO PARA EL TRATAMIENTO DE DATOS PERSONALES<\/strong>\n\t<\/p>\n<\/div>\n<div class=\"col col-sm-12 testo-privacy\">\n\t<p>Estimada Pompe Cucchi Srl: Tras leer atentamente la <a style=\"font-weight:600;\" href=\"\/es\/politica-de-privacidad\/\" target=\"_blank\">informaci\u00f3n<\/a> y comprender las caracter\u00edsticas del tratamiento de mis datos personales que llevar\u00e1n a cabo, les otorgo mi consentimiento libre, espec\u00edfico, informado e inequ\u00edvoco para el tratamiento de dichos datos personales con los fines indicados en la informaci\u00f3n mencionada, es decir, para que se pongan en contacto conmigo con el fin de recibir m\u00e1s informaci\u00f3n sobre sus servicios.\n\t<\/p>\n<\/div>\n<div class=\"col col-sm-12 pulsante\">\n\t<p><input class=\"wpcf7-form-control wpcf7-submit has-spinner\" type=\"submit\" value=\"Enviar\" \/>\n\t<\/p>\n<\/div><input type=\"hidden\" id=\"ct_checkjs_cf7_58a2fc6ed39fd083f55d4182bf88826d\" name=\"ct_checkjs_cf7\" value=\"0\" \/><script >setTimeout(function(){var ct_input_name = \"ct_checkjs_cf7_58a2fc6ed39fd083f55d4182bf88826d\";if (document.getElementById(ct_input_name) !== null) {var ct_input_value = document.getElementById(ct_input_name).value;document.getElementById(ct_input_name).value = document.getElementById(ct_input_name).value.replace(ct_input_value, '1895155880');}}, 1000);<\/script><input\n                    class=\"apbct_special_field apbct_email_id__wp_contact_form_7\"\n                    name=\"apbct__email_id__wp_contact_form_7\"\n                    aria-label=\"apbct__label_id__wp_contact_form_7\"\n                    type=\"text\" size=\"30\" maxlength=\"200\" autocomplete=\"off\"\n                    value=\"\"\n                \/><p style=\"display: none !important;\" class=\"akismet-fields-container\" data-prefix=\"_wpcf7_ak_\"><label>&#916;<textarea name=\"_wpcf7_ak_hp_textarea\" cols=\"45\" rows=\"8\" maxlength=\"100\"><\/textarea><\/label><input type=\"hidden\" id=\"ak_js_1\" name=\"_wpcf7_ak_js\" value=\"62\"\/><script>document.getElementById( \"ak_js_1\" ).setAttribute( \"value\", ( new Date() ).getTime() );<\/script><\/p><div class=\"wpcf7-response-output\" aria-hidden=\"true\"><\/div>\n<\/form>\n<\/div>\n[\/vc_column][\/vc_row]<\/p>\n","protected":false},"excerpt":{"rendered":"<p>[vc_row css_animation=\u00bb\u00bb row_type=\u00bbrow\u00bb use_row_as_full_screen_section=\u00bbno\u00bb type=\u00bbfull_width\u00bb angled_section=\u00bbno\u00bb text_align=\u00bbleft\u00bb background_image_as_pattern=\u00bbwithout_pattern\u00bb z_index=\u00bb\u00bb][vc_column][vc_separator type=\u00bbtransparent\u00bb down=\u00bb10&#8243;][vc_column_text] [\/vc_column_text][\/vc_column][\/vc_row][vc_row css_animation=\u00bb\u00bb row_type=\u00bbrow\u00bb use_row_as_full_screen_section=\u00bbno\u00bb type=\u00bbgrid\u00bb angled_section=\u00bbno\u00bb text_align=\u00bbleft\u00bb background_image_as_pattern=\u00bbwithout_pattern\u00bb z_index=\u00bb\u00bb padding_top=\u00bb50&#8243;&#8230;<\/p>\n","protected":false},"author":1,"featured_media":0,"parent":0,"menu_order":0,"comment_status":"closed","ping_status":"closed","template":"full_width.php","meta":{"footnotes":""},"yoast_head":"<!-- This site is optimized with the Yoast SEO plugin v23.5 - https:\/\/yoast.com\/wordpress\/plugins\/seo\/ -->\n<title>Presupuesto Producci\u00f3n de Bombas Dosificadoras | Cucchi Pumps<\/title>\n<meta name=\"description\" content=\"Utiliza nuestros datos de contacto o rellena el formulario para solicitar un presupuesto para la fabricaci\u00f3n de bombas dosificadoras para tu planta industrial.\" \/>\n<meta name=\"robots\" content=\"index, follow, max-snippet:-1, max-image-preview:large, max-video-preview:-1\" \/>\n<link rel=\"canonical\" href=\"https:\/\/www.pompecucchi.it\/es\/ponte-en-contacto-con\/\" \/>\n<meta property=\"og:locale\" content=\"es_ES\" \/>\n<meta property=\"og:type\" content=\"article\" \/>\n<meta property=\"og:title\" content=\"Presupuesto Producci\u00f3n de Bombas Dosificadoras | Cucchi Pumps\" \/>\n<meta property=\"og:description\" content=\"Utiliza nuestros datos de contacto o rellena el formulario para solicitar un presupuesto para la fabricaci\u00f3n de bombas dosificadoras para tu planta industrial.\" \/>\n<meta property=\"og:url\" content=\"https:\/\/www.pompecucchi.it\/es\/ponte-en-contacto-con\/\" \/>\n<meta property=\"og:site_name\" content=\"Pompe Cucchi\" \/>\n<meta property=\"article:modified_time\" content=\"2026-02-19T11:22:38+00:00\" \/>\n<meta name=\"twitter:card\" content=\"summary_large_image\" \/>\n<meta name=\"twitter:label1\" content=\"Tiempo de lectura\" \/>\n\t<meta name=\"twitter:data1\" content=\"1 minuto\" \/>\n<script type=\"application\/ld+json\" class=\"yoast-schema-graph\">{\"@context\":\"https:\/\/schema.org\",\"@graph\":[{\"@type\":\"WebPage\",\"@id\":\"https:\/\/www.pompecucchi.it\/es\/ponte-en-contacto-con\/\",\"url\":\"https:\/\/www.pompecucchi.it\/es\/ponte-en-contacto-con\/\",\"name\":\"Presupuesto Producci\u00f3n de Bombas Dosificadoras | Cucchi Pumps\",\"isPartOf\":{\"@id\":\"https:\/\/www.pompecucchi.it\/es\/#website\"},\"datePublished\":\"2026-02-19T11:22:37+00:00\",\"dateModified\":\"2026-02-19T11:22:38+00:00\",\"description\":\"Utiliza nuestros datos de contacto o rellena el formulario para solicitar un presupuesto para la fabricaci\u00f3n de bombas dosificadoras para tu planta industrial.\",\"breadcrumb\":{\"@id\":\"https:\/\/www.pompecucchi.it\/es\/ponte-en-contacto-con\/#breadcrumb\"},\"inLanguage\":\"es\",\"potentialAction\":[{\"@type\":\"ReadAction\",\"target\":[\"https:\/\/www.pompecucchi.it\/es\/ponte-en-contacto-con\/\"]}]},{\"@type\":\"BreadcrumbList\",\"@id\":\"https:\/\/www.pompecucchi.it\/es\/ponte-en-contacto-con\/#breadcrumb\",\"itemListElement\":[{\"@type\":\"ListItem\",\"position\":1,\"name\":\"Home\",\"item\":\"https:\/\/www.pompecucchi.it\/es\/\"},{\"@type\":\"ListItem\",\"position\":2,\"name\":\"Ponte en contacto con\"}]},{\"@type\":\"WebSite\",\"@id\":\"https:\/\/www.pompecucchi.it\/es\/#website\",\"url\":\"https:\/\/www.pompecucchi.it\/es\/\",\"name\":\"Pompe Cucchi\",\"description\":\"Pompe Cucchi\",\"potentialAction\":[{\"@type\":\"SearchAction\",\"target\":{\"@type\":\"EntryPoint\",\"urlTemplate\":\"https:\/\/www.pompecucchi.it\/es\/?s={search_term_string}\"},\"query-input\":{\"@type\":\"PropertyValueSpecification\",\"valueRequired\":true,\"valueName\":\"search_term_string\"}}],\"inLanguage\":\"es\"}]}<\/script>\n<!-- \/ Yoast SEO plugin. -->","yoast_head_json":{"title":"Presupuesto Producci\u00f3n de Bombas Dosificadoras | Cucchi Pumps","description":"Utiliza nuestros datos de contacto o rellena el formulario para solicitar un presupuesto para la fabricaci\u00f3n de bombas dosificadoras para tu planta industrial.","robots":{"index":"index","follow":"follow","max-snippet":"max-snippet:-1","max-image-preview":"max-image-preview:large","max-video-preview":"max-video-preview:-1"},"canonical":"https:\/\/www.pompecucchi.it\/es\/ponte-en-contacto-con\/","og_locale":"es_ES","og_type":"article","og_title":"Presupuesto Producci\u00f3n de Bombas Dosificadoras | Cucchi Pumps","og_description":"Utiliza nuestros datos de contacto o rellena el formulario para solicitar un presupuesto para la fabricaci\u00f3n de bombas dosificadoras para tu planta industrial.","og_url":"https:\/\/www.pompecucchi.it\/es\/ponte-en-contacto-con\/","og_site_name":"Pompe Cucchi","article_modified_time":"2026-02-19T11:22:38+00:00","twitter_card":"summary_large_image","twitter_misc":{"Tiempo de lectura":"1 minuto"},"schema":{"@context":"https:\/\/schema.org","@graph":[{"@type":"WebPage","@id":"https:\/\/www.pompecucchi.it\/es\/ponte-en-contacto-con\/","url":"https:\/\/www.pompecucchi.it\/es\/ponte-en-contacto-con\/","name":"Presupuesto Producci\u00f3n de Bombas Dosificadoras | Cucchi Pumps","isPartOf":{"@id":"https:\/\/www.pompecucchi.it\/es\/#website"},"datePublished":"2026-02-19T11:22:37+00:00","dateModified":"2026-02-19T11:22:38+00:00","description":"Utiliza nuestros datos de contacto o rellena el formulario para solicitar un presupuesto para la fabricaci\u00f3n de bombas dosificadoras para tu planta industrial.","breadcrumb":{"@id":"https:\/\/www.pompecucchi.it\/es\/ponte-en-contacto-con\/#breadcrumb"},"inLanguage":"es","potentialAction":[{"@type":"ReadAction","target":["https:\/\/www.pompecucchi.it\/es\/ponte-en-contacto-con\/"]}]},{"@type":"BreadcrumbList","@id":"https:\/\/www.pompecucchi.it\/es\/ponte-en-contacto-con\/#breadcrumb","itemListElement":[{"@type":"ListItem","position":1,"name":"Home","item":"https:\/\/www.pompecucchi.it\/es\/"},{"@type":"ListItem","position":2,"name":"Ponte en contacto con"}]},{"@type":"WebSite","@id":"https:\/\/www.pompecucchi.it\/es\/#website","url":"https:\/\/www.pompecucchi.it\/es\/","name":"Pompe Cucchi","description":"Pompe Cucchi","potentialAction":[{"@type":"SearchAction","target":{"@type":"EntryPoint","urlTemplate":"https:\/\/www.pompecucchi.it\/es\/?s={search_term_string}"},"query-input":{"@type":"PropertyValueSpecification","valueRequired":true,"valueName":"search_term_string"}}],"inLanguage":"es"}]}},"_links":{"self":[{"href":"https:\/\/www.pompecucchi.it\/es\/wp-json\/wp\/v2\/pages\/22897"}],"collection":[{"href":"https:\/\/www.pompecucchi.it\/es\/wp-json\/wp\/v2\/pages"}],"about":[{"href":"https:\/\/www.pompecucchi.it\/es\/wp-json\/wp\/v2\/types\/page"}],"author":[{"embeddable":true,"href":"https:\/\/www.pompecucchi.it\/es\/wp-json\/wp\/v2\/users\/1"}],"replies":[{"embeddable":true,"href":"https:\/\/www.pompecucchi.it\/es\/wp-json\/wp\/v2\/comments?post=22897"}],"version-history":[{"count":2,"href":"https:\/\/www.pompecucchi.it\/es\/wp-json\/wp\/v2\/pages\/22897\/revisions"}],"predecessor-version":[{"id":22899,"href":"https:\/\/www.pompecucchi.it\/es\/wp-json\/wp\/v2\/pages\/22897\/revisions\/22899"}],"wp:attachment":[{"href":"https:\/\/www.pompecucchi.it\/es\/wp-json\/wp\/v2\/media?parent=22897"}],"curies":[{"name":"wp","href":"https:\/\/api.w.org\/{rel}","templated":true}]}}