{"id":22916,"date":"2026-02-19T14:58:48","date_gmt":"2026-02-19T13:58:48","guid":{"rendered":"https:\/\/www.pompecucchi.it\/unese-a-nuestro-equipo\/"},"modified":"2026-02-19T14:58:49","modified_gmt":"2026-02-19T13:58:49","slug":"unese-a-nuestro-equipo","status":"publish","type":"page","link":"https:\/\/www.pompecucchi.it\/es\/unese-a-nuestro-equipo\/","title":{"rendered":"\u00danese a nuestro equipo"},"content":{"rendered":"<p>[vc_row css_animation=\u00bb\u00bb row_type=\u00bbrow\u00bb use_row_as_full_screen_section=\u00bbno\u00bb type=\u00bbgrid\u00bb angled_section=\u00bbno\u00bb text_align=\u00bbleft\u00bb background_image_as_pattern=\u00bbwithout_pattern\u00bb z_index=\u00bb\u00bb padding_top=\u00bb50&#8243; padding_bottom=\u00bb50&#8243;][vc_column][vc_column_text]<\/p>\n<h3 style=\"text-align: center;\">\u00daNESE A NUESTRO EQUIPO<\/h3>\n<p>[\/vc_column_text][vc_separator type=\u00bbsmall\u00bb position=\u00bbcenter\u00bb up=\u00bb6&#8243; down=\u00bb35&#8243;][vc_column_text]<\/p>\n<p style=\"text-align: center;\">Pompe Cucchi busca continuamente profesionales para incorporar a su plantilla.<\/p>\n<p style=\"text-align: center;\"><strong>Rellene el siguiente formulario y env\u00edenos su solicitud.<\/strong><\/p>\n<p>[\/vc_column_text][\/vc_column][\/vc_row][vc_row css_animation=\u00bb\u00bb row_type=\u00bbrow\u00bb use_row_as_full_screen_section=\u00bbno\u00bb type=\u00bbgrid\u00bb angled_section=\u00bbno\u00bb text_align=\u00bbleft\u00bb background_image_as_pattern=\u00bbwithout_pattern\u00bb el_class=\u00bbriga-lavora-con-noi\u00bb z_index=\u00bb\u00bb background_color=\u00bb#ffffff\u00bb css=\u00bb.vc_custom_1607964132329{padding-bottom: 60px !important;}\u00bb][vc_column width=\u00bb1\/2&#8243;][vc_separator type=\u00bbtransparent\u00bb down=\u00bb45&#8243;][vc_column_text]<\/p>\n<h3 style=\"text-align: left;\">Puestos vacantes<\/h3>\n<p>[\/vc_column_text][vc_separator type=\u00bbtransparent\u00bb down=\u00bb10&#8243;][vc_column_text]<\/p>\n<h3><strong>TORNERO PARA CENTRO CNC 7\/2024<\/strong><\/h3>\n<p>Para nuestra planta de OPERA (MI) buscamos un TORNEADOR DE M\u00c1QUINAS CON CONTROL NUM\u00c9RICO CNC con buenos conocimientos de dibujo mec\u00e1nico y procesos tecnol\u00f3gicos.<\/p>\n<p><strong>Principales actividades:<\/strong><\/p>\n<ul>\n<li>Puesta a punto de tornos CNC;<\/li>\n<li>Realizaci\u00f3n de mecanizados con dotaci\u00f3n de puestos;<\/li>\n<li>Realizaci\u00f3n de trabajos con altos niveles de calidad y seguridad;<\/li>\n<li>Gestionar los resultados visuales y dimensionales de los productos mecanizados;<\/li>\n<li>Programaci\u00f3n y aplicaci\u00f3n de componentes con distintos niveles de tolerancia<\/li>\n<li>Interpretaci\u00f3n de planos mec\u00e1nicos y tolerancias dimensionales<\/li>\n<li>Modificaci\u00f3n de programas en la m\u00e1quina y selecci\u00f3n de las herramientas<\/li>\n<li>Comprobar la eficacia de la maquinaria y prever la optimizaci\u00f3n del volumen<\/li>\n<li>Controlar los pedidos y gestionar la carga de trabajo semanal del CNC<\/li>\n<\/ul>\n<p><strong>Requisitos:<\/strong><\/p>\n<ul>\n<li>Se requiere experiencia previa en el puesto;<\/li>\n<li>Madurez para trabajar en equipo y manejar maquinaria industrial;<\/li>\n<li>Conocimiento y lectura del dibujo mec\u00e1nico;<\/li>\n<li>Practicidad en el uso de instrumentos de medici\u00f3n y gesti\u00f3n de las herramientas;<\/li>\n<li>Conocimientos de programaci\u00f3n en torno CNC.<\/li>\n<li>Capacidad para trabajar con altos niveles de calidad y seguridad<\/li>\n<\/ul>\n<p>&nbsp;<\/p>\n<p><strong>Oferta contractual:<\/strong><\/p>\n<p>Est\u00e1 previsto un contrato indefinido. La calificaci\u00f3n se definir\u00e1 en funci\u00f3n de las competencias del candidato (CCNL Metalmec\u00e1nico) <\/p>\n<p>Horario de trabajo: Jornada completa de lunes a viernes, en horario diario, de 8.00 a 12.00 horas y de 13.00 a 17.00 horas (sin turnos).<br \/>\nLugar de trabajo: \u00d3pera (MI)<\/p>\n<p>&nbsp;<\/p>\n<p>La oferta se dirige a candidatos de ambos sexos, de conformidad con el Decreto Legislativo n\u00ba 198\/2006 y sus modificaciones posteriores y los Decretos Legislativos n\u00ba 215 y n\u00ba 216 de 2003 sobre igualdad de trato.     <\/p>\n<p>&nbsp;<\/p>\n<p>&nbsp;<\/p>\n<h3><strong>PROPUESTA INGENIERO 7\/2024<\/strong><\/h3>\n<p>&nbsp;<\/p>\n<p>Para nuestra oficina de OPERA (MI), buscamos un Ingeniero de propuestas. El recurso se situar\u00e1 dentro del equipo t\u00e9cnico-comercial y ser\u00e1 responsable de : <\/p>\n<p>Principales responsabilidades<\/p>\n<p>&nbsp;<\/p>\n<ul>\n<li>Analiza la solicitud de presupuesto recibida del cliente, examina las hojas de datos, identifica y enumera las discrepancias, interact\u00faa con los proveedores para solicitar ofertas espec\u00edficas de accesorios\/motores, etc.<\/li>\n<li>Identifica la mejor soluci\u00f3n t\u00e9cnica y elabora un presupuesto t\u00e9cnico-comercial que responda mejor a las necesidades del cliente.<\/li>\n<li>Es proactivo en el seguimiento de las ofertas y negocia las mejores condiciones de los contratos.<\/li>\n<li>Mantiene contacto directo con la producci\u00f3n para favorecer a toda la cadena de suministro<\/li>\n<li>Utiliza el sistema CRM para realizar un mejor seguimiento de las ofertas<\/li>\n<li>Apoya al Departamento de Ventas Global en el crecimiento de los mercados objetivo.<\/li>\n<li>Participa en llamadas en remoto con clientes extranjeros para proporcionar conocimientos t\u00e9cnicos.<\/li>\n<\/ul>\n<p>&nbsp;<\/p>\n<p>Principales caracter\u00edsticas necesarias<\/p>\n<ul>\n<li>Formaci\u00f3n muy t\u00e9cnica<\/li>\n<li>Meticulosidad y atenci\u00f3n al detalle<\/li>\n<li>Disponibilidad para viajar por motivos de trabajo<\/li>\n<li>Experiencia previa en el puesto<\/li>\n<li>Procedente de experiencia en la industria petrolera, qu\u00edmica, farmac\u00e9utica y alimentaria.<\/li>\n<li>Excelente conocimiento del ingl\u00e9s<\/li>\n<li>Se valorar\u00e1 positivamente la experiencia en el sector de las bombas.<\/li>\n<\/ul>\n<p>&nbsp;<\/p>\n<p>Est\u00e1 previsto un contrato indefinido. La calificaci\u00f3n se definir\u00e1 en funci\u00f3n de las competencias del candidato (CCNL Metalmec\u00e1nico) <\/p>\n<p>Horario de trabajo: Jornada completa de lunes a viernes, en horario diario, de 8.00 a 12.00 horas y de 13.00 a 17.00 horas (sin turnos).<\/p>\n<p>Lugar de trabajo: \u00d3pera (MI)<\/p>\n<p>&nbsp;<\/p>\n<p>La oferta se dirige a candidatos de ambos sexos, de conformidad con el Decreto Legislativo n\u00ba 198\/2006 y sus modificaciones posteriores y los Decretos Legislativos n\u00ba 215 y n\u00ba 216 de 2003 sobre igualdad de trato.[\/vc_column_text][\/vc_column][vc_column width=\u00bb1\/2&#8243;][vc_separator type=\u00bbtransparent\u00bb down=\u00bb45&#8243;][vc_column_text]<\/p>\n<h3>Autocandidatura<\/h3>\n<p>[\/vc_column_text][vc_separator type=\u00bbtransparent\u00bb down=\u00bb10&#8243;]\n<div class=\"wpcf7 no-js\" id=\"wpcf7-f22915-o1\" lang=\"es-ES\" dir=\"ltr\">\n<div class=\"screen-reader-response\"><p role=\"status\" aria-live=\"polite\" aria-atomic=\"true\"><\/p> <ul><\/ul><\/div>\n<form action=\"\/es\/wp-json\/wp\/v2\/pages\/22916#wpcf7-f22915-o1\" method=\"post\" class=\"wpcf7-form init default wpcf7-acceptance-as-validation\" aria-label=\"Formulario de contacto\" enctype=\"multipart\/form-data\" novalidate=\"novalidate\" data-status=\"init\">\n<div style=\"display: none;\">\n<input type=\"hidden\" name=\"_wpcf7\" value=\"22915\" \/>\n<input type=\"hidden\" name=\"_wpcf7_version\" value=\"5.9.8\" \/>\n<input type=\"hidden\" name=\"_wpcf7_locale\" value=\"es_ES\" \/>\n<input type=\"hidden\" name=\"_wpcf7_unit_tag\" value=\"wpcf7-f22915-o1\" \/>\n<input type=\"hidden\" name=\"_wpcf7_container_post\" value=\"0\" \/>\n<input type=\"hidden\" name=\"_wpcf7_posted_data_hash\" value=\"\" \/>\n<\/div>\n<div class=\"campo\">\n\t<p><span class=\"wpcf7-form-control-wrap\" data-name=\"Nome\"><input size=\"40\" maxlength=\"400\" class=\"wpcf7-form-control wpcf7-text wpcf7-validates-as-required\" aria-required=\"true\" aria-invalid=\"false\" placeholder=\"Nombre*\" value=\"\" type=\"text\" name=\"Nome\" \/><\/span>\n\t<\/p>\n<\/div>\n<div class=\"campo2\">\n\t<p><span class=\"wpcf7-form-control-wrap\" data-name=\"Cognome\"><input size=\"40\" maxlength=\"400\" class=\"wpcf7-form-control wpcf7-text wpcf7-validates-as-required\" aria-required=\"true\" aria-invalid=\"false\" placeholder=\"Apellido*\" value=\"\" type=\"text\" name=\"Cognome\" \/><\/span>\n\t<\/p>\n<\/div>\n<div class=\"campo\">\n\t<p><span class=\"wpcf7-form-control-wrap\" data-name=\"Email\"><input size=\"40\" maxlength=\"400\" class=\"wpcf7-form-control wpcf7-email wpcf7-validates-as-required wpcf7-text wpcf7-validates-as-email\" aria-required=\"true\" aria-invalid=\"false\" placeholder=\"Correo electr\u00f3nico*\" value=\"\" type=\"email\" name=\"Email\" \/><\/span>\n\t<\/p>\n<\/div>\n<div class=\"campo2\">\n\t<p><span class=\"wpcf7-form-control-wrap\" data-name=\"Telefono\"><input size=\"40\" maxlength=\"400\" class=\"wpcf7-form-control wpcf7-tel wpcf7-validates-as-required wpcf7-text wpcf7-validates-as-tel\" aria-required=\"true\" aria-invalid=\"false\" value=\"Tel\u00e9fono*\" type=\"tel\" name=\"Telefono\" \/><\/span>\n\t<\/p>\n<\/div>\n<div class=\"intera candidatura\">\n\t<p><label><strong>Tipo de candidatura*<\/strong><\/label><span class=\"wpcf7-form-control-wrap\" data-name=\"TipoCandidatura\"><span class=\"wpcf7-form-control wpcf7-radio\"><span class=\"wpcf7-list-item first\"><label><input type=\"radio\" name=\"TipoCandidatura\" value=\"Dise\u00f1ador mec\u00e1nico s\u00e9nior\" checked=\"checked\" \/><span class=\"wpcf7-list-item-label\">Dise\u00f1ador mec\u00e1nico s\u00e9nior<\/span><\/label><\/span><span class=\"wpcf7-list-item\"><label><input type=\"radio\" name=\"TipoCandidatura\" value=\"Proveedor\" \/><span class=\"wpcf7-list-item-label\">Proveedor<\/span><\/label><\/span><span class=\"wpcf7-list-item\"><label><input type=\"radio\" name=\"TipoCandidatura\" value=\"Distribuidor\" \/><span class=\"wpcf7-list-item-label\">Distribuidor<\/span><\/label><\/span><span class=\"wpcf7-list-item last\"><label><input type=\"radio\" name=\"TipoCandidatura\" value=\"Comercial\" \/><span class=\"wpcf7-list-item-label\">Comercial<\/span><\/label><\/span><\/span><\/span>\n\t<\/p>\n<\/div>\n<div class=\"intera\">\n\t<p><label><strong>Cargue su CV* (l\u00edmite m\u00e1ximo 3 MB)<\/strong><\/label><br \/>\n<span class=\"wpcf7-form-control-wrap\" data-name=\"file-95\"><input size=\"40\" class=\"wpcf7-form-control wpcf7-file wpcf7-validates-as-required\" accept=\".gif,.png,.jpg,.jpeg,.pdf,.doc,.docx\" aria-required=\"true\" aria-invalid=\"false\" type=\"file\" name=\"file-95\" \/><\/span>\n\t<\/p>\n<\/div>\n<div class=\"intera\">\n\t<p><span class=\"wpcf7-form-control-wrap\" data-name=\"Messaggio\"><textarea cols=\"40\" rows=\"10\" maxlength=\"2000\" class=\"wpcf7-form-control wpcf7-textarea wpcf7-validates-as-required\" aria-required=\"true\" aria-invalid=\"false\" placeholder=\"Mensaje\" name=\"Messaggio\"><\/textarea><\/span>\n\t<\/p>\n<\/div>\n<div class=\"intera accettazione-privacy\">\n\t<p><span class=\"wpcf7-form-control-wrap\" data-name=\"acceptance-392\"><span class=\"wpcf7-form-control wpcf7-acceptance\"><span class=\"wpcf7-list-item\"><input type=\"checkbox\" name=\"acceptance-392\" value=\"1\" aria-invalid=\"false\" \/><\/span><\/span><\/span>\n\t<\/p>\n\t<p class=\"testo-privacy\"><strong>CONSENTIMIENTO PARA EL TRATAMIENTO DE DATOS PERSONALES<\/strong>\n\t<\/p>\n<\/div>\n<div class=\"intera testo-privacy\">\n\t<p>Estimada Pompe Cucchi Srl: Tras leer atentamente la <a style=\"font-weight:600;\" href=\"\/es\/politica-de-privacidad\/\" target=\"_blank\">informaci\u00f3n<\/a> y comprender las caracter\u00edsticas del tratamiento de mis datos personales que llevar\u00e1n a cabo, les otorgo mi consentimiento libre, espec\u00edfico, informado e inequ\u00edvoco para el tratamiento de dichos datos personales con los fines indicados en la informaci\u00f3n mencionada, es decir, para que se pongan en contacto conmigo con el fin de recibir m\u00e1s informaci\u00f3n sobre sus servicios.\n\t<\/p>\n<\/div>\n<div class=\"intera\">\n\t<p><input class=\"wpcf7-form-control wpcf7-submit has-spinner\" type=\"submit\" value=\"Enviar\" \/>\n\t<\/p>\n<\/div><input type=\"hidden\" id=\"ct_checkjs_cf7_70efdf2ec9b086079795c442636b55fb\" name=\"ct_checkjs_cf7\" value=\"0\" \/><script >setTimeout(function(){var ct_input_name = \"ct_checkjs_cf7_70efdf2ec9b086079795c442636b55fb\";if (document.getElementById(ct_input_name) !== null) {var ct_input_value = document.getElementById(ct_input_name).value;document.getElementById(ct_input_name).value = document.getElementById(ct_input_name).value.replace(ct_input_value, '1895155880');}}, 1000);<\/script><input\n                    class=\"apbct_special_field apbct_email_id__wp_contact_form_7\"\n                    name=\"apbct__email_id__wp_contact_form_7\"\n                    aria-label=\"apbct__label_id__wp_contact_form_7\"\n                    type=\"text\" size=\"30\" maxlength=\"200\" autocomplete=\"off\"\n                    value=\"\"\n                \/><p style=\"display: none !important;\" class=\"akismet-fields-container\" data-prefix=\"_wpcf7_ak_\"><label>&#916;<textarea name=\"_wpcf7_ak_hp_textarea\" cols=\"45\" rows=\"8\" maxlength=\"100\"><\/textarea><\/label><input type=\"hidden\" id=\"ak_js_1\" name=\"_wpcf7_ak_js\" value=\"65\"\/><script>document.getElementById( \"ak_js_1\" ).setAttribute( \"value\", ( new Date() ).getTime() );<\/script><\/p><div class=\"wpcf7-response-output\" aria-hidden=\"true\"><\/div>\n<\/form>\n<\/div>\n[\/vc_column][\/vc_row]<\/p>\n","protected":false},"excerpt":{"rendered":"<p>[vc_row css_animation=\u00bb\u00bb row_type=\u00bbrow\u00bb use_row_as_full_screen_section=\u00bbno\u00bb type=\u00bbgrid\u00bb angled_section=\u00bbno\u00bb text_align=\u00bbleft\u00bb background_image_as_pattern=\u00bbwithout_pattern\u00bb z_index=\u00bb\u00bb padding_top=\u00bb50&#8243; padding_bottom=\u00bb50&#8243;][vc_column][vc_column_text] \u00daNESE A NUESTRO EQUIPO [\/vc_column_text][vc_separator type=\u00bbsmall\u00bb position=\u00bbcenter\u00bb up=\u00bb6&#8243; down=\u00bb35&#8243;][vc_column_text] Pompe&#8230;<\/p>\n","protected":false},"author":1,"featured_media":0,"parent":0,"menu_order":0,"comment_status":"closed","ping_status":"closed","template":"full_width.php","meta":{"footnotes":""},"yoast_head":"<!-- This site is optimized with the Yoast SEO plugin v23.5 - https:\/\/yoast.com\/wordpress\/plugins\/seo\/ -->\n<title>\u00danese a nuestro equipo - Pompe Cucchi<\/title>\n<meta name=\"robots\" content=\"index, follow, max-snippet:-1, max-image-preview:large, max-video-preview:-1\" \/>\n<link rel=\"canonical\" href=\"https:\/\/www.pompecucchi.it\/es\/unese-a-nuestro-equipo\/\" \/>\n<meta property=\"og:locale\" content=\"es_ES\" \/>\n<meta property=\"og:type\" content=\"article\" \/>\n<meta property=\"og:title\" content=\"\u00danese a nuestro equipo - Pompe Cucchi\" \/>\n<meta property=\"og:description\" content=\"[vc_row css_animation=\u00bb\u00bb row_type=\u00bbrow\u00bb use_row_as_full_screen_section=\u00bbno\u00bb type=\u00bbgrid\u00bb angled_section=\u00bbno\u00bb text_align=\u00bbleft\u00bb background_image_as_pattern=\u00bbwithout_pattern\u00bb z_index=\u00bb\u00bb padding_top=\u00bb50&#8243; padding_bottom=\u00bb50&#8243;][vc_column][vc_column_text] \u00daNESE A NUESTRO EQUIPO [\/vc_column_text][vc_separator type=\u00bbsmall\u00bb position=\u00bbcenter\u00bb up=\u00bb6&#8243; down=\u00bb35&#8243;][vc_column_text] Pompe...\" \/>\n<meta property=\"og:url\" content=\"https:\/\/www.pompecucchi.it\/es\/unese-a-nuestro-equipo\/\" \/>\n<meta property=\"og:site_name\" content=\"Pompe Cucchi\" \/>\n<meta property=\"article:modified_time\" content=\"2026-02-19T13:58:49+00:00\" \/>\n<meta name=\"twitter:card\" content=\"summary_large_image\" \/>\n<meta name=\"twitter:label1\" content=\"Tiempo de lectura\" \/>\n\t<meta name=\"twitter:data1\" content=\"4 minutos\" \/>\n<script type=\"application\/ld+json\" class=\"yoast-schema-graph\">{\"@context\":\"https:\/\/schema.org\",\"@graph\":[{\"@type\":\"WebPage\",\"@id\":\"https:\/\/www.pompecucchi.it\/es\/unese-a-nuestro-equipo\/\",\"url\":\"https:\/\/www.pompecucchi.it\/es\/unese-a-nuestro-equipo\/\",\"name\":\"\u00danese a nuestro equipo - Pompe Cucchi\",\"isPartOf\":{\"@id\":\"https:\/\/www.pompecucchi.it\/es\/#website\"},\"datePublished\":\"2026-02-19T13:58:48+00:00\",\"dateModified\":\"2026-02-19T13:58:49+00:00\",\"breadcrumb\":{\"@id\":\"https:\/\/www.pompecucchi.it\/es\/unese-a-nuestro-equipo\/#breadcrumb\"},\"inLanguage\":\"es\",\"potentialAction\":[{\"@type\":\"ReadAction\",\"target\":[\"https:\/\/www.pompecucchi.it\/es\/unese-a-nuestro-equipo\/\"]}]},{\"@type\":\"BreadcrumbList\",\"@id\":\"https:\/\/www.pompecucchi.it\/es\/unese-a-nuestro-equipo\/#breadcrumb\",\"itemListElement\":[{\"@type\":\"ListItem\",\"position\":1,\"name\":\"Home\",\"item\":\"https:\/\/www.pompecucchi.it\/es\/\"},{\"@type\":\"ListItem\",\"position\":2,\"name\":\"\u00danese a nuestro equipo\"}]},{\"@type\":\"WebSite\",\"@id\":\"https:\/\/www.pompecucchi.it\/es\/#website\",\"url\":\"https:\/\/www.pompecucchi.it\/es\/\",\"name\":\"Pompe Cucchi\",\"description\":\"Pompe Cucchi\",\"potentialAction\":[{\"@type\":\"SearchAction\",\"target\":{\"@type\":\"EntryPoint\",\"urlTemplate\":\"https:\/\/www.pompecucchi.it\/es\/?s={search_term_string}\"},\"query-input\":{\"@type\":\"PropertyValueSpecification\",\"valueRequired\":true,\"valueName\":\"search_term_string\"}}],\"inLanguage\":\"es\"}]}<\/script>\n<!-- \/ Yoast SEO plugin. -->","yoast_head_json":{"title":"\u00danese a nuestro equipo - Pompe Cucchi","robots":{"index":"index","follow":"follow","max-snippet":"max-snippet:-1","max-image-preview":"max-image-preview:large","max-video-preview":"max-video-preview:-1"},"canonical":"https:\/\/www.pompecucchi.it\/es\/unese-a-nuestro-equipo\/","og_locale":"es_ES","og_type":"article","og_title":"\u00danese a nuestro equipo - Pompe Cucchi","og_description":"[vc_row css_animation=\u00bb\u00bb row_type=\u00bbrow\u00bb use_row_as_full_screen_section=\u00bbno\u00bb type=\u00bbgrid\u00bb angled_section=\u00bbno\u00bb text_align=\u00bbleft\u00bb background_image_as_pattern=\u00bbwithout_pattern\u00bb z_index=\u00bb\u00bb padding_top=\u00bb50&#8243; padding_bottom=\u00bb50&#8243;][vc_column][vc_column_text] \u00daNESE A NUESTRO EQUIPO [\/vc_column_text][vc_separator type=\u00bbsmall\u00bb position=\u00bbcenter\u00bb up=\u00bb6&#8243; down=\u00bb35&#8243;][vc_column_text] Pompe...","og_url":"https:\/\/www.pompecucchi.it\/es\/unese-a-nuestro-equipo\/","og_site_name":"Pompe Cucchi","article_modified_time":"2026-02-19T13:58:49+00:00","twitter_card":"summary_large_image","twitter_misc":{"Tiempo de lectura":"4 minutos"},"schema":{"@context":"https:\/\/schema.org","@graph":[{"@type":"WebPage","@id":"https:\/\/www.pompecucchi.it\/es\/unese-a-nuestro-equipo\/","url":"https:\/\/www.pompecucchi.it\/es\/unese-a-nuestro-equipo\/","name":"\u00danese a nuestro equipo - Pompe Cucchi","isPartOf":{"@id":"https:\/\/www.pompecucchi.it\/es\/#website"},"datePublished":"2026-02-19T13:58:48+00:00","dateModified":"2026-02-19T13:58:49+00:00","breadcrumb":{"@id":"https:\/\/www.pompecucchi.it\/es\/unese-a-nuestro-equipo\/#breadcrumb"},"inLanguage":"es","potentialAction":[{"@type":"ReadAction","target":["https:\/\/www.pompecucchi.it\/es\/unese-a-nuestro-equipo\/"]}]},{"@type":"BreadcrumbList","@id":"https:\/\/www.pompecucchi.it\/es\/unese-a-nuestro-equipo\/#breadcrumb","itemListElement":[{"@type":"ListItem","position":1,"name":"Home","item":"https:\/\/www.pompecucchi.it\/es\/"},{"@type":"ListItem","position":2,"name":"\u00danese a nuestro equipo"}]},{"@type":"WebSite","@id":"https:\/\/www.pompecucchi.it\/es\/#website","url":"https:\/\/www.pompecucchi.it\/es\/","name":"Pompe Cucchi","description":"Pompe Cucchi","potentialAction":[{"@type":"SearchAction","target":{"@type":"EntryPoint","urlTemplate":"https:\/\/www.pompecucchi.it\/es\/?s={search_term_string}"},"query-input":{"@type":"PropertyValueSpecification","valueRequired":true,"valueName":"search_term_string"}}],"inLanguage":"es"}]}},"_links":{"self":[{"href":"https:\/\/www.pompecucchi.it\/es\/wp-json\/wp\/v2\/pages\/22916"}],"collection":[{"href":"https:\/\/www.pompecucchi.it\/es\/wp-json\/wp\/v2\/pages"}],"about":[{"href":"https:\/\/www.pompecucchi.it\/es\/wp-json\/wp\/v2\/types\/page"}],"author":[{"embeddable":true,"href":"https:\/\/www.pompecucchi.it\/es\/wp-json\/wp\/v2\/users\/1"}],"replies":[{"embeddable":true,"href":"https:\/\/www.pompecucchi.it\/es\/wp-json\/wp\/v2\/comments?post=22916"}],"version-history":[{"count":2,"href":"https:\/\/www.pompecucchi.it\/es\/wp-json\/wp\/v2\/pages\/22916\/revisions"}],"predecessor-version":[{"id":22918,"href":"https:\/\/www.pompecucchi.it\/es\/wp-json\/wp\/v2\/pages\/22916\/revisions\/22918"}],"wp:attachment":[{"href":"https:\/\/www.pompecucchi.it\/es\/wp-json\/wp\/v2\/media?parent=22916"}],"curies":[{"name":"wp","href":"https:\/\/api.w.org\/{rel}","templated":true}]}}