{"id":23051,"date":"2026-02-26T17:43:00","date_gmt":"2026-02-26T16:43:00","guid":{"rendered":"https:\/\/www.pompecucchi.it\/politique-de-confidentialite\/"},"modified":"2026-02-26T17:56:36","modified_gmt":"2026-02-26T16:56:36","slug":"politique-de-confidentialite","status":"publish","type":"page","link":"https:\/\/www.pompecucchi.it\/es\/politica-de-privacidad\/","title":{"rendered":"Pol\u00edtica de privacidad"},"content":{"rendered":"<p>[vc_row css_animation=\u00bb\u00bb row_type=\u00bbrow\u00bb use_row_as_full_screen_section=\u00bbno\u00bb type=\u00bbfull_width\u00bb angled_section=\u00bbno\u00bb text_align=\u00bbleft\u00bb background_image_as_pattern=\u00bbwithout_pattern\u00bb][vc_column][vc_empty_space height=\u00bb35px\u00bb el_class=\u00bbspazio-pagine-mobile\u00bb][vc_column_text]<\/p>\n<h2>INFORMACI\u00d3N SOBRE PROTECCI\u00d3N DE DATOS<\/h2>\n<p><strong>DE CONFORMIDAD CON EL ART\u00cdCULO 13 DEL REGLAMENTO (UE) 2016\/679<\/strong><\/p>\n<p>Estimado usuario:<br \/>\nEl presente documento se le entrega en cumplimiento del art\u00edculo 13 del Reglamento (UE) 2016\/679 (denominado RGPD), que en materia de tratamiento de datos personales establece la obligaci\u00f3n para el responsable del tratamiento que recoja datos del interesado de facilitar a este, en calidad de persona f\u00edsica, en el momento en que dichos datos se obtengan, una serie de informaciones espec\u00edficas relativas a su gesti\u00f3n.<\/p>\n<p>A tal efecto, le facilitamos la presente informaci\u00f3n relativa al tratamiento de los datos personales que usted proporcionar\u00e1 al navegar por nuestro sitio web y, en particular, al utilizar los servicios <strong>\u00abSOLICITAR INFORMACI\u00d3N\u00bb, \u00abAUTOCANDIDATURA\u00bb, \u00abFORMULARIO DE SOLICITUD DE OFERTA SAFE AREA\u00bb, \u00abFORMULARIO DE SOLICITUD DE OFERTA ATEX\u00bb, <\/strong>que consisten en la cumplimentaci\u00f3n de un formulario en l\u00ednea mediante la introducci\u00f3n de nombre y apellidos, correo electr\u00f3nico, empresa solicitante, tel\u00e9fono, tipo de candidatura, presi\u00f3n, caudal, fluido, clasificaci\u00f3n y mensaje, con el fin de ser contactado nuevamente para recibir m\u00e1s informaci\u00f3n sobre nuestros servicios.<\/p>\n<p><strong>ART.1 \u2013 IDENTIDAD Y DATOS DE CONTACTO DEL RESPONSABLE DEL TRATAMIENTO<br \/>\n<em>(cf. art.13, apdo.1, letra a), RGPD)<\/em><\/strong><br \/>\nEl responsable del tratamiento de los datos personales que usted facilite ser\u00e1 Pompe Cucchi Srl, NIF-IVA 02066290152, con domicilio social en Via dei Pioppi, 39, 20090 Opera (Mil\u00e1n), Italia, cuyos datos de contacto son los siguientes:<br \/>\nTel\u00e9fono: <strong><a href=\"tel:+390257606287\">+39 02 57606287<\/a><\/strong><br \/>\nCorreo electr\u00f3nico: <strong><a href=\"mailto:sales@pompecucchi.it\">sales@pompecucchi.it<\/a><\/strong><\/p>\n<p><strong>ART.2 \u2013 DATOS DE CONTACTO DEL DELEGADO DE PROTECCI\u00d3N DE DATOS (DPO)<br \/>\n<em>(cf. art.13, apdo.1, letra b), RGPD)<\/em><\/strong><br \/>\nLa tipolog\u00eda espec\u00edfica del tratamiento de datos, as\u00ed como la actividad profesional ejercida, no prev\u00e9n la obligatoriedad de designar un Delegado de Protecci\u00f3n de Datos.<\/p>\n<p><strong>ART.3 \u2013 FINALIDAD Y BASE JUR\u00cdDICA DEL TRATAMIENTO DE LOS DATOS<br \/>\n<em>(cf. art.13, apdo.1, letra c), RGPD)<\/em><\/strong><br \/>\nEl tratamiento de los datos tendr\u00e1 como finalidad atender su solicitud de ser contactado nuevamente para recibir m\u00e1s informaci\u00f3n sobre nuestros servicios.<br \/>\nEl tratamiento se basar\u00e1 en el consentimiento del interesado, que deber\u00e1 otorgarse mediante la firma de las declaraciones incluidas al final de la presente informaci\u00f3n sobre privacidad, a la que el consentimiento har\u00e1 referencia expresa.<\/p>\n<p><strong>ART.4 \u2013 INTERESES LEG\u00cdTIMOS PERSEGUIDOS POR EL RESPONSABLE DEL TRATAMIENTO<br \/>\n<em>(cf. art.13, apdo.1, letra d), RGPD)<\/em><\/strong><br \/>\nEl tratamiento no es necesario para la satisfacci\u00f3n de intereses leg\u00edtimos del responsable del tratamiento ni de terceros.<\/p>\n<p><strong>ART.5 \u2013 DESTINATARIOS O CATEGOR\u00cdAS DE DESTINATARIOS DE LOS DATOS PERSONALES<br \/>\n<em>(cf. art.13, apdo.1, letra e), RGPD)<\/em><\/strong><br \/>\nEl tratamiento no prev\u00e9 destinatarios ni categor\u00edas de destinatarios de los datos personales.<\/p>\n<p><strong>ART.6 \u2013 TRANSFERENCIA DE DATOS A PA\u00cdSES FUERA DE LA UE U ORGANIZACIONES INTERNACIONALES<br \/>\n<em>(cf. art.13, apdo.1, letra f), RGPD)<\/em><\/strong><br \/>\nEl tratamiento no prev\u00e9 la transferencia de datos a pa\u00edses fuera de la UE ni a organizaciones internacionales.<\/p>\n<p><strong>ART.7 \u2013 PLAZO DE CONSERVACI\u00d3N DE LOS DATOS O CRITERIOS PARA SU DETERMINACI\u00d3N<br \/>\n<em>(cf. art.13, apdo.2, letra a), RGPD)<\/em><\/strong><br \/>\nLos datos del usuario se conservar\u00e1n \u00fanicamente durante el tiempo necesario para garantizar la correcta prestaci\u00f3n de los servicios ofrecidos.<\/p>\n<p><strong>ART.8 \u2013 DERECHOS DEL INTERESADO<br \/>\n<em>(cf. art.13, apdo.2, letra b), RGPD)<\/em><\/strong><br \/>\nEl interesado tiene derecho a solicitar al responsable del tratamiento el acceso a sus datos personales, su rectificaci\u00f3n o supresi\u00f3n, la limitaci\u00f3n de su tratamiento o a oponerse al mismo, as\u00ed como el derecho a la portabilidad de los datos.<\/p>\n<p><strong>ART.9 \u2013 REVOCACI\u00d3N DEL CONSENTIMIENTO<br \/>\n<em>(cf. art.13, apdo.2, letra c), RGPD)<\/em><\/strong><br \/>\nEl interesado tiene derecho a revocar el consentimiento para el tratamiento en cualquier momento; de conformidad con el art\u00edculo 13, apartado 2, letra c), del RGPD, la revocaci\u00f3n del consentimiento no afectar\u00e1 a la licitud del tratamiento basado en el consentimiento otorgado antes de su retirada.<\/p>\n<p>ART.10 \u2013 RECLAMACI\u00d3N<br \/>\n<em>(cf. art.13, apdo.2, letra d), RGPD)<\/em><br \/>\nEl interesado tiene derecho a presentar una reclamaci\u00f3n ante una autoridad de control.<\/p>\n<p><strong>ART.11 \u2013 OBLIGACI\u00d3N O NECESIDAD DE FACILITAR LOS DATOS<br \/>\n<em>(cf. art.13, apdo.2, letra e), RGPD)<\/em><\/strong><br \/>\nLa comunicaci\u00f3n de los datos personales es un requisito necesario para permitir que el usuario sea contactado nuevamente con el fin de recibir m\u00e1s informaci\u00f3n sobre nuestros servicios. El interesado no est\u00e1 legalmente obligado a facilitar dichos datos, pero la falta de comunicaci\u00f3n de los mismos har\u00e1 imposible atender su solicitud de contacto.<\/p>\n<p><strong>ART.12 \u2013 DECISIONES INDIVIDUALES AUTOMATIZADAS<br \/>\n<em>(cf. art.13, apdo.2, letra f), RGPD)<\/em><\/strong><br \/>\nEl tratamiento no estar\u00e1 sujeto a decisiones automatizadas.<\/p>\n<p><strong>ART.13 \u2013 FINALIDADES DISTINTAS DEL TRATAMIENTO<br \/>\n<em>(cf. art.13, apdo.3, RGPD)<\/em><\/strong><br \/>\nEl tratamiento no se llevar\u00e1 a cabo para finalidades distintas de las indicadas en el art\u00edculo 3.<\/p>\n<p><strong><em>Atentamente,<br \/>\nPompe Cucchi Srl<\/em><\/strong>[\/vc_column_text][vc_empty_space height=\u00bb60px\u00bb][\/vc_column][\/vc_row]<\/p>\n","protected":false},"excerpt":{"rendered":"<p>[vc_row css_animation=\u00bb\u00bb row_type=\u00bbrow\u00bb use_row_as_full_screen_section=\u00bbno\u00bb type=\u00bbfull_width\u00bb angled_section=\u00bbno\u00bb text_align=\u00bbleft\u00bb background_image_as_pattern=\u00bbwithout_pattern\u00bb][vc_column][vc_empty_space height=\u00bb35px\u00bb el_class=\u00bbspazio-pagine-mobile\u00bb][vc_column_text] INFORMACI\u00d3N SOBRE PROTECCI\u00d3N DE DATOS DE CONFORMIDAD CON EL ART\u00cdCULO 13&#8230;<\/p>\n","protected":false},"author":1,"featured_media":0,"parent":0,"menu_order":0,"comment_status":"closed","ping_status":"closed","template":"","meta":{"footnotes":""},"yoast_head":"<!-- This site is optimized with the Yoast SEO plugin v23.5 - https:\/\/yoast.com\/wordpress\/plugins\/seo\/ -->\n<title>Pol\u00edtica de privacidad - Pompe Cucchi<\/title>\n<meta name=\"robots\" content=\"noindex, nofollow\" \/>\n<meta property=\"og:locale\" content=\"es_ES\" \/>\n<meta property=\"og:type\" content=\"article\" \/>\n<meta property=\"og:title\" content=\"Pol\u00edtica de privacidad - Pompe Cucchi\" \/>\n<meta property=\"og:description\" content=\"[vc_row css_animation=\u00bb\u00bb row_type=\u00bbrow\u00bb use_row_as_full_screen_section=\u00bbno\u00bb type=\u00bbfull_width\u00bb angled_section=\u00bbno\u00bb text_align=\u00bbleft\u00bb background_image_as_pattern=\u00bbwithout_pattern\u00bb][vc_column][vc_empty_space height=\u00bb35px\u00bb el_class=\u00bbspazio-pagine-mobile\u00bb][vc_column_text] INFORMACI\u00d3N SOBRE PROTECCI\u00d3N DE DATOS DE CONFORMIDAD CON EL ART\u00cdCULO 13...\" \/>\n<meta property=\"og:url\" content=\"https:\/\/www.pompecucchi.it\/es\/politica-de-privacidad\/\" \/>\n<meta property=\"og:site_name\" content=\"Pompe Cucchi\" \/>\n<meta property=\"article:modified_time\" content=\"2026-02-26T16:56:36+00:00\" \/>\n<meta name=\"twitter:card\" content=\"summary_large_image\" \/>\n<meta name=\"twitter:label1\" content=\"Tiempo de lectura\" \/>\n\t<meta name=\"twitter:data1\" content=\"4 minutos\" \/>\n<script type=\"application\/ld+json\" class=\"yoast-schema-graph\">{\"@context\":\"https:\/\/schema.org\",\"@graph\":[{\"@type\":\"WebPage\",\"@id\":\"https:\/\/www.pompecucchi.it\/es\/politica-de-privacidad\/\",\"url\":\"https:\/\/www.pompecucchi.it\/es\/politica-de-privacidad\/\",\"name\":\"Pol\u00edtica de privacidad - Pompe Cucchi\",\"isPartOf\":{\"@id\":\"https:\/\/www.pompecucchi.it\/es\/#website\"},\"datePublished\":\"2026-02-26T16:43:00+00:00\",\"dateModified\":\"2026-02-26T16:56:36+00:00\",\"breadcrumb\":{\"@id\":\"https:\/\/www.pompecucchi.it\/es\/politica-de-privacidad\/#breadcrumb\"},\"inLanguage\":\"es\",\"potentialAction\":[{\"@type\":\"ReadAction\",\"target\":[\"https:\/\/www.pompecucchi.it\/es\/politica-de-privacidad\/\"]}]},{\"@type\":\"BreadcrumbList\",\"@id\":\"https:\/\/www.pompecucchi.it\/es\/politica-de-privacidad\/#breadcrumb\",\"itemListElement\":[{\"@type\":\"ListItem\",\"position\":1,\"name\":\"Home\",\"item\":\"https:\/\/www.pompecucchi.it\/es\/\"},{\"@type\":\"ListItem\",\"position\":2,\"name\":\"Pol\u00edtica de privacidad\"}]},{\"@type\":\"WebSite\",\"@id\":\"https:\/\/www.pompecucchi.it\/es\/#website\",\"url\":\"https:\/\/www.pompecucchi.it\/es\/\",\"name\":\"Pompe Cucchi\",\"description\":\"Pompe Cucchi\",\"potentialAction\":[{\"@type\":\"SearchAction\",\"target\":{\"@type\":\"EntryPoint\",\"urlTemplate\":\"https:\/\/www.pompecucchi.it\/es\/?s={search_term_string}\"},\"query-input\":{\"@type\":\"PropertyValueSpecification\",\"valueRequired\":true,\"valueName\":\"search_term_string\"}}],\"inLanguage\":\"es\"}]}<\/script>\n<!-- \/ Yoast SEO plugin. -->","yoast_head_json":{"title":"Pol\u00edtica de privacidad - Pompe Cucchi","robots":{"index":"noindex","follow":"nofollow"},"og_locale":"es_ES","og_type":"article","og_title":"Pol\u00edtica de privacidad - Pompe Cucchi","og_description":"[vc_row css_animation=\u00bb\u00bb row_type=\u00bbrow\u00bb use_row_as_full_screen_section=\u00bbno\u00bb type=\u00bbfull_width\u00bb angled_section=\u00bbno\u00bb text_align=\u00bbleft\u00bb background_image_as_pattern=\u00bbwithout_pattern\u00bb][vc_column][vc_empty_space height=\u00bb35px\u00bb el_class=\u00bbspazio-pagine-mobile\u00bb][vc_column_text] INFORMACI\u00d3N SOBRE PROTECCI\u00d3N DE DATOS DE CONFORMIDAD CON EL ART\u00cdCULO 13...","og_url":"https:\/\/www.pompecucchi.it\/es\/politica-de-privacidad\/","og_site_name":"Pompe Cucchi","article_modified_time":"2026-02-26T16:56:36+00:00","twitter_card":"summary_large_image","twitter_misc":{"Tiempo de lectura":"4 minutos"},"schema":{"@context":"https:\/\/schema.org","@graph":[{"@type":"WebPage","@id":"https:\/\/www.pompecucchi.it\/es\/politica-de-privacidad\/","url":"https:\/\/www.pompecucchi.it\/es\/politica-de-privacidad\/","name":"Pol\u00edtica de privacidad - Pompe Cucchi","isPartOf":{"@id":"https:\/\/www.pompecucchi.it\/es\/#website"},"datePublished":"2026-02-26T16:43:00+00:00","dateModified":"2026-02-26T16:56:36+00:00","breadcrumb":{"@id":"https:\/\/www.pompecucchi.it\/es\/politica-de-privacidad\/#breadcrumb"},"inLanguage":"es","potentialAction":[{"@type":"ReadAction","target":["https:\/\/www.pompecucchi.it\/es\/politica-de-privacidad\/"]}]},{"@type":"BreadcrumbList","@id":"https:\/\/www.pompecucchi.it\/es\/politica-de-privacidad\/#breadcrumb","itemListElement":[{"@type":"ListItem","position":1,"name":"Home","item":"https:\/\/www.pompecucchi.it\/es\/"},{"@type":"ListItem","position":2,"name":"Pol\u00edtica de privacidad"}]},{"@type":"WebSite","@id":"https:\/\/www.pompecucchi.it\/es\/#website","url":"https:\/\/www.pompecucchi.it\/es\/","name":"Pompe Cucchi","description":"Pompe Cucchi","potentialAction":[{"@type":"SearchAction","target":{"@type":"EntryPoint","urlTemplate":"https:\/\/www.pompecucchi.it\/es\/?s={search_term_string}"},"query-input":{"@type":"PropertyValueSpecification","valueRequired":true,"valueName":"search_term_string"}}],"inLanguage":"es"}]}},"_links":{"self":[{"href":"https:\/\/www.pompecucchi.it\/es\/wp-json\/wp\/v2\/pages\/23051"}],"collection":[{"href":"https:\/\/www.pompecucchi.it\/es\/wp-json\/wp\/v2\/pages"}],"about":[{"href":"https:\/\/www.pompecucchi.it\/es\/wp-json\/wp\/v2\/types\/page"}],"author":[{"embeddable":true,"href":"https:\/\/www.pompecucchi.it\/es\/wp-json\/wp\/v2\/users\/1"}],"replies":[{"embeddable":true,"href":"https:\/\/www.pompecucchi.it\/es\/wp-json\/wp\/v2\/comments?post=23051"}],"version-history":[{"count":5,"href":"https:\/\/www.pompecucchi.it\/es\/wp-json\/wp\/v2\/pages\/23051\/revisions"}],"predecessor-version":[{"id":23065,"href":"https:\/\/www.pompecucchi.it\/es\/wp-json\/wp\/v2\/pages\/23051\/revisions\/23065"}],"wp:attachment":[{"href":"https:\/\/www.pompecucchi.it\/es\/wp-json\/wp\/v2\/media?parent=23051"}],"curies":[{"name":"wp","href":"https:\/\/api.w.org\/{rel}","templated":true}]}}