{"id":22988,"date":"2026-02-25T16:24:00","date_gmt":"2026-02-25T15:24:00","guid":{"rendered":"https:\/\/www.pompecucchi.it\/entreprise\/"},"modified":"2026-02-25T16:24:35","modified_gmt":"2026-02-25T15:24:35","slug":"entreprise","status":"publish","type":"page","link":"https:\/\/www.pompecucchi.it\/fr\/assistance-technique-pompes-de-dosage\/","title":{"rendered":"Entreprise"},"content":{"rendered":"<p>[vc_row css_animation=\u00a0\u00bb\u00a0\u00bb row_type=\u00a0\u00bbrow\u00a0\u00bb use_row_as_full_screen_section=\u00a0\u00bbno\u00a0\u00bb type=\u00a0\u00bbfull_width\u00a0\u00bb angled_section=\u00a0\u00bbno\u00a0\u00bb text_align=\u00a0\u00bbcenter\u00a0\u00bb background_image_as_pattern=\u00a0\u00bbwithout_pattern\u00a0\u00bb el_class=\u00a0\u00bbtitolo-pagina\u00a0\u00bb z_index=\u00a0\u00bb\u00a0\u00bb background_image=\u00a0\u00bb16461&Prime; padding_top=\u00a0\u00bb100&Prime; padding_bottom=\u00a0\u00bb100&Prime;][vc_column width=\u00a0\u00bb1\/6&Prime;][\/vc_column][vc_column width=\u00a0\u00bb2\/3&Prime;][vc_column_text]<\/p>\n<h3 style=\"text-align: center; color: #fff; font-size: 30px;\">SOCI\u00c9T\u00c9<\/h3>\n<p style=\"text-align: center; font-weight: 600; font-size: 18px; color: #fff;\">Ing\u00e9nierie, exp\u00e9rience, expertise, passion et d\u00e9vouement : telle est la formule avec laquelle Pompe Cucchi travaille chaque jour pour vous offrir ce qu&rsquo;il y a de mieux. Nos points forts sont les suivants:<\/p>\n<p>[\/vc_column_text][\/vc_column][vc_column width=\u00a0\u00bb1\/6&Prime;][\/vc_column][\/vc_row][vc_row css_animation=\u00a0\u00bb\u00a0\u00bb row_type=\u00a0\u00bbrow\u00a0\u00bb use_row_as_full_screen_section=\u00a0\u00bbno\u00a0\u00bb type=\u00a0\u00bbgrid\u00a0\u00bb angled_section=\u00a0\u00bbno\u00a0\u00bb text_align=\u00a0\u00bbleft\u00a0\u00bb background_image_as_pattern=\u00a0\u00bbwithout_pattern\u00a0\u00bb padding_top=\u00a0\u00bb87&Prime; z_index=\u00a0\u00bb\u00a0\u00bb padding_bottom=\u00a0\u00bb87&Prime; el_class=\u00a0\u00bbpadding-mobile-2&Prime;][vc_column][qode_elements_holder number_of_columns=\u00a0\u00bbtwo_columns\u00a0\u00bb switch_to_one_column=\u00a0\u00bb768&Prime;][qode_elements_holder_item vertical_alignment=\u00a0\u00bbmiddle\u00a0\u00bb advanced_animations=\u00a0\u00bbno\u00a0\u00bb][vc_single_image image=\u00a0\u00bb19477&Prime; img_size=\u00a0\u00bbfull\u00a0\u00bb qode_css_animation=\u00a0\u00bb\u00a0\u00bb transition_delay=\u00a0\u00bb0.3&Prime;][\/qode_elements_holder_item][qode_elements_holder_item vertical_alignment=\u00a0\u00bbmiddle\u00a0\u00bb advanced_animations=\u00a0\u00bbno\u00a0\u00bb item_padding=\u00a0\u00bb0 0 0 50px\u00a0\u00bb item_padding_600_768=\u00a0\u00bb50px 0 0 0&Prime; item_padding_480_600=\u00a0\u00bb50px 0 0 0&Prime; item_padding_480=\u00a0\u00bb50px 0 0 0&Prime;][vc_column_text]<\/p>\n<h3 style=\"text-align: left;\">72 ANS D&rsquo;EXP\u00c9RIENCE<\/h3>\n<p>[\/vc_column_text][vc_separator type=\u00a0\u00bbsmall\u00a0\u00bb position=\u00a0\u00bbleft\u00a0\u00bb down=\u00a0\u00bb34&Prime; up=\u00a0\u00bb7&Prime;][vc_column_text]<\/p>\n<p style=\"text-align: justify; font-weight: 600; font-size: 16px;\">L\u2019entreprise Pompe Cucchi est pr\u00e9sente dans l&rsquo;industrie depuis 1948.<\/p>\n<p>Elle a commenc\u00e9 par fabriquer des pompes \u00e0 engrenages standards pour les produits lubrifiants et les liquides visqueux, puis, gr\u00e2ce \u00e0 la r\u00e9alisation de conceptions innovantes, elle en est venue \u00e0 proposer des produits qui permettent de pomper et de doser \u00e0 haute pression des fluides non lubrifiants ayant une viscosit\u00e9 extr\u00eamement faible.[\/vc_column_text][\/qode_elements_holder_item][\/qode_elements_holder][\/vc_column][\/vc_row][vc_row css_animation=\u00a0\u00bb\u00a0\u00bb row_type=\u00a0\u00bbrow\u00a0\u00bb use_row_as_full_screen_section=\u00a0\u00bbno\u00a0\u00bb type=\u00a0\u00bbgrid\u00a0\u00bb angled_section=\u00a0\u00bbno\u00a0\u00bb text_align=\u00a0\u00bbleft\u00a0\u00bb background_image_as_pattern=\u00a0\u00bbwithout_pattern\u00a0\u00bb padding_top=\u00a0\u00bb87&Prime; z_index=\u00a0\u00bb\u00a0\u00bb background_color=\u00a0\u00bb#ffffff\u00a0\u00bb padding_bottom=\u00a0\u00bb87&Prime; el_class=\u00a0\u00bbpadding-mobile-2&Prime;][vc_column][qode_elements_holder number_of_columns=\u00a0\u00bbtwo_columns\u00a0\u00bb switch_to_one_column=\u00a0\u00bb768&Prime;][qode_elements_holder_item vertical_alignment=\u00a0\u00bbmiddle\u00a0\u00bb advanced_animations=\u00a0\u00bbno\u00a0\u00bb item_padding=\u00a0\u00bb0 50px 0 0&Prime; item_padding_600_768=\u00a0\u00bb0 0 50px 0&Prime; item_padding_480_600=\u00a0\u00bb0 0 50px 0&Prime; item_padding_480=\u00a0\u00bb0 0 50px 0&Prime;][vc_column_text]<\/p>\n<h3 style=\"text-align: left;\">UN PERSONNEL QUALIFI\u00c9<\/h3>\n<p>[\/vc_column_text][vc_separator type=\u00a0\u00bbsmall\u00a0\u00bb position=\u00a0\u00bbleft\u00a0\u00bb down=\u00a0\u00bb34&Prime; up=\u00a0\u00bb7&Prime;][vc_column_text]<\/p>\n<h3 data-start=\"0\" data-end=\"52\"><strong data-start=\"4\" data-end=\"50\">Une \u00e9quipe d&rsquo;experts, un soutien in\u00e9gal\u00e9<\/strong><\/h3>\n<p data-start=\"54\" data-end=\"288\">Chez Pompe Cucchi, l&rsquo;assistance technique est bien plus qu&rsquo;un service : c&rsquo;est une valeur strat\u00e9gique. Notre \u00e9quipe combine l&rsquo;expertise de professionnels ayant une carri\u00e8re bien \u00e9tablie dans l&rsquo;industrie et la vision innovante de la jeune g\u00e9n\u00e9ration.<\/p>\n<p data-start=\"290\" data-end=\"560\" data-is-last-node=\"\" data-is-only-node=\"\">Cette synergie nous permet d&rsquo;offrir des solutions sur mesure, garantissant le plus haut niveau d&rsquo;efficacit\u00e9 et de performance dans chaque application industrielle. Comptez sur nous pour une assistance technique rapide, pr\u00e9cise et \u00e0 la pointe de la technologie : votre succ\u00e8s est notre mission.<\/p>\n<p>[\/vc_column_text][\/qode_elements_holder_item][qode_elements_holder_item vertical_alignment=\u00a0\u00bbmiddle\u00a0\u00bb advanced_animations=\u00a0\u00bbno\u00a0\u00bb][vc_single_image image=\u00a0\u00bb20360&Prime; img_size=\u00a0\u00bbfull\u00a0\u00bb qode_css_animation=\u00a0\u00bb\u00a0\u00bb transition_delay=\u00a0\u00bb0.3&Prime;][\/qode_elements_holder_item][\/qode_elements_holder][\/vc_column][\/vc_row][vc_row css_animation=\u00a0\u00bb\u00a0\u00bb row_type=\u00a0\u00bbrow\u00a0\u00bb use_row_as_full_screen_section=\u00a0\u00bbno\u00a0\u00bb type=\u00a0\u00bbgrid\u00a0\u00bb angled_section=\u00a0\u00bbno\u00a0\u00bb text_align=\u00a0\u00bbleft\u00a0\u00bb background_image_as_pattern=\u00a0\u00bbwithout_pattern\u00a0\u00bb padding_top=\u00a0\u00bb87&Prime; z_index=\u00a0\u00bb\u00a0\u00bb padding_bottom=\u00a0\u00bb87&Prime; el_class=\u00a0\u00bbpadding-mobile-2&Prime;][vc_column][qode_elements_holder number_of_columns=\u00a0\u00bbtwo_columns\u00a0\u00bb switch_to_one_column=\u00a0\u00bb768&Prime;][qode_elements_holder_item vertical_alignment=\u00a0\u00bbmiddle\u00a0\u00bb advanced_animations=\u00a0\u00bbno\u00a0\u00bb][vc_single_image image=\u00a0\u00bb19855&Prime; img_size=\u00a0\u00bbfull\u00a0\u00bb qode_css_animation=\u00a0\u00bb\u00a0\u00bb transition_delay=\u00a0\u00bb0.3&Prime;][\/qode_elements_holder_item][qode_elements_holder_item vertical_alignment=\u00a0\u00bbmiddle\u00a0\u00bb advanced_animations=\u00a0\u00bbno\u00a0\u00bb item_padding=\u00a0\u00bb0 0 0 50px\u00a0\u00bb item_padding_600_768=\u00a0\u00bb50px 0 0 0&Prime; item_padding_480_600=\u00a0\u00bb50px 0 0 0&Prime; item_padding_480=\u00a0\u00bb50px 0 0 0&Prime;][vc_column_text]<\/p>\n<h3 style=\"text-align: left;\">QUALIT\u00c9 ET INNOVATION<\/h3>\n<p>[\/vc_column_text][vc_separator type=\u00a0\u00bbsmall\u00a0\u00bb position=\u00a0\u00bbleft\u00a0\u00bb down=\u00a0\u00bb34&Prime; up=\u00a0\u00bb7&Prime;][vc_column_text]<\/p>\n<h3 data-start=\"0\" data-end=\"59\"><strong data-start=\"4\" data-end=\"57\">Qualit\u00e9 et innovation au service de l&rsquo;excellence<\/strong><\/h3>\n<p data-start=\"61\" data-end=\"259\">Notre conception est pilot\u00e9e par une \u00e9quipe d&rsquo;ing\u00e9nieurs hautement qualifi\u00e9s, soutenue par des stations de CAO de pointe, constamment mises \u00e0 jour pour garantir des solutions de pointe.<\/p>\n<p data-start=\"261\" data-end=\"648\">La production se d\u00e9roule dans un environnement hautement automatis\u00e9, gr\u00e2ce \u00e0 un centre d&rsquo;usinage \u00e0 commande num\u00e9rique dot\u00e9 de 18 palettes en ligne, d&rsquo;un magasin robotis\u00e9 de 400 outils et d&rsquo;un logiciel avanc\u00e9 pour l&rsquo;usinage sans personnel. Chaque pompe est test\u00e9e individuellement sur un banc d&rsquo;essai qui contr\u00f4le tous les param\u00e8tres techniques, garantissant ainsi une fiabilit\u00e9 maximale et des performances optimales.<\/p>\n<p data-start=\"650\" data-end=\"1054\">Pour la formation des techniciens, des revendeurs et des clients, nous utilisons un configurateur 3D st\u00e9r\u00e9oscopique immersif, qui permet de visualiser chaque pompe dans son int\u00e9gralit\u00e9 ou en vue \u00e9clat\u00e9e, en simulant le montage et le d\u00e9montage de toutes nos gammes. Le syst\u00e8me comprend \u00e9galement des modules d&rsquo;enseignement sur les ph\u00e9nom\u00e8nes de cavitation et la configuration des installations de dosage, ce qui rend l&rsquo;apprentissage plus efficace et interactif.<\/p>\n<p data-start=\"1056\" data-end=\"1151\" data-is-last-node=\"\" data-is-only-node=\"\">Pompes Cucchi : l\u00e0 o\u00f9 la qualit\u00e9 et l&rsquo;innovation se rencontrent pour red\u00e9finir les normes de l&rsquo;industrie.<\/p>\n<p>[\/vc_column_text][\/qode_elements_holder_item][\/qode_elements_holder][\/vc_column][\/vc_row][vc_row css_animation=\u00a0\u00bb\u00a0\u00bb row_type=\u00a0\u00bbrow\u00a0\u00bb use_row_as_full_screen_section=\u00a0\u00bbno\u00a0\u00bb type=\u00a0\u00bbgrid\u00a0\u00bb angled_section=\u00a0\u00bbno\u00a0\u00bb text_align=\u00a0\u00bbleft\u00a0\u00bb background_image_as_pattern=\u00a0\u00bbwithout_pattern\u00a0\u00bb padding_top=\u00a0\u00bb87&Prime; z_index=\u00a0\u00bb\u00a0\u00bb background_color=\u00a0\u00bb#ffffff\u00a0\u00bb padding_bottom=\u00a0\u00bb87&Prime; el_class=\u00a0\u00bbpadding-mobile-2&Prime;][vc_column][qode_elements_holder number_of_columns=\u00a0\u00bbtwo_columns\u00a0\u00bb switch_to_one_column=\u00a0\u00bb768&Prime;][qode_elements_holder_item vertical_alignment=\u00a0\u00bbmiddle\u00a0\u00bb advanced_animations=\u00a0\u00bbno\u00a0\u00bb item_padding=\u00a0\u00bb0 50px 0 0&Prime; item_padding_600_768=\u00a0\u00bb0 0 50px 0&Prime; item_padding_480_600=\u00a0\u00bb0 0 50px 0&Prime; item_padding_480=\u00a0\u00bb0 0 50px 0&Prime;][vc_column_text]<\/p>\n<h3 style=\"text-align: left;\">UN R\u00c9SEAU DE VENTE MONDIAL<\/h3>\n<p>[\/vc_column_text][vc_separator type=\u00a0\u00bbsmall\u00a0\u00bb position=\u00a0\u00bbleft\u00a0\u00bb down=\u00a0\u00bb34&Prime; up=\u00a0\u00bb7&Prime;][vc_column_text]<\/p>\n<p style=\"text-align: justify; font-weight: 600; font-size: 16px;\">L\u2019entreprise Pompe Cucchi est pr\u00e9sente dans le secteur des pompes depuis 1948.<\/p>\n<p>Fond\u00e9e en tant que fabricant de pompes \u00e0 engrenages standard pour liquides lubrifiants et visqueux, l&rsquo;entreprise a depuis lors d\u00e9velopp\u00e9 des conceptions innovantes pour offrir des produits destin\u00e9s au pompage et au dosage de fluides non lubrifiants ayant une viscosit\u00e9 extr\u00eamement faible \u00e0 des pressions \u00e9lev\u00e9es. Pompe Cucchi op\u00e8re depuis des ann\u00e9es dans le monde entier \u00e0 travers un r\u00e9seau d&rsquo;agents et de revendeurs.[\/vc_column_text][\/qode_elements_holder_item][qode_elements_holder_item vertical_alignment=\u00a0\u00bbmiddle\u00a0\u00bb advanced_animations=\u00a0\u00bbno\u00a0\u00bb][vc_single_image image=\u00a0\u00bb19875&Prime; img_size=\u00a0\u00bbfull\u00a0\u00bb qode_css_animation=\u00a0\u00bb\u00a0\u00bb transition_delay=\u00a0\u00bb0.3&Prime;][\/qode_elements_holder_item][\/qode_elements_holder][\/vc_column][\/vc_row]<\/p>\n","protected":false},"excerpt":{"rendered":"<p>[vc_row css_animation=\u00a0\u00bb\u00a0\u00bb row_type=\u00a0\u00bbrow\u00a0\u00bb use_row_as_full_screen_section=\u00a0\u00bbno\u00a0\u00bb type=\u00a0\u00bbfull_width\u00a0\u00bb angled_section=\u00a0\u00bbno\u00a0\u00bb text_align=\u00a0\u00bbcenter\u00a0\u00bb background_image_as_pattern=\u00a0\u00bbwithout_pattern\u00a0\u00bb el_class=\u00a0\u00bbtitolo-pagina\u00a0\u00bb z_index=\u00a0\u00bb\u00a0\u00bb background_image=\u00a0\u00bb16461&Prime; padding_top=\u00a0\u00bb100&Prime; padding_bottom=\u00a0\u00bb100&Prime;][vc_column width=\u00a0\u00bb1\/6&Prime;][\/vc_column][vc_column width=\u00a0\u00bb2\/3&Prime;][vc_column_text] SOCI\u00c9T\u00c9 Ing\u00e9nierie, exp\u00e9rience, expertise, passion et&#8230;<\/p>\n","protected":false},"author":1,"featured_media":0,"parent":0,"menu_order":0,"comment_status":"closed","ping_status":"closed","template":"full_width.php","meta":{"footnotes":""},"yoast_head":"<!-- This site is optimized with the Yoast SEO plugin v23.5 - https:\/\/yoast.com\/wordpress\/plugins\/seo\/ -->\n<title>Assistance technique pour les pompes doseuses | Pompe Cucchi<\/title>\n<meta name=\"description\" content=\"Pompe Cucchi fournit une assistance technique pour les pompes de dosage de fluides, y compris les fluides non lubrifiants et \u00e0 tr\u00e8s faible viscosit\u00e9 \u00e0 haute pression.\" \/>\n<meta name=\"robots\" content=\"index, follow, max-snippet:-1, max-image-preview:large, max-video-preview:-1\" \/>\n<link rel=\"canonical\" href=\"https:\/\/www.pompecucchi.it\/fr\/assistance-technique-pompes-de-dosage\/\" \/>\n<meta property=\"og:locale\" content=\"fr_FR\" \/>\n<meta property=\"og:type\" content=\"article\" \/>\n<meta property=\"og:title\" content=\"Assistance technique pour les pompes doseuses | Pompe Cucchi\" \/>\n<meta property=\"og:description\" content=\"Pompe Cucchi fournit une assistance technique pour les pompes de dosage de fluides, y compris les fluides non lubrifiants et \u00e0 tr\u00e8s faible viscosit\u00e9 \u00e0 haute pression.\" \/>\n<meta property=\"og:url\" content=\"https:\/\/www.pompecucchi.it\/fr\/assistance-technique-pompes-de-dosage\/\" \/>\n<meta property=\"og:site_name\" content=\"Pompe Cucchi\" \/>\n<meta property=\"article:modified_time\" content=\"2026-02-25T15:24:35+00:00\" \/>\n<meta name=\"twitter:card\" content=\"summary_large_image\" \/>\n<meta name=\"twitter:label1\" content=\"Dur\u00e9e de lecture estim\u00e9e\" \/>\n\t<meta name=\"twitter:data1\" content=\"4 minutes\" \/>\n<script type=\"application\/ld+json\" class=\"yoast-schema-graph\">{\"@context\":\"https:\/\/schema.org\",\"@graph\":[{\"@type\":\"WebPage\",\"@id\":\"https:\/\/www.pompecucchi.it\/fr\/assistance-technique-pompes-de-dosage\/\",\"url\":\"https:\/\/www.pompecucchi.it\/fr\/assistance-technique-pompes-de-dosage\/\",\"name\":\"Assistance technique pour les pompes doseuses | Pompe Cucchi\",\"isPartOf\":{\"@id\":\"https:\/\/www.pompecucchi.it\/fr\/#website\"},\"datePublished\":\"2026-02-25T15:24:00+00:00\",\"dateModified\":\"2026-02-25T15:24:35+00:00\",\"description\":\"Pompe Cucchi fournit une assistance technique pour les pompes de dosage de fluides, y compris les fluides non lubrifiants et \u00e0 tr\u00e8s faible viscosit\u00e9 \u00e0 haute pression.\",\"breadcrumb\":{\"@id\":\"https:\/\/www.pompecucchi.it\/fr\/assistance-technique-pompes-de-dosage\/#breadcrumb\"},\"inLanguage\":\"fr-FR\",\"potentialAction\":[{\"@type\":\"ReadAction\",\"target\":[\"https:\/\/www.pompecucchi.it\/fr\/assistance-technique-pompes-de-dosage\/\"]}]},{\"@type\":\"BreadcrumbList\",\"@id\":\"https:\/\/www.pompecucchi.it\/fr\/assistance-technique-pompes-de-dosage\/#breadcrumb\",\"itemListElement\":[{\"@type\":\"ListItem\",\"position\":1,\"name\":\"Home\",\"item\":\"https:\/\/www.pompecucchi.it\/fr\/\"},{\"@type\":\"ListItem\",\"position\":2,\"name\":\"Entreprise\"}]},{\"@type\":\"WebSite\",\"@id\":\"https:\/\/www.pompecucchi.it\/fr\/#website\",\"url\":\"https:\/\/www.pompecucchi.it\/fr\/\",\"name\":\"Pompe Cucchi\",\"description\":\"Pompe Cucchi\",\"potentialAction\":[{\"@type\":\"SearchAction\",\"target\":{\"@type\":\"EntryPoint\",\"urlTemplate\":\"https:\/\/www.pompecucchi.it\/fr\/?s={search_term_string}\"},\"query-input\":{\"@type\":\"PropertyValueSpecification\",\"valueRequired\":true,\"valueName\":\"search_term_string\"}}],\"inLanguage\":\"fr-FR\"}]}<\/script>\n<!-- \/ Yoast SEO plugin. -->","yoast_head_json":{"title":"Assistance technique pour les pompes doseuses | Pompe Cucchi","description":"Pompe Cucchi fournit une assistance technique pour les pompes de dosage de fluides, y compris les fluides non lubrifiants et \u00e0 tr\u00e8s faible viscosit\u00e9 \u00e0 haute pression.","robots":{"index":"index","follow":"follow","max-snippet":"max-snippet:-1","max-image-preview":"max-image-preview:large","max-video-preview":"max-video-preview:-1"},"canonical":"https:\/\/www.pompecucchi.it\/fr\/assistance-technique-pompes-de-dosage\/","og_locale":"fr_FR","og_type":"article","og_title":"Assistance technique pour les pompes doseuses | Pompe Cucchi","og_description":"Pompe Cucchi fournit une assistance technique pour les pompes de dosage de fluides, y compris les fluides non lubrifiants et \u00e0 tr\u00e8s faible viscosit\u00e9 \u00e0 haute pression.","og_url":"https:\/\/www.pompecucchi.it\/fr\/assistance-technique-pompes-de-dosage\/","og_site_name":"Pompe Cucchi","article_modified_time":"2026-02-25T15:24:35+00:00","twitter_card":"summary_large_image","twitter_misc":{"Dur\u00e9e de lecture estim\u00e9e":"4 minutes"},"schema":{"@context":"https:\/\/schema.org","@graph":[{"@type":"WebPage","@id":"https:\/\/www.pompecucchi.it\/fr\/assistance-technique-pompes-de-dosage\/","url":"https:\/\/www.pompecucchi.it\/fr\/assistance-technique-pompes-de-dosage\/","name":"Assistance technique pour les pompes doseuses | Pompe Cucchi","isPartOf":{"@id":"https:\/\/www.pompecucchi.it\/fr\/#website"},"datePublished":"2026-02-25T15:24:00+00:00","dateModified":"2026-02-25T15:24:35+00:00","description":"Pompe Cucchi fournit une assistance technique pour les pompes de dosage de fluides, y compris les fluides non lubrifiants et \u00e0 tr\u00e8s faible viscosit\u00e9 \u00e0 haute pression.","breadcrumb":{"@id":"https:\/\/www.pompecucchi.it\/fr\/assistance-technique-pompes-de-dosage\/#breadcrumb"},"inLanguage":"fr-FR","potentialAction":[{"@type":"ReadAction","target":["https:\/\/www.pompecucchi.it\/fr\/assistance-technique-pompes-de-dosage\/"]}]},{"@type":"BreadcrumbList","@id":"https:\/\/www.pompecucchi.it\/fr\/assistance-technique-pompes-de-dosage\/#breadcrumb","itemListElement":[{"@type":"ListItem","position":1,"name":"Home","item":"https:\/\/www.pompecucchi.it\/fr\/"},{"@type":"ListItem","position":2,"name":"Entreprise"}]},{"@type":"WebSite","@id":"https:\/\/www.pompecucchi.it\/fr\/#website","url":"https:\/\/www.pompecucchi.it\/fr\/","name":"Pompe Cucchi","description":"Pompe Cucchi","potentialAction":[{"@type":"SearchAction","target":{"@type":"EntryPoint","urlTemplate":"https:\/\/www.pompecucchi.it\/fr\/?s={search_term_string}"},"query-input":{"@type":"PropertyValueSpecification","valueRequired":true,"valueName":"search_term_string"}}],"inLanguage":"fr-FR"}]}},"_links":{"self":[{"href":"https:\/\/www.pompecucchi.it\/fr\/wp-json\/wp\/v2\/pages\/22988"}],"collection":[{"href":"https:\/\/www.pompecucchi.it\/fr\/wp-json\/wp\/v2\/pages"}],"about":[{"href":"https:\/\/www.pompecucchi.it\/fr\/wp-json\/wp\/v2\/types\/page"}],"author":[{"embeddable":true,"href":"https:\/\/www.pompecucchi.it\/fr\/wp-json\/wp\/v2\/users\/1"}],"replies":[{"embeddable":true,"href":"https:\/\/www.pompecucchi.it\/fr\/wp-json\/wp\/v2\/comments?post=22988"}],"version-history":[{"count":4,"href":"https:\/\/www.pompecucchi.it\/fr\/wp-json\/wp\/v2\/pages\/22988\/revisions"}],"predecessor-version":[{"id":22992,"href":"https:\/\/www.pompecucchi.it\/fr\/wp-json\/wp\/v2\/pages\/22988\/revisions\/22992"}],"wp:attachment":[{"href":"https:\/\/www.pompecucchi.it\/fr\/wp-json\/wp\/v2\/media?parent=22988"}],"curies":[{"name":"wp","href":"https:\/\/api.w.org\/{rel}","templated":true}]}}