{"id":22993,"date":"2026-02-25T16:35:53","date_gmt":"2026-02-25T15:35:53","guid":{"rendered":"https:\/\/www.pompecucchi.it\/technologie\/"},"modified":"2026-02-25T16:36:52","modified_gmt":"2026-02-25T15:36:52","slug":"technologie","status":"publish","type":"page","link":"https:\/\/www.pompecucchi.it\/fr\/conception-cae-pompes-industrielles\/","title":{"rendered":"Technologie"},"content":{"rendered":"<p>[vc_row css_animation=\u00a0\u00bb\u00a0\u00bb row_type=\u00a0\u00bbrow\u00a0\u00bb use_row_as_full_screen_section=\u00a0\u00bbno\u00a0\u00bb type=\u00a0\u00bbfull_width\u00a0\u00bb angled_section=\u00a0\u00bbno\u00a0\u00bb text_align=\u00a0\u00bbcenter\u00a0\u00bb background_image_as_pattern=\u00a0\u00bbwithout_pattern\u00a0\u00bb el_class=\u00a0\u00bbtitolo-pagina\u00a0\u00bb z_index=\u00a0\u00bb\u00a0\u00bb background_image=\u00a0\u00bb16461&Prime; padding_top=\u00a0\u00bb100&Prime; padding_bottom=\u00a0\u00bb100&Prime;][vc_column width=\u00a0\u00bb1\/6&Prime;][\/vc_column][vc_column width=\u00a0\u00bb2\/3&Prime;][vc_column_text]<\/p>\n<h3 style=\"text-align: center; color: #fff; font-size: 30px;\">TECHNOLOGIE<\/h3>\n<p>[\/vc_column_text][\/vc_column][vc_column width=\u00a0\u00bb1\/6&Prime;][\/vc_column][\/vc_row][vc_row css_animation=\u00a0\u00bb\u00a0\u00bb row_type=\u00a0\u00bbrow\u00a0\u00bb use_row_as_full_screen_section=\u00a0\u00bbno\u00a0\u00bb type=\u00a0\u00bbgrid\u00a0\u00bb angled_section=\u00a0\u00bbno\u00a0\u00bb text_align=\u00a0\u00bbleft\u00a0\u00bb background_image_as_pattern=\u00a0\u00bbwithout_pattern\u00a0\u00bb z_index=\u00a0\u00bb\u00a0\u00bb el_class=\u00a0\u00bbpadding-mobile-2&Prime; padding_top=\u00a0\u00bb50&Prime; padding_bottom=\u00a0\u00bb50&Prime;][vc_column width=\u00a0\u00bb1\/6&Prime;][\/vc_column][vc_column width=\u00a0\u00bb2\/3&Prime;][vc_column_text]<\/p>\n<p style=\"text-align: center; font-weight: 600; font-size: 18px;\">La conception est confi\u00e9e \u00e0 une \u00e9quipe d&rsquo;ing\u00e9nieurs hautement qualifi\u00e9s, qui utilisent des stations de CAO de pointe. Ces outils de pointe sont constamment mis \u00e0 jour pour suivre l&rsquo;\u00e9volution des logiciels, ce qui garantit des solutions innovantes d&rsquo;une grande qualit\u00e9 technique.<\/p>\n<p>[\/vc_column_text][\/vc_column][vc_column width=\u00a0\u00bb1\/6&Prime;][\/vc_column][\/vc_row][vc_row css_animation=\u00a0\u00bb\u00a0\u00bb row_type=\u00a0\u00bbrow\u00a0\u00bb use_row_as_full_screen_section=\u00a0\u00bbno\u00a0\u00bb type=\u00a0\u00bbgrid\u00a0\u00bb angled_section=\u00a0\u00bbno\u00a0\u00bb text_align=\u00a0\u00bbleft\u00a0\u00bb background_image_as_pattern=\u00a0\u00bbwithout_pattern\u00a0\u00bb padding_top=\u00a0\u00bb87&Prime; z_index=\u00a0\u00bb\u00a0\u00bb el_class=\u00a0\u00bbpadding-mobile-2&Prime; padding_bottom=\u00a0\u00bb87&Prime; background_color=\u00a0\u00bb#ffffff\u00a0\u00bb][vc_column][qode_elements_holder number_of_columns=\u00a0\u00bbtwo_columns\u00a0\u00bb switch_to_one_column=\u00a0\u00bb768&Prime;][qode_elements_holder_item vertical_alignment=\u00a0\u00bbmiddle\u00a0\u00bb advanced_animations=\u00a0\u00bbno\u00a0\u00bb][vc_single_image image=\u00a0\u00bb19919&Prime; img_size=\u00a0\u00bbfull\u00a0\u00bb qode_css_animation=\u00a0\u00bb\u00a0\u00bb transition_delay=\u00a0\u00bb0.3&Prime;][\/qode_elements_holder_item][qode_elements_holder_item vertical_alignment=\u00a0\u00bbmiddle\u00a0\u00bb advanced_animations=\u00a0\u00bbno\u00a0\u00bb item_padding=\u00a0\u00bb0 0 0 50px\u00a0\u00bb item_padding_600_768=\u00a0\u00bb50px 0 0 0&Prime; item_padding_480_600=\u00a0\u00bb50px 0 0 0&Prime; item_padding_480=\u00a0\u00bb50px 0 0 0&Prime;][vc_column_text]<\/p>\n<h3 style=\"text-align: left;\">PRODUCTION<\/h3>\n<p>[\/vc_column_text][vc_separator type=\u00a0\u00bbsmall\u00a0\u00bb position=\u00a0\u00bbleft\u00a0\u00bb down=\u00a0\u00bb34&Prime; up=\u00a0\u00bb7&Prime;][vc_column_text]<\/p>\n<p style=\"text-align: justify; font-weight: 600;\">Pompe Cucchi a pr\u00e9sent\u00e9 un nouveau centre d&rsquo;usinage CNC \u00e0 18 palettes capable de travailler 24 heures sur 24, m\u00eame sans personnel, en utilisant un logiciel de supervision pour la gestion, le contr\u00f4le et l&rsquo;int\u00e9gration des syst\u00e8mes de production MCM.<\/p>\n<p>[\/vc_column_text][\/qode_elements_holder_item][\/qode_elements_holder][vc_empty_space][vc_column_text]Cette machine, dot\u00e9e d&rsquo;un magasin robotis\u00e9 de 400 outils et d&rsquo;un superviseur de pointe, apporte les avantages suivants \u00e0 la production :<\/p>\n<ul class=\"elenco-tre\">\n<li>augmenter la productivit\u00e9 de l\u2019\u00e9quipement<\/li>\n<li>assurer le respect des dates de livraison des commandes convenues avec les clients<\/li>\n<li>\u00e9lasticit\u00e9 de la production en choisissant de passer d&rsquo;un processus \u00e0 l&rsquo;autre en temps r\u00e9el<\/li>\n<li>am\u00e9liorer la qualit\u00e9 des produits<\/li>\n<li>haute pr\u00e9cision et r\u00e9p\u00e9tabilit\u00e9 des usinages.<\/li>\n<\/ul>\n<p><strong>Les caract\u00e9ristiques techniques exceptionnelles de ce centre CNC sont les suivantes:<\/strong><\/p>\n<div class=\"elenco-uno\">\n<ul>\n<li>Course de l&rsquo;axe X = 1 200 mm<\/li>\n<li>Course de l&rsquo;axe Y = 850 mm<\/li>\n<li>Course de l&rsquo;axe Z = 850 mm<\/li>\n<li>Diam\u00e8tre de rotation de l&rsquo;outil = 1 200 mm<\/li>\n<li>Avancements rapides des axes X-Z : 75 m\/min<\/li>\n<li>Avancement rapide de l&rsquo;axe Y : 60 m\/min<\/li>\n<li>Avancement rapide de l&rsquo;axe B : 50 tr\/min<\/li>\n<\/ul>\n<\/div>\n<div class=\"elenco-due\">\n<ul>\n<li>Pouss\u00e9e sur les axes : 30.000 N<\/li>\n<li>\u00c9lectrobroche 8 000 tr\/min ISO50 487Nm 60kW<\/li>\n<li>Plateau tournant continu 3 600 000 positions<\/li>\n<li>Multipalette avec 25 palettes 630\u00d7630<\/li>\n<li>Magasin d&rsquo;outils 399 places<\/li>\n<li>Commande num\u00e9rique Fanuc 16i-MB<\/li>\n<li>Superviseur de Work Area MCM j-FMX<\/li>\n<\/ul>\n<\/div>\n<p>[\/vc_column_text][\/vc_column][\/vc_row][vc_row css_animation=\u00a0\u00bb\u00a0\u00bb row_type=\u00a0\u00bbrow\u00a0\u00bb use_row_as_full_screen_section=\u00a0\u00bbno\u00a0\u00bb type=\u00a0\u00bbgrid\u00a0\u00bb angled_section=\u00a0\u00bbno\u00a0\u00bb text_align=\u00a0\u00bbleft\u00a0\u00bb background_image_as_pattern=\u00a0\u00bbwithout_pattern\u00a0\u00bb padding_top=\u00a0\u00bb87&Prime; z_index=\u00a0\u00bb\u00a0\u00bb el_class=\u00a0\u00bbpadding-mobile-2&Prime; padding_bottom=\u00a0\u00bb87&Prime;][vc_column][qode_elements_holder number_of_columns=\u00a0\u00bbtwo_columns\u00a0\u00bb columns_proportion=\u00a0\u00bb66_33&Prime; switch_to_one_column=\u00a0\u00bb768&Prime;][qode_elements_holder_item vertical_alignment=\u00a0\u00bbmiddle\u00a0\u00bb advanced_animations=\u00a0\u00bbno\u00a0\u00bb item_padding=\u00a0\u00bb0 50px 0 0&Prime; item_padding_600_768=\u00a0\u00bb0 0 50px 0&Prime; item_padding_480_600=\u00a0\u00bb0 0 50px 0&Prime; item_padding_480=\u00a0\u00bb0 0 50px 0&Prime;][vc_column_text]<\/p>\n<h3 style=\"text-align: left;\">MAT\u00c9RIAUX SP\u00c9CIAUX<\/h3>\n<p>[\/vc_column_text][vc_separator type=\u00a0\u00bbsmall\u00a0\u00bb position=\u00a0\u00bbleft\u00a0\u00bb down=\u00a0\u00bb34&Prime; up=\u00a0\u00bb7&Prime;][vc_column_text]<\/p>\n<p style=\"text-align: justify; font-weight: 600; font-size: 16px;\">Le d\u00e9veloppement continu de la conception et la recherche de mat\u00e9riaux innovants nous ont permis de produire des pompes en AISI 316L, en titane et en Hastelloy C.<\/p>\n<p>Les ex\u00e9cutions peuvent \u00eatre personnalis\u00e9es avec l&rsquo;installation de garnitures m\u00e9caniques simples, doubles tandem, doubles dos \u00e0 dos et syst\u00e8mes d&rsquo;entra\u00eenement magn\u00e9tique, \u00e9galement en conformit\u00e9 avec les r\u00e9glementations ATEX.<\/p>\n<p>En outre, nous avons d\u00e9velopp\u00e9 des solutions avanc\u00e9es pour l&rsquo;insertion de bagues et de rondelles en carbure de tungst\u00e8ne, ainsi que d&rsquo;arbres rev\u00eatus d&rsquo;oxyde de chrome dans certaines pompes doseuses de la s\u00e9rie N. Ces pompes sont sp\u00e9cifiquement con\u00e7ues pour le dosage de produits l\u00e9g\u00e8rement abrasifs, ce qui garantit une plus grande efficacit\u00e9 et une plus longue dur\u00e9e de vie.[\/vc_column_text][\/qode_elements_holder_item][qode_elements_holder_item vertical_alignment=\u00a0\u00bbmiddle\u00a0\u00bb advanced_animations=\u00a0\u00bbno\u00a0\u00bb][vc_single_image image=\u00a0\u00bb19924&Prime; img_size=\u00a0\u00bbfull\u00a0\u00bb qode_css_animation=\u00a0\u00bb\u00a0\u00bb transition_delay=\u00a0\u00bb0.3&Prime;][\/qode_elements_holder_item][\/qode_elements_holder][\/vc_column][\/vc_row][vc_row css_animation=\u00a0\u00bb\u00a0\u00bb row_type=\u00a0\u00bbrow\u00a0\u00bb use_row_as_full_screen_section=\u00a0\u00bbno\u00a0\u00bb type=\u00a0\u00bbgrid\u00a0\u00bb angled_section=\u00a0\u00bbno\u00a0\u00bb text_align=\u00a0\u00bbleft\u00a0\u00bb background_image_as_pattern=\u00a0\u00bbwithout_pattern\u00a0\u00bb padding_top=\u00a0\u00bb87&Prime; z_index=\u00a0\u00bb\u00a0\u00bb el_class=\u00a0\u00bbpadding-mobile-2&Prime; padding_bottom=\u00a0\u00bb87&Prime; background_color=\u00a0\u00bb#ffffff\u00a0\u00bb][vc_column][qode_elements_holder number_of_columns=\u00a0\u00bbtwo_columns\u00a0\u00bb switch_to_one_column=\u00a0\u00bb768&Prime;][qode_elements_holder_item vertical_alignment=\u00a0\u00bbmiddle\u00a0\u00bb advanced_animations=\u00a0\u00bbno\u00a0\u00bb][vc_single_image image=\u00a0\u00bb19934&Prime; img_size=\u00a0\u00bbfull\u00a0\u00bb qode_css_animation=\u00a0\u00bb\u00a0\u00bb transition_delay=\u00a0\u00bb0.3&Prime;][\/qode_elements_holder_item][qode_elements_holder_item vertical_alignment=\u00a0\u00bbmiddle\u00a0\u00bb advanced_animations=\u00a0\u00bbno\u00a0\u00bb item_padding=\u00a0\u00bb0 0 0 50px\u00a0\u00bb item_padding_600_768=\u00a0\u00bb50px 0 0 0&Prime; item_padding_480_600=\u00a0\u00bb50px 0 0 0&Prime; item_padding_480=\u00a0\u00bb50px 0 0 0&Prime;][vc_column_text]<\/p>\n<h3 style=\"text-align: left;\">TRAITEMENTS<\/h3>\n<p>[\/vc_column_text][vc_separator type=\u00a0\u00bbsmall\u00a0\u00bb position=\u00a0\u00bbleft\u00a0\u00bb down=\u00a0\u00bb34&Prime; up=\u00a0\u00bb7&Prime;][vc_column_text]<\/p>\n<p style=\"text-align: justify; font-weight: 600; font-size: 16px;\">Nouveaux traitements thermochimiques.<\/p>\n<p>De nouveaux traitements thermochimiques ont conf\u00e9r\u00e9 aux engrenages et aux arbres de certaines s\u00e9ries de pompes une duret\u00e9 superficielle extraordinaire pouvant atteindre 4000 Vickers. Cette innovation a ouvert la voie \u00e0 de nouvelles applications consid\u00e9r\u00e9es comme impossibles il y a seulement quelques ann\u00e9es, \u00e9largissant consid\u00e9rablement le potentiel et les performances de ces composants m\u00e9caniques.[\/vc_column_text][\/qode_elements_holder_item][\/qode_elements_holder][\/vc_column][\/vc_row][vc_row css_animation=\u00a0\u00bb\u00a0\u00bb row_type=\u00a0\u00bbrow\u00a0\u00bb use_row_as_full_screen_section=\u00a0\u00bbno\u00a0\u00bb type=\u00a0\u00bbgrid\u00a0\u00bb angled_section=\u00a0\u00bbno\u00a0\u00bb text_align=\u00a0\u00bbleft\u00a0\u00bb background_image_as_pattern=\u00a0\u00bbwithout_pattern\u00a0\u00bb padding_top=\u00a0\u00bb87&Prime; z_index=\u00a0\u00bb\u00a0\u00bb el_class=\u00a0\u00bbpadding-mobile-2&Prime; padding_bottom=\u00a0\u00bb87&Prime;][vc_column][qode_elements_holder number_of_columns=\u00a0\u00bbtwo_columns\u00a0\u00bb switch_to_one_column=\u00a0\u00bb768&Prime;][qode_elements_holder_item vertical_alignment=\u00a0\u00bbmiddle\u00a0\u00bb advanced_animations=\u00a0\u00bbno\u00a0\u00bb item_padding=\u00a0\u00bb0 50px 0 0&Prime; item_padding_600_768=\u00a0\u00bb0 0 50px 0&Prime; item_padding_480_600=\u00a0\u00bb0 0 50px 0&Prime; item_padding_480=\u00a0\u00bb0 0 50px 0&Prime;][vc_column_text]<\/p>\n<h3 style=\"text-align: left;\">CONTR\u00d4LES<\/h3>\n<p>[\/vc_column_text][vc_separator type=\u00a0\u00bbsmall\u00a0\u00bb position=\u00a0\u00bbleft\u00a0\u00bb down=\u00a0\u00bb34&Prime; up=\u00a0\u00bb7&Prime;][vc_column_text]<\/p>\n<p style=\"text-align: justify; font-weight: 600; font-size: 16px;\">Toutes les pompes sont test\u00e9es hydrauliquement.<\/p>\n<p>L&rsquo;atelier est \u00e9quip\u00e9 d&rsquo;un banc d&rsquo;essai de pompe avec un logiciel appropri\u00e9 pour mesurer, visualiser et imprimer les diff\u00e9rents param\u00e8tres hydrauliques et \u00e9lectriques.[\/vc_column_text][\/qode_elements_holder_item][qode_elements_holder_item vertical_alignment=\u00a0\u00bbmiddle\u00a0\u00bb advanced_animations=\u00a0\u00bbno\u00a0\u00bb][vc_single_image image=\u00a0\u00bb19483&Prime; img_size=\u00a0\u00bbfull\u00a0\u00bb qode_css_animation=\u00a0\u00bb\u00a0\u00bb transition_delay=\u00a0\u00bb0.3&Prime;][\/qode_elements_holder_item][\/qode_elements_holder][\/vc_column][\/vc_row][vc_row css_animation=\u00a0\u00bb\u00a0\u00bb row_type=\u00a0\u00bbrow\u00a0\u00bb use_row_as_full_screen_section=\u00a0\u00bbno\u00a0\u00bb type=\u00a0\u00bbgrid\u00a0\u00bb angled_section=\u00a0\u00bbno\u00a0\u00bb text_align=\u00a0\u00bbleft\u00a0\u00bb background_image_as_pattern=\u00a0\u00bbwithout_pattern\u00a0\u00bb padding_top=\u00a0\u00bb87&Prime; z_index=\u00a0\u00bb\u00a0\u00bb el_class=\u00a0\u00bbpadding-mobile-2&Prime; padding_bottom=\u00a0\u00bb87&Prime; background_color=\u00a0\u00bb#ffffff\u00a0\u00bb][vc_column][qode_elements_holder number_of_columns=\u00a0\u00bbtwo_columns\u00a0\u00bb switch_to_one_column=\u00a0\u00bb768&Prime;][qode_elements_holder_item vertical_alignment=\u00a0\u00bbmiddle\u00a0\u00bb advanced_animations=\u00a0\u00bbno\u00a0\u00bb][vc_single_image image=\u00a0\u00bb19929&Prime; img_size=\u00a0\u00bbfull\u00a0\u00bb qode_css_animation=\u00a0\u00bb\u00a0\u00bb transition_delay=\u00a0\u00bb0.3&Prime;][\/qode_elements_holder_item][qode_elements_holder_item vertical_alignment=\u00a0\u00bbmiddle\u00a0\u00bb advanced_animations=\u00a0\u00bbno\u00a0\u00bb item_padding=\u00a0\u00bb0 0 0 50px\u00a0\u00bb item_padding_600_768=\u00a0\u00bb50px 0 0 0&Prime; item_padding_480_600=\u00a0\u00bb50px 0 0 0&Prime; item_padding_480=\u00a0\u00bb50px 0 0 0&Prime;][vc_column_text]<\/p>\n<h3 style=\"text-align: left;\">FORMAZIONE<\/h3>\n<p>[\/vc_column_text][vc_separator type=\u00a0\u00bbsmall\u00a0\u00bb position=\u00a0\u00bbleft\u00a0\u00bb down=\u00a0\u00bb34&Prime; up=\u00a0\u00bb7&Prime;][vc_column_text]<\/p>\n<p style=\"text-align: justify; font-weight: 600; font-size: 16px;\">Configurateur 3D visible en st\u00e9r\u00e9oscopie avec des lunettes passives<\/p>\n<p>La formation des ing\u00e9nieurs commerciaux de nos distributeurs ou des clients qui souhaitent demander ce service est confi\u00e9e \u00e0 un configurateur 3D visualisable en st\u00e9r\u00e9oscopie avec des lunettes passives, qui permet de visualiser et d&rsquo;\u00e9clater l&rsquo;ensemble de la pompe, ainsi que le montage et le d\u00e9montage de toutes les familles de pompes que nous produisons. Ce configurateur pr\u00e9sente \u00e9galement des modules explicatifs sur les ph\u00e9nom\u00e8nes de cavitation et des exemples d&rsquo;implantation d&rsquo;une installation de dosage.[\/vc_column_text][\/qode_elements_holder_item][\/qode_elements_holder][\/vc_column][\/vc_row]<\/p>\n","protected":false},"excerpt":{"rendered":"<p>[vc_row css_animation=\u00a0\u00bb\u00a0\u00bb row_type=\u00a0\u00bbrow\u00a0\u00bb use_row_as_full_screen_section=\u00a0\u00bbno\u00a0\u00bb type=\u00a0\u00bbfull_width\u00a0\u00bb angled_section=\u00a0\u00bbno\u00a0\u00bb text_align=\u00a0\u00bbcenter\u00a0\u00bb background_image_as_pattern=\u00a0\u00bbwithout_pattern\u00a0\u00bb el_class=\u00a0\u00bbtitolo-pagina\u00a0\u00bb z_index=\u00a0\u00bb\u00a0\u00bb background_image=\u00a0\u00bb16461&Prime; padding_top=\u00a0\u00bb100&Prime; padding_bottom=\u00a0\u00bb100&Prime;][vc_column width=\u00a0\u00bb1\/6&Prime;][\/vc_column][vc_column width=\u00a0\u00bb2\/3&Prime;][vc_column_text] TECHNOLOGIE [\/vc_column_text][\/vc_column][vc_column width=\u00a0\u00bb1\/6&Prime;][\/vc_column][\/vc_row][vc_row css_animation=\u00a0\u00bb\u00a0\u00bb row_type=\u00a0\u00bbrow\u00a0\u00bb use_row_as_full_screen_section=\u00a0\u00bbno\u00a0\u00bb&#8230;<\/p>\n","protected":false},"author":1,"featured_media":0,"parent":0,"menu_order":0,"comment_status":"closed","ping_status":"closed","template":"full_width.php","meta":{"footnotes":""},"yoast_head":"<!-- This site is optimized with the Yoast SEO plugin v23.5 - https:\/\/yoast.com\/wordpress\/plugins\/seo\/ -->\n<title>Conception CAO de pompes industrielles | Pompe Cucchi<\/title>\n<meta name=\"description\" content=\"Pour la conception CAO des pompes industrielles, les ing\u00e9nieurs de Pompe Cucchi utilisent des logiciels de haute technologie de derni\u00e8re g\u00e9n\u00e9ration.\" \/>\n<meta name=\"robots\" content=\"index, follow, max-snippet:-1, max-image-preview:large, max-video-preview:-1\" \/>\n<link rel=\"canonical\" href=\"https:\/\/www.pompecucchi.it\/fr\/conception-cae-pompes-industrielles\/\" \/>\n<meta property=\"og:locale\" content=\"fr_FR\" \/>\n<meta property=\"og:type\" content=\"article\" \/>\n<meta property=\"og:title\" content=\"Conception CAO de pompes industrielles | Pompe Cucchi\" \/>\n<meta property=\"og:description\" content=\"Pour la conception CAO des pompes industrielles, les ing\u00e9nieurs de Pompe Cucchi utilisent des logiciels de haute technologie de derni\u00e8re g\u00e9n\u00e9ration.\" \/>\n<meta property=\"og:url\" content=\"https:\/\/www.pompecucchi.it\/fr\/conception-cae-pompes-industrielles\/\" \/>\n<meta property=\"og:site_name\" content=\"Pompe Cucchi\" \/>\n<meta property=\"article:modified_time\" content=\"2026-02-25T15:36:52+00:00\" \/>\n<meta name=\"twitter:card\" content=\"summary_large_image\" \/>\n<meta name=\"twitter:label1\" content=\"Dur\u00e9e de lecture estim\u00e9e\" \/>\n\t<meta name=\"twitter:data1\" content=\"5 minutes\" \/>\n<script type=\"application\/ld+json\" class=\"yoast-schema-graph\">{\"@context\":\"https:\/\/schema.org\",\"@graph\":[{\"@type\":\"WebPage\",\"@id\":\"https:\/\/www.pompecucchi.it\/fr\/conception-cae-pompes-industrielles\/\",\"url\":\"https:\/\/www.pompecucchi.it\/fr\/conception-cae-pompes-industrielles\/\",\"name\":\"Conception CAO de pompes industrielles | Pompe Cucchi\",\"isPartOf\":{\"@id\":\"https:\/\/www.pompecucchi.it\/fr\/#website\"},\"datePublished\":\"2026-02-25T15:35:53+00:00\",\"dateModified\":\"2026-02-25T15:36:52+00:00\",\"description\":\"Pour la conception CAO des pompes industrielles, les ing\u00e9nieurs de Pompe Cucchi utilisent des logiciels de haute technologie de derni\u00e8re g\u00e9n\u00e9ration.\",\"breadcrumb\":{\"@id\":\"https:\/\/www.pompecucchi.it\/fr\/conception-cae-pompes-industrielles\/#breadcrumb\"},\"inLanguage\":\"fr-FR\",\"potentialAction\":[{\"@type\":\"ReadAction\",\"target\":[\"https:\/\/www.pompecucchi.it\/fr\/conception-cae-pompes-industrielles\/\"]}]},{\"@type\":\"BreadcrumbList\",\"@id\":\"https:\/\/www.pompecucchi.it\/fr\/conception-cae-pompes-industrielles\/#breadcrumb\",\"itemListElement\":[{\"@type\":\"ListItem\",\"position\":1,\"name\":\"Home\",\"item\":\"https:\/\/www.pompecucchi.it\/fr\/\"},{\"@type\":\"ListItem\",\"position\":2,\"name\":\"Technologie\"}]},{\"@type\":\"WebSite\",\"@id\":\"https:\/\/www.pompecucchi.it\/fr\/#website\",\"url\":\"https:\/\/www.pompecucchi.it\/fr\/\",\"name\":\"Pompe Cucchi\",\"description\":\"Pompe Cucchi\",\"potentialAction\":[{\"@type\":\"SearchAction\",\"target\":{\"@type\":\"EntryPoint\",\"urlTemplate\":\"https:\/\/www.pompecucchi.it\/fr\/?s={search_term_string}\"},\"query-input\":{\"@type\":\"PropertyValueSpecification\",\"valueRequired\":true,\"valueName\":\"search_term_string\"}}],\"inLanguage\":\"fr-FR\"}]}<\/script>\n<!-- \/ Yoast SEO plugin. -->","yoast_head_json":{"title":"Conception CAO de pompes industrielles | Pompe Cucchi","description":"Pour la conception CAO des pompes industrielles, les ing\u00e9nieurs de Pompe Cucchi utilisent des logiciels de haute technologie de derni\u00e8re g\u00e9n\u00e9ration.","robots":{"index":"index","follow":"follow","max-snippet":"max-snippet:-1","max-image-preview":"max-image-preview:large","max-video-preview":"max-video-preview:-1"},"canonical":"https:\/\/www.pompecucchi.it\/fr\/conception-cae-pompes-industrielles\/","og_locale":"fr_FR","og_type":"article","og_title":"Conception CAO de pompes industrielles | Pompe Cucchi","og_description":"Pour la conception CAO des pompes industrielles, les ing\u00e9nieurs de Pompe Cucchi utilisent des logiciels de haute technologie de derni\u00e8re g\u00e9n\u00e9ration.","og_url":"https:\/\/www.pompecucchi.it\/fr\/conception-cae-pompes-industrielles\/","og_site_name":"Pompe Cucchi","article_modified_time":"2026-02-25T15:36:52+00:00","twitter_card":"summary_large_image","twitter_misc":{"Dur\u00e9e de lecture estim\u00e9e":"5 minutes"},"schema":{"@context":"https:\/\/schema.org","@graph":[{"@type":"WebPage","@id":"https:\/\/www.pompecucchi.it\/fr\/conception-cae-pompes-industrielles\/","url":"https:\/\/www.pompecucchi.it\/fr\/conception-cae-pompes-industrielles\/","name":"Conception CAO de pompes industrielles | Pompe Cucchi","isPartOf":{"@id":"https:\/\/www.pompecucchi.it\/fr\/#website"},"datePublished":"2026-02-25T15:35:53+00:00","dateModified":"2026-02-25T15:36:52+00:00","description":"Pour la conception CAO des pompes industrielles, les ing\u00e9nieurs de Pompe Cucchi utilisent des logiciels de haute technologie de derni\u00e8re g\u00e9n\u00e9ration.","breadcrumb":{"@id":"https:\/\/www.pompecucchi.it\/fr\/conception-cae-pompes-industrielles\/#breadcrumb"},"inLanguage":"fr-FR","potentialAction":[{"@type":"ReadAction","target":["https:\/\/www.pompecucchi.it\/fr\/conception-cae-pompes-industrielles\/"]}]},{"@type":"BreadcrumbList","@id":"https:\/\/www.pompecucchi.it\/fr\/conception-cae-pompes-industrielles\/#breadcrumb","itemListElement":[{"@type":"ListItem","position":1,"name":"Home","item":"https:\/\/www.pompecucchi.it\/fr\/"},{"@type":"ListItem","position":2,"name":"Technologie"}]},{"@type":"WebSite","@id":"https:\/\/www.pompecucchi.it\/fr\/#website","url":"https:\/\/www.pompecucchi.it\/fr\/","name":"Pompe Cucchi","description":"Pompe Cucchi","potentialAction":[{"@type":"SearchAction","target":{"@type":"EntryPoint","urlTemplate":"https:\/\/www.pompecucchi.it\/fr\/?s={search_term_string}"},"query-input":{"@type":"PropertyValueSpecification","valueRequired":true,"valueName":"search_term_string"}}],"inLanguage":"fr-FR"}]}},"_links":{"self":[{"href":"https:\/\/www.pompecucchi.it\/fr\/wp-json\/wp\/v2\/pages\/22993"}],"collection":[{"href":"https:\/\/www.pompecucchi.it\/fr\/wp-json\/wp\/v2\/pages"}],"about":[{"href":"https:\/\/www.pompecucchi.it\/fr\/wp-json\/wp\/v2\/types\/page"}],"author":[{"embeddable":true,"href":"https:\/\/www.pompecucchi.it\/fr\/wp-json\/wp\/v2\/users\/1"}],"replies":[{"embeddable":true,"href":"https:\/\/www.pompecucchi.it\/fr\/wp-json\/wp\/v2\/comments?post=22993"}],"version-history":[{"count":7,"href":"https:\/\/www.pompecucchi.it\/fr\/wp-json\/wp\/v2\/pages\/22993\/revisions"}],"predecessor-version":[{"id":23000,"href":"https:\/\/www.pompecucchi.it\/fr\/wp-json\/wp\/v2\/pages\/22993\/revisions\/23000"}],"wp:attachment":[{"href":"https:\/\/www.pompecucchi.it\/fr\/wp-json\/wp\/v2\/media?parent=22993"}],"curies":[{"name":"wp","href":"https:\/\/api.w.org\/{rel}","templated":true}]}}