{"id":23001,"date":"2026-02-25T16:38:01","date_gmt":"2026-02-25T15:38:01","guid":{"rendered":"https:\/\/www.pompecucchi.it\/conception\/"},"modified":"2026-02-25T16:38:55","modified_gmt":"2026-02-25T15:38:55","slug":"conception","status":"publish","type":"page","link":"https:\/\/www.pompecucchi.it\/fr\/conception-de-pompes-industrielles-personnalisees\/","title":{"rendered":"Conception"},"content":{"rendered":"<p>[vc_row css_animation=\u00a0\u00bb\u00a0\u00bb row_type=\u00a0\u00bbrow\u00a0\u00bb use_row_as_full_screen_section=\u00a0\u00bbno\u00a0\u00bb type=\u00a0\u00bbfull_width\u00a0\u00bb angled_section=\u00a0\u00bbno\u00a0\u00bb text_align=\u00a0\u00bbcenter\u00a0\u00bb background_image_as_pattern=\u00a0\u00bbwithout_pattern\u00a0\u00bb el_class=\u00a0\u00bbtitolo-pagina\u00a0\u00bb z_index=\u00a0\u00bb\u00a0\u00bb background_image=\u00a0\u00bb16461&Prime; padding_top=\u00a0\u00bb100&Prime; padding_bottom=\u00a0\u00bb100&Prime;][vc_column width=\u00a0\u00bb1\/6&Prime;][\/vc_column][vc_column width=\u00a0\u00bb2\/3&Prime;][vc_column_text]<\/p>\n<h3 style=\"text-align: center; color: #fff; font-size: 30px;\">CONCEPTION<\/h3>\n<p>[\/vc_column_text][\/vc_column][vc_column width=\u00a0\u00bb1\/6&Prime;][\/vc_column][\/vc_row][vc_row css_animation=\u00a0\u00bb\u00a0\u00bb row_type=\u00a0\u00bbrow\u00a0\u00bb use_row_as_full_screen_section=\u00a0\u00bbno\u00a0\u00bb type=\u00a0\u00bbgrid\u00a0\u00bb angled_section=\u00a0\u00bbno\u00a0\u00bb text_align=\u00a0\u00bbleft\u00a0\u00bb background_image_as_pattern=\u00a0\u00bbwithout_pattern\u00a0\u00bb padding_top=\u00a0\u00bb87&Prime; z_index=\u00a0\u00bb\u00a0\u00bb el_class=\u00a0\u00bbpadding-mobile-2&Prime; padding_bottom=\u00a0\u00bb87&Prime;][vc_column][qode_elements_holder number_of_columns=\u00a0\u00bbtwo_columns\u00a0\u00bb switch_to_one_column=\u00a0\u00bb768&Prime;][qode_elements_holder_item vertical_alignment=\u00a0\u00bbmiddle\u00a0\u00bb advanced_animations=\u00a0\u00bbno\u00a0\u00bb][vc_single_image image=\u00a0\u00bb19489&Prime; img_size=\u00a0\u00bbfull\u00a0\u00bb qode_css_animation=\u00a0\u00bb\u00a0\u00bb transition_delay=\u00a0\u00bb0.3&Prime;][\/qode_elements_holder_item][qode_elements_holder_item vertical_alignment=\u00a0\u00bbmiddle\u00a0\u00bb advanced_animations=\u00a0\u00bbno\u00a0\u00bb item_padding=\u00a0\u00bb0 0 0 50px\u00a0\u00bb item_padding_600_768=\u00a0\u00bb50px 0 0 0&Prime; item_padding_480_600=\u00a0\u00bb50px 0 0 0&Prime; item_padding_480=\u00a0\u00bb50px 0 0 0&Prime;][vc_column_text]<\/p>\n<div class=\"flex-shrink-0 flex flex-col relative items-end\">\n<div>\n<div class=\"pt-0.5 juice:pt-0\">\n<div class=\"gizmo-bot-avatar flex h-6 w-6 items-center justify-center overflow-hidden rounded-full juice:h-8 juice:w-8\">\n<div class=\"relative p-1 rounded-sm flex items-center justify-center bg-token-main-surface-primary text-token-text-primary h-8 w-8\"><\/div>\n<\/div>\n<\/div>\n<\/div>\n<\/div>\n<div class=\"group\/conversation-turn relative flex w-full min-w-0 flex-col agent-turn\">\n<div class=\"flex-col gap-1 md:gap-3\">\n<div class=\"flex flex-grow flex-col max-w-full\">\n<div class=\"min-h-[20px] text-message flex flex-col items-start whitespace-pre-wrap break-words [.text-message+&amp;]:mt-5 juice:w-full juice:items-end overflow-x-auto gap-2\" dir=\"auto\" data-message-author-role=\"assistant\" data-message-id=\"c49148b0-8217-44f3-a9cb-f72b28f600e3\">\n<div class=\"flex w-full flex-col gap-1 juice:empty:hidden juice:first:pt-[3px]\">\n<div class=\"markdown prose w-full break-words dark:prose-invert light\">\n<p><strong>Pour la conception de nouveaux mod\u00e8les de pompes et le d\u00e9veloppement des mod\u00e8les existants, nous nous appuyons sur de nombreuses et pr\u00e9cieuses contributions qui garantissent l&rsquo;innovation et la fiabilit\u00e9 de nos produits :<\/strong><\/p>\n<ul>\n<li><strong>Archives de donn\u00e9es \u00e9volutives<\/strong>: une base de donn\u00e9es fond\u00e9e sur l&rsquo;exp\u00e9rience pass\u00e9e et continuellement mise \u00e0 jour gr\u00e2ce au retour d&rsquo;information des r\u00e9alisations les plus r\u00e9centes nous permet d&rsquo;am\u00e9liorer constamment la qualit\u00e9 et les performances de nos pompes.<\/li>\n<li><strong>Suivi des mat\u00e9riaux avanc\u00e9s<\/strong>: Le suivi constant des nouveaux mat\u00e9riaux et des traitements m\u00e9tallurgiques disponibles nous permet d&rsquo;int\u00e9grer les technologies les plus avanc\u00e9es et de garantir la r\u00e9sistance et la durabilit\u00e9 maximales de nos produits.<\/li>\n<li><strong>Technologie de conception de<\/strong> pointe : nous utilisons des postes de travail modernes \u00e9quip\u00e9s des derniers logiciels de simulation m\u00e9canique et de conception tridimensionnelle (FEM, CAD). Ces outils sophistiqu\u00e9s nous permettent de r\u00e9duire consid\u00e9rablement le temps n\u00e9cessaire au prototypage et aux essais, tout en garantissant une pr\u00e9cision de conception in\u00e9gal\u00e9e.<\/li>\n<li>V\u00e9rification au banc d&rsquo;essai <strong>hydraulique<\/strong>: la v\u00e9rification au banc d&rsquo;essai hydraulique des principaux param\u00e8tres de conception est une \u00e9tape essentielle pour s&rsquo;assurer que chaque pompe r\u00e9pond aux normes les plus strictes en mati\u00e8re d&rsquo;efficacit\u00e9 et de fiabilit\u00e9.<\/li>\n<\/ul>\n<p>Gr\u00e2ce \u00e0 ces outils et m\u00e9thodes de pointe, nous sommes en mesure de proposer des solutions innovantes qui r\u00e9pondent aux exigences les plus strictes du march\u00e9, tout en garantissant une qualit\u00e9 et une s\u00e9curit\u00e9 maximales.<\/p>\n<\/div>\n<\/div>\n<\/div>\n<\/div>\n<\/div>\n<\/div>\n<p>[\/vc_column_text][\/qode_elements_holder_item][\/qode_elements_holder][\/vc_column][\/vc_row]<\/p>\n","protected":false},"excerpt":{"rendered":"<p>[vc_row css_animation=\u00a0\u00bb\u00a0\u00bb row_type=\u00a0\u00bbrow\u00a0\u00bb use_row_as_full_screen_section=\u00a0\u00bbno\u00a0\u00bb type=\u00a0\u00bbfull_width\u00a0\u00bb angled_section=\u00a0\u00bbno\u00a0\u00bb text_align=\u00a0\u00bbcenter\u00a0\u00bb background_image_as_pattern=\u00a0\u00bbwithout_pattern\u00a0\u00bb el_class=\u00a0\u00bbtitolo-pagina\u00a0\u00bb z_index=\u00a0\u00bb\u00a0\u00bb background_image=\u00a0\u00bb16461&Prime; padding_top=\u00a0\u00bb100&Prime; padding_bottom=\u00a0\u00bb100&Prime;][vc_column width=\u00a0\u00bb1\/6&Prime;][\/vc_column][vc_column width=\u00a0\u00bb2\/3&Prime;][vc_column_text] CONCEPTION [\/vc_column_text][\/vc_column][vc_column width=\u00a0\u00bb1\/6&Prime;][\/vc_column][\/vc_row][vc_row css_animation=\u00a0\u00bb\u00a0\u00bb row_type=\u00a0\u00bbrow\u00a0\u00bb use_row_as_full_screen_section=\u00a0\u00bbno\u00a0\u00bb&#8230;<\/p>\n","protected":false},"author":1,"featured_media":0,"parent":0,"menu_order":0,"comment_status":"closed","ping_status":"closed","template":"full_width.php","meta":{"footnotes":""},"yoast_head":"<!-- This site is optimized with the Yoast SEO plugin v23.5 - https:\/\/yoast.com\/wordpress\/plugins\/seo\/ -->\n<title>Conception de pompes industrielles sur mesure | Cucchi Pumps<\/title>\n<meta name=\"description\" content=\"Pompe Cucchi fournit un service personnalis\u00e9 de conception de pompes industrielles en utilisant les syst\u00e8mes de simulation m\u00e9canique les plus innovants.\" \/>\n<meta name=\"robots\" content=\"index, follow, max-snippet:-1, max-image-preview:large, max-video-preview:-1\" \/>\n<link rel=\"canonical\" href=\"https:\/\/www.pompecucchi.it\/fr\/conception-de-pompes-industrielles-personnalisees\/\" \/>\n<meta property=\"og:locale\" content=\"fr_FR\" \/>\n<meta property=\"og:type\" content=\"article\" \/>\n<meta property=\"og:title\" content=\"Conception de pompes industrielles sur mesure | Cucchi Pumps\" \/>\n<meta property=\"og:description\" content=\"Pompe Cucchi fournit un service personnalis\u00e9 de conception de pompes industrielles en utilisant les syst\u00e8mes de simulation m\u00e9canique les plus innovants.\" \/>\n<meta property=\"og:url\" content=\"https:\/\/www.pompecucchi.it\/fr\/conception-de-pompes-industrielles-personnalisees\/\" \/>\n<meta property=\"og:site_name\" content=\"Pompe Cucchi\" \/>\n<meta property=\"article:modified_time\" content=\"2026-02-25T15:38:55+00:00\" \/>\n<meta name=\"twitter:card\" content=\"summary_large_image\" \/>\n<meta name=\"twitter:label1\" content=\"Dur\u00e9e de lecture estim\u00e9e\" \/>\n\t<meta name=\"twitter:data1\" content=\"2 minutes\" \/>\n<script type=\"application\/ld+json\" class=\"yoast-schema-graph\">{\"@context\":\"https:\/\/schema.org\",\"@graph\":[{\"@type\":\"WebPage\",\"@id\":\"https:\/\/www.pompecucchi.it\/fr\/conception-de-pompes-industrielles-personnalisees\/\",\"url\":\"https:\/\/www.pompecucchi.it\/fr\/conception-de-pompes-industrielles-personnalisees\/\",\"name\":\"Conception de pompes industrielles sur mesure | Cucchi Pumps\",\"isPartOf\":{\"@id\":\"https:\/\/www.pompecucchi.it\/fr\/#website\"},\"datePublished\":\"2026-02-25T15:38:01+00:00\",\"dateModified\":\"2026-02-25T15:38:55+00:00\",\"description\":\"Pompe Cucchi fournit un service personnalis\u00e9 de conception de pompes industrielles en utilisant les syst\u00e8mes de simulation m\u00e9canique les plus innovants.\",\"breadcrumb\":{\"@id\":\"https:\/\/www.pompecucchi.it\/fr\/conception-de-pompes-industrielles-personnalisees\/#breadcrumb\"},\"inLanguage\":\"fr-FR\",\"potentialAction\":[{\"@type\":\"ReadAction\",\"target\":[\"https:\/\/www.pompecucchi.it\/fr\/conception-de-pompes-industrielles-personnalisees\/\"]}]},{\"@type\":\"BreadcrumbList\",\"@id\":\"https:\/\/www.pompecucchi.it\/fr\/conception-de-pompes-industrielles-personnalisees\/#breadcrumb\",\"itemListElement\":[{\"@type\":\"ListItem\",\"position\":1,\"name\":\"Home\",\"item\":\"https:\/\/www.pompecucchi.it\/fr\/\"},{\"@type\":\"ListItem\",\"position\":2,\"name\":\"Conception\"}]},{\"@type\":\"WebSite\",\"@id\":\"https:\/\/www.pompecucchi.it\/fr\/#website\",\"url\":\"https:\/\/www.pompecucchi.it\/fr\/\",\"name\":\"Pompe Cucchi\",\"description\":\"Pompe Cucchi\",\"potentialAction\":[{\"@type\":\"SearchAction\",\"target\":{\"@type\":\"EntryPoint\",\"urlTemplate\":\"https:\/\/www.pompecucchi.it\/fr\/?s={search_term_string}\"},\"query-input\":{\"@type\":\"PropertyValueSpecification\",\"valueRequired\":true,\"valueName\":\"search_term_string\"}}],\"inLanguage\":\"fr-FR\"}]}<\/script>\n<!-- \/ Yoast SEO plugin. -->","yoast_head_json":{"title":"Conception de pompes industrielles sur mesure | Cucchi Pumps","description":"Pompe Cucchi fournit un service personnalis\u00e9 de conception de pompes industrielles en utilisant les syst\u00e8mes de simulation m\u00e9canique les plus innovants.","robots":{"index":"index","follow":"follow","max-snippet":"max-snippet:-1","max-image-preview":"max-image-preview:large","max-video-preview":"max-video-preview:-1"},"canonical":"https:\/\/www.pompecucchi.it\/fr\/conception-de-pompes-industrielles-personnalisees\/","og_locale":"fr_FR","og_type":"article","og_title":"Conception de pompes industrielles sur mesure | Cucchi Pumps","og_description":"Pompe Cucchi fournit un service personnalis\u00e9 de conception de pompes industrielles en utilisant les syst\u00e8mes de simulation m\u00e9canique les plus innovants.","og_url":"https:\/\/www.pompecucchi.it\/fr\/conception-de-pompes-industrielles-personnalisees\/","og_site_name":"Pompe Cucchi","article_modified_time":"2026-02-25T15:38:55+00:00","twitter_card":"summary_large_image","twitter_misc":{"Dur\u00e9e de lecture estim\u00e9e":"2 minutes"},"schema":{"@context":"https:\/\/schema.org","@graph":[{"@type":"WebPage","@id":"https:\/\/www.pompecucchi.it\/fr\/conception-de-pompes-industrielles-personnalisees\/","url":"https:\/\/www.pompecucchi.it\/fr\/conception-de-pompes-industrielles-personnalisees\/","name":"Conception de pompes industrielles sur mesure | Cucchi Pumps","isPartOf":{"@id":"https:\/\/www.pompecucchi.it\/fr\/#website"},"datePublished":"2026-02-25T15:38:01+00:00","dateModified":"2026-02-25T15:38:55+00:00","description":"Pompe Cucchi fournit un service personnalis\u00e9 de conception de pompes industrielles en utilisant les syst\u00e8mes de simulation m\u00e9canique les plus innovants.","breadcrumb":{"@id":"https:\/\/www.pompecucchi.it\/fr\/conception-de-pompes-industrielles-personnalisees\/#breadcrumb"},"inLanguage":"fr-FR","potentialAction":[{"@type":"ReadAction","target":["https:\/\/www.pompecucchi.it\/fr\/conception-de-pompes-industrielles-personnalisees\/"]}]},{"@type":"BreadcrumbList","@id":"https:\/\/www.pompecucchi.it\/fr\/conception-de-pompes-industrielles-personnalisees\/#breadcrumb","itemListElement":[{"@type":"ListItem","position":1,"name":"Home","item":"https:\/\/www.pompecucchi.it\/fr\/"},{"@type":"ListItem","position":2,"name":"Conception"}]},{"@type":"WebSite","@id":"https:\/\/www.pompecucchi.it\/fr\/#website","url":"https:\/\/www.pompecucchi.it\/fr\/","name":"Pompe Cucchi","description":"Pompe Cucchi","potentialAction":[{"@type":"SearchAction","target":{"@type":"EntryPoint","urlTemplate":"https:\/\/www.pompecucchi.it\/fr\/?s={search_term_string}"},"query-input":{"@type":"PropertyValueSpecification","valueRequired":true,"valueName":"search_term_string"}}],"inLanguage":"fr-FR"}]}},"_links":{"self":[{"href":"https:\/\/www.pompecucchi.it\/fr\/wp-json\/wp\/v2\/pages\/23001"}],"collection":[{"href":"https:\/\/www.pompecucchi.it\/fr\/wp-json\/wp\/v2\/pages"}],"about":[{"href":"https:\/\/www.pompecucchi.it\/fr\/wp-json\/wp\/v2\/types\/page"}],"author":[{"embeddable":true,"href":"https:\/\/www.pompecucchi.it\/fr\/wp-json\/wp\/v2\/users\/1"}],"replies":[{"embeddable":true,"href":"https:\/\/www.pompecucchi.it\/fr\/wp-json\/wp\/v2\/comments?post=23001"}],"version-history":[{"count":3,"href":"https:\/\/www.pompecucchi.it\/fr\/wp-json\/wp\/v2\/pages\/23001\/revisions"}],"predecessor-version":[{"id":23004,"href":"https:\/\/www.pompecucchi.it\/fr\/wp-json\/wp\/v2\/pages\/23001\/revisions\/23004"}],"wp:attachment":[{"href":"https:\/\/www.pompecucchi.it\/fr\/wp-json\/wp\/v2\/media?parent=23001"}],"curies":[{"name":"wp","href":"https:\/\/api.w.org\/{rel}","templated":true}]}}