{"id":23033,"date":"2026-02-26T16:58:28","date_gmt":"2026-02-26T15:58:28","guid":{"rendered":"https:\/\/www.pompecucchi.it\/certificats\/"},"modified":"2026-02-26T16:58:30","modified_gmt":"2026-02-26T15:58:30","slug":"certificats","status":"publish","type":"page","link":"https:\/\/www.pompecucchi.it\/fr\/certificats\/","title":{"rendered":"Certificats"},"content":{"rendered":"<p>[vc_row css_animation=\u00a0\u00bb\u00a0\u00bb row_type=\u00a0\u00bbrow\u00a0\u00bb use_row_as_full_screen_section=\u00a0\u00bbno\u00a0\u00bb type=\u00a0\u00bbfull_width\u00a0\u00bb angled_section=\u00a0\u00bbno\u00a0\u00bb text_align=\u00a0\u00bbleft\u00a0\u00bb background_image_as_pattern=\u00a0\u00bbwithout_pattern\u00a0\u00bb z_index=\u00a0\u00bb\u00a0\u00bb background_color=\u00a0\u00bb#ffffff\u00a0\u00bb el_id=\u00a0\u00bbbloquer le t\u00e9l\u00e9chargement\u00a0\u00bb el_class=\u00a0\u00bbpadding-mobile\u00a0\u00bb padding_top=\u00a0\u00bb87&Prime; padding_bottom=\u00a0\u00bb70&Prime;][vc_column][vc_row_inner row_type=\u00a0\u00bbrow\u00a0\u00bb type=\u00a0\u00bbgrid\u00a0\u00bb text_align=\u00a0\u00bbleft\u00a0\u00bb css_animation=\u00a0\u00bb\u00a0\u00bb][vc_column_inner][vc_column_text]<\/p>\n<h3 style=\"text-align: center;\">CERTIFICATS<\/h3>\n<p>[\/vc_column_text][vc_separator type=\u00a0\u00bbsmall\u00a0\u00bb position=\u00a0\u00bbcenter\u00a0\u00bb down=\u00a0\u00bb38&Prime; up=\u00a0\u00bb7&Prime;][\/vc_column_inner][\/vc_row_inner][vc_row_inner row_type=\u00a0\u00bbrow\u00a0\u00bb type=\u00a0\u00bbgrid\u00a0\u00bb text_align=\u00a0\u00bbleft\u00a0\u00bb css_animation=\u00a0\u00bb\u00a0\u00bb][vc_column_inner width=\u00a0\u00bb1\/3&Prime;]<div class='q_icon_with_title very_large custom_icon_image center qode_iwt_hover_enabled '><div class=\"icon_holder \" style=\" \"><img decoding=\"async\" itemprop=\"image\" style=\"\" src=\"https:\/\/www.pompecucchi.it\/wp-content\/uploads\/Politica-per-la-qualita\u0300-anteprima.jpg\" alt=\"\"><\/div><div class=\"icon_text_holder\" style=\"\"><div class=\"icon_text_inner\" style=\"\"><h5 class=\"icon_title\" style=\"\">Politique de qualit\u00e9<\/h5><p style=''><\/p><a itemprop='url' class='icon_with_title_link' href='\/wp-content\/uploads\/Mod.-5.2-1-R01-EN-Politica-per-la-qualita-e-sicurezza.pdf' target='_blank' style=''>En savoir plus<\/a><\/div><\/div><\/div>[\/vc_column_inner][vc_column_inner width=\u00a0\u00bb1\/3&Prime;]<div class='q_icon_with_title very_large custom_icon_image center qode_iwt_hover_enabled '><div class=\"icon_holder \" style=\" \"><img decoding=\"async\" itemprop=\"image\" style=\"\" src=\"https:\/\/www.pompecucchi.it\/wp-content\/uploads\/CERTIFICATO-ISO9001-2015-anteprima.jpg\" alt=\"\"><\/div><div class=\"icon_text_holder\" style=\"\"><div class=\"icon_text_inner\" style=\"\"><h5 class=\"icon_title\" style=\"\">CERTIFI\u00c9 ISO9001-2015<\/h5><p style=''><\/p><a itemprop='url' class='icon_with_title_link' href='\/wp-content\/uploads\/Cert-TUV-ISO-9001-2015-del-2025-scad-2028.pdf' target='_blank' style=''>En savoir plus<\/a><\/div><\/div><\/div>[\/vc_column_inner][vc_column_inner width=\u00a0\u00bb1\/3&Prime;]<div class='q_icon_with_title very_large custom_icon_image center qode_iwt_hover_enabled '><div class=\"icon_holder \" style=\" \"><img decoding=\"async\" itemprop=\"image\" style=\"\" src=\"https:\/\/www.pompecucchi.it\/wp-content\/uploads\/CERTIFICATI-TRCU12-anteprima2.jpg\" alt=\"\"><\/div><div class=\"icon_text_holder\" style=\"\"><div class=\"icon_text_inner\" style=\"\"><h5 class=\"icon_title\" style=\"\">CERTIFICAT TR CU 012<\/h5><p style=''><\/p><a itemprop='url' class='icon_with_title_link' href='\/wp-content\/uploads\/\u0415\u0410\u042d\u0421-KZ.7100841.01.01.01056_compressed.pdf' target='_blank' style=''>En savoir plus<\/a><\/div><\/div><\/div>[\/vc_column_inner][\/vc_row_inner][vc_row_inner row_type=\u00a0\u00bbrow\u00a0\u00bb type=\u00a0\u00bbgrid\u00a0\u00bb text_align=\u00a0\u00bbleft\u00a0\u00bb css_animation=\u00a0\u00bb\u00a0\u00bb][vc_column_inner width=\u00a0\u00bb1\/3&Prime;]<div class='q_icon_with_title very_large custom_icon_image center qode_iwt_hover_enabled '><div class=\"icon_holder \" style=\" \"><img decoding=\"async\" itemprop=\"image\" style=\"\" src=\"https:\/\/www.pompecucchi.it\/wp-content\/uploads\/Bureau-Veritas-logo.png\" alt=\"\"><\/div><div class=\"icon_text_holder\" style=\"\"><div class=\"icon_text_inner\" style=\"\"><h5 class=\"icon_title\" style=\"\">BUREAU VERITAS<\/h5><p style=''><\/p><a itemprop='url' class='icon_with_title_link' href='\/wp-content\/uploads\/BV.pdf' target='_blank' style=''>En savoir plus<\/a><\/div><\/div><\/div>[\/vc_column_inner][vc_column_inner width=\u00a0\u00bb1\/3&Prime;]<div class='q_icon_with_title very_large custom_icon_image center qode_iwt_hover_enabled '><div class=\"icon_holder \" style=\" \"><img decoding=\"async\" itemprop=\"image\" style=\"\" src=\"https:\/\/www.pompecucchi.it\/wp-content\/uploads\/EAC-logo.png\" alt=\"\"><\/div><div class=\"icon_text_holder\" style=\"\"><div class=\"icon_text_inner\" style=\"\"><h5 class=\"icon_title\" style=\"\">D\u00e9claration de conformit\u00e9 \u00e0 l&apos;Union douani\u00e8re EAC (TR CU 010)<\/h5><p style=''><\/p><a itemprop='url' class='icon_with_title_link' href='\/wp-content\/uploads\/TRCU010-\u0415\u0410\u042d\u0421-N-RU-\u0414-IT.\u0420\u041008.\u0412.0420525.pdf' target='_blank' style=''>En savoir plus<\/a><\/div><\/div><\/div>[\/vc_column_inner][vc_column_inner width=\u00a0\u00bb1\/3&Prime;]<div class='q_icon_with_title very_large custom_icon_image center qode_iwt_hover_enabled '><div class=\"icon_holder \" style=\" \"><img decoding=\"async\" itemprop=\"image\" style=\"\" src=\"https:\/\/www.pompecucchi.it\/wp-content\/uploads\/CERTIFICATO-ISO9001-2015-anteprima.jpg\" alt=\"\"><\/div><div class=\"icon_text_holder\" style=\"\"><div class=\"icon_text_inner\" style=\"\"><h5 class=\"icon_title\" style=\"\">D\u00c9P\u00d4T ATEX<\/h5><p style=''><\/p><a itemprop='url' class='icon_with_title_link' href='https:\/\/www.pompecucchi.it\/wp-content\/uploads\/Certificazione-ATEX-POMPE-CUCCHI-A-DEPOSITO-Direttiva-2014-TUV-IT-21-ATEX-096-AR-1.pdf' target='_blank' style=''>En savoir plus<\/a><\/div><\/div><\/div>[\/vc_column_inner][\/vc_row_inner][vc_row_inner row_type=\u00a0\u00bbrow\u00a0\u00bb type=\u00a0\u00bbgrid\u00a0\u00bb text_align=\u00a0\u00bbleft\u00a0\u00bb css_animation=\u00a0\u00bb\u00a0\u00bb][vc_column_inner width=\u00a0\u00bb1\/3&Prime;]<div class='q_icon_with_title very_large custom_icon_image center qode_iwt_hover_enabled '><div class=\"icon_holder \" style=\" \"><img decoding=\"async\" itemprop=\"image\" style=\"\" src=\"https:\/\/www.pompecucchi.it\/wp-content\/uploads\/certf-nov-25-anteprima.jpg\" alt=\"\"><\/div><div class=\"icon_text_holder\" style=\"\"><div class=\"icon_text_inner\" style=\"\"><h5 class=\"icon_title\" style=\"\">UNI EN ISO 45001:2023<\/h5><p style=''><\/p><a itemprop='url' class='icon_with_title_link' href='\/wp-content\/uploads\/CERTIFICATO-ISO-450012023-1.pdf' target='_blank' style=''>En savoir plus<\/a><\/div><\/div><\/div>[\/vc_column_inner][\/vc_row_inner][\/vc_column][\/vc_row][vc_row css_animation=\u00a0\u00bb\u00a0\u00bb row_type=\u00a0\u00bbrow\u00a0\u00bb use_row_as_full_screen_section=\u00a0\u00bbno\u00a0\u00bb type=\u00a0\u00bbfull_width\u00a0\u00bb angled_section=\u00a0\u00bbno\u00a0\u00bb text_align=\u00a0\u00bbleft\u00a0\u00bb background_image_as_pattern=\u00a0\u00bbwithout_pattern\u00a0\u00bb z_index=\u00a0\u00bb\u00a0\u00bb][vc_column offset=\u00a0\u00bbvc_hidden-lg vc_hidden-md vc_hidden-sm vc_hidden-xs\u00a0\u00bb]<div class='q_icon_with_title very_large custom_icon_image center qode_iwt_hover_enabled '><div class=\"icon_holder \" style=\" \"><img decoding=\"async\" itemprop=\"image\" style=\"\" src=\"https:\/\/www.pompecucchi.it\/wp-content\/uploads\/cp-logo.png\" alt=\"\"><\/div><div class=\"icon_text_holder\" style=\"\"><div class=\"icon_text_inner\" style=\"\"><h5 class=\"icon_title\" style=\"\">Association AOCS<\/h5><p style=''><\/p><a itemprop='url' class='icon_with_title_link' href='#' target='_blank' style=''>En savoir plus<\/a><\/div><\/div><\/div><div class='q_icon_with_title very_large custom_icon_image center qode_iwt_hover_enabled '><div class=\"icon_holder \" style=\" \"><img decoding=\"async\" itemprop=\"image\" style=\"\" src=\"https:\/\/www.pompecucchi.it\/wp-content\/uploads\/LOGONFPA.png\" alt=\"\"><\/div><div class=\"icon_text_holder\" style=\"\"><div class=\"icon_text_inner\" style=\"\"><h5 class=\"icon_title\" style=\"\">ASSOCIATION NFPA<\/h5><p style=''><\/p><a itemprop='url' class='icon_with_title_link' href='#' target='_blank' style=''>En savoir plus<\/a><\/div><\/div><\/div>[\/vc_column][\/vc_row]<\/p>\n","protected":false},"excerpt":{"rendered":"<p>[vc_row css_animation=\u00a0\u00bb\u00a0\u00bb row_type=\u00a0\u00bbrow\u00a0\u00bb use_row_as_full_screen_section=\u00a0\u00bbno\u00a0\u00bb type=\u00a0\u00bbfull_width\u00a0\u00bb angled_section=\u00a0\u00bbno\u00a0\u00bb text_align=\u00a0\u00bbleft\u00a0\u00bb background_image_as_pattern=\u00a0\u00bbwithout_pattern\u00a0\u00bb z_index=\u00a0\u00bb\u00a0\u00bb background_color=\u00a0\u00bb#ffffff\u00a0\u00bb el_id=\u00a0\u00bbbloquer le t\u00e9l\u00e9chargement\u00a0\u00bb el_class=\u00a0\u00bbpadding-mobile\u00a0\u00bb padding_top=\u00a0\u00bb87&Prime; padding_bottom=\u00a0\u00bb70&Prime;][vc_column][vc_row_inner row_type=\u00a0\u00bbrow\u00a0\u00bb type=\u00a0\u00bbgrid\u00a0\u00bb text_align=\u00a0\u00bbleft\u00a0\u00bb css_animation=\u00a0\u00bb\u00a0\u00bb][vc_column_inner][vc_column_text] CERTIFICATS&#8230;<\/p>\n","protected":false},"author":1,"featured_media":0,"parent":0,"menu_order":0,"comment_status":"closed","ping_status":"closed","template":"full_width.php","meta":{"footnotes":""},"yoast_head":"<!-- This site is optimized with the Yoast SEO plugin v23.5 - https:\/\/yoast.com\/wordpress\/plugins\/seo\/ -->\n<title>Certificats - Pompe Cucchi<\/title>\n<meta name=\"robots\" content=\"index, follow, max-snippet:-1, max-image-preview:large, max-video-preview:-1\" \/>\n<link rel=\"canonical\" href=\"https:\/\/www.pompecucchi.it\/fr\/certificats\/\" \/>\n<meta property=\"og:locale\" content=\"fr_FR\" \/>\n<meta property=\"og:type\" content=\"article\" \/>\n<meta property=\"og:title\" content=\"Certificats - Pompe Cucchi\" \/>\n<meta property=\"og:description\" content=\"[vc_row css_animation=\u00a0\u00bb\u00a0\u00bb row_type=\u00a0\u00bbrow\u00a0\u00bb use_row_as_full_screen_section=\u00a0\u00bbno\u00a0\u00bb type=\u00a0\u00bbfull_width\u00a0\u00bb angled_section=\u00a0\u00bbno\u00a0\u00bb text_align=\u00a0\u00bbleft\u00a0\u00bb background_image_as_pattern=\u00a0\u00bbwithout_pattern\u00a0\u00bb z_index=\u00a0\u00bb\u00a0\u00bb background_color=\u00a0\u00bb#ffffff\u00a0\u00bb el_id=\u00a0\u00bbbloquer le t\u00e9l\u00e9chargement\u00a0\u00bb el_class=\u00a0\u00bbpadding-mobile\u00a0\u00bb padding_top=\u00a0\u00bb87&Prime; padding_bottom=\u00a0\u00bb70&Prime;][vc_column][vc_row_inner row_type=\u00a0\u00bbrow\u00a0\u00bb type=\u00a0\u00bbgrid\u00a0\u00bb text_align=\u00a0\u00bbleft\u00a0\u00bb css_animation=\u00a0\u00bb\u00a0\u00bb][vc_column_inner][vc_column_text] CERTIFICATS...\" \/>\n<meta property=\"og:url\" content=\"https:\/\/www.pompecucchi.it\/fr\/certificats\/\" \/>\n<meta property=\"og:site_name\" content=\"Pompe Cucchi\" \/>\n<meta property=\"article:modified_time\" content=\"2026-02-26T15:58:30+00:00\" \/>\n<meta name=\"twitter:card\" content=\"summary_large_image\" \/>\n<meta name=\"twitter:label1\" content=\"Dur\u00e9e de lecture estim\u00e9e\" \/>\n\t<meta name=\"twitter:data1\" content=\"3 minutes\" \/>\n<script type=\"application\/ld+json\" class=\"yoast-schema-graph\">{\"@context\":\"https:\/\/schema.org\",\"@graph\":[{\"@type\":\"WebPage\",\"@id\":\"https:\/\/www.pompecucchi.it\/fr\/certificats\/\",\"url\":\"https:\/\/www.pompecucchi.it\/fr\/certificats\/\",\"name\":\"Certificats - Pompe Cucchi\",\"isPartOf\":{\"@id\":\"https:\/\/www.pompecucchi.it\/fr\/#website\"},\"datePublished\":\"2026-02-26T15:58:28+00:00\",\"dateModified\":\"2026-02-26T15:58:30+00:00\",\"breadcrumb\":{\"@id\":\"https:\/\/www.pompecucchi.it\/fr\/certificats\/#breadcrumb\"},\"inLanguage\":\"fr-FR\",\"potentialAction\":[{\"@type\":\"ReadAction\",\"target\":[\"https:\/\/www.pompecucchi.it\/fr\/certificats\/\"]}]},{\"@type\":\"BreadcrumbList\",\"@id\":\"https:\/\/www.pompecucchi.it\/fr\/certificats\/#breadcrumb\",\"itemListElement\":[{\"@type\":\"ListItem\",\"position\":1,\"name\":\"Home\",\"item\":\"https:\/\/www.pompecucchi.it\/fr\/\"},{\"@type\":\"ListItem\",\"position\":2,\"name\":\"Certificats\"}]},{\"@type\":\"WebSite\",\"@id\":\"https:\/\/www.pompecucchi.it\/fr\/#website\",\"url\":\"https:\/\/www.pompecucchi.it\/fr\/\",\"name\":\"Pompe Cucchi\",\"description\":\"Pompe Cucchi\",\"potentialAction\":[{\"@type\":\"SearchAction\",\"target\":{\"@type\":\"EntryPoint\",\"urlTemplate\":\"https:\/\/www.pompecucchi.it\/fr\/?s={search_term_string}\"},\"query-input\":{\"@type\":\"PropertyValueSpecification\",\"valueRequired\":true,\"valueName\":\"search_term_string\"}}],\"inLanguage\":\"fr-FR\"}]}<\/script>\n<!-- \/ Yoast SEO plugin. -->","yoast_head_json":{"title":"Certificats - Pompe Cucchi","robots":{"index":"index","follow":"follow","max-snippet":"max-snippet:-1","max-image-preview":"max-image-preview:large","max-video-preview":"max-video-preview:-1"},"canonical":"https:\/\/www.pompecucchi.it\/fr\/certificats\/","og_locale":"fr_FR","og_type":"article","og_title":"Certificats - Pompe Cucchi","og_description":"[vc_row css_animation=\u00a0\u00bb\u00a0\u00bb row_type=\u00a0\u00bbrow\u00a0\u00bb use_row_as_full_screen_section=\u00a0\u00bbno\u00a0\u00bb type=\u00a0\u00bbfull_width\u00a0\u00bb angled_section=\u00a0\u00bbno\u00a0\u00bb text_align=\u00a0\u00bbleft\u00a0\u00bb background_image_as_pattern=\u00a0\u00bbwithout_pattern\u00a0\u00bb z_index=\u00a0\u00bb\u00a0\u00bb background_color=\u00a0\u00bb#ffffff\u00a0\u00bb el_id=\u00a0\u00bbbloquer le t\u00e9l\u00e9chargement\u00a0\u00bb el_class=\u00a0\u00bbpadding-mobile\u00a0\u00bb padding_top=\u00a0\u00bb87&Prime; padding_bottom=\u00a0\u00bb70&Prime;][vc_column][vc_row_inner row_type=\u00a0\u00bbrow\u00a0\u00bb type=\u00a0\u00bbgrid\u00a0\u00bb text_align=\u00a0\u00bbleft\u00a0\u00bb css_animation=\u00a0\u00bb\u00a0\u00bb][vc_column_inner][vc_column_text] CERTIFICATS...","og_url":"https:\/\/www.pompecucchi.it\/fr\/certificats\/","og_site_name":"Pompe Cucchi","article_modified_time":"2026-02-26T15:58:30+00:00","twitter_card":"summary_large_image","twitter_misc":{"Dur\u00e9e de lecture estim\u00e9e":"3 minutes"},"schema":{"@context":"https:\/\/schema.org","@graph":[{"@type":"WebPage","@id":"https:\/\/www.pompecucchi.it\/fr\/certificats\/","url":"https:\/\/www.pompecucchi.it\/fr\/certificats\/","name":"Certificats - Pompe Cucchi","isPartOf":{"@id":"https:\/\/www.pompecucchi.it\/fr\/#website"},"datePublished":"2026-02-26T15:58:28+00:00","dateModified":"2026-02-26T15:58:30+00:00","breadcrumb":{"@id":"https:\/\/www.pompecucchi.it\/fr\/certificats\/#breadcrumb"},"inLanguage":"fr-FR","potentialAction":[{"@type":"ReadAction","target":["https:\/\/www.pompecucchi.it\/fr\/certificats\/"]}]},{"@type":"BreadcrumbList","@id":"https:\/\/www.pompecucchi.it\/fr\/certificats\/#breadcrumb","itemListElement":[{"@type":"ListItem","position":1,"name":"Home","item":"https:\/\/www.pompecucchi.it\/fr\/"},{"@type":"ListItem","position":2,"name":"Certificats"}]},{"@type":"WebSite","@id":"https:\/\/www.pompecucchi.it\/fr\/#website","url":"https:\/\/www.pompecucchi.it\/fr\/","name":"Pompe Cucchi","description":"Pompe Cucchi","potentialAction":[{"@type":"SearchAction","target":{"@type":"EntryPoint","urlTemplate":"https:\/\/www.pompecucchi.it\/fr\/?s={search_term_string}"},"query-input":{"@type":"PropertyValueSpecification","valueRequired":true,"valueName":"search_term_string"}}],"inLanguage":"fr-FR"}]}},"_links":{"self":[{"href":"https:\/\/www.pompecucchi.it\/fr\/wp-json\/wp\/v2\/pages\/23033"}],"collection":[{"href":"https:\/\/www.pompecucchi.it\/fr\/wp-json\/wp\/v2\/pages"}],"about":[{"href":"https:\/\/www.pompecucchi.it\/fr\/wp-json\/wp\/v2\/types\/page"}],"author":[{"embeddable":true,"href":"https:\/\/www.pompecucchi.it\/fr\/wp-json\/wp\/v2\/users\/1"}],"replies":[{"embeddable":true,"href":"https:\/\/www.pompecucchi.it\/fr\/wp-json\/wp\/v2\/comments?post=23033"}],"version-history":[{"count":1,"href":"https:\/\/www.pompecucchi.it\/fr\/wp-json\/wp\/v2\/pages\/23033\/revisions"}],"predecessor-version":[{"id":23034,"href":"https:\/\/www.pompecucchi.it\/fr\/wp-json\/wp\/v2\/pages\/23033\/revisions\/23034"}],"wp:attachment":[{"href":"https:\/\/www.pompecucchi.it\/fr\/wp-json\/wp\/v2\/media?parent=23033"}],"curies":[{"name":"wp","href":"https:\/\/api.w.org\/{rel}","templated":true}]}}