{"id":23038,"date":"2026-02-26T17:16:58","date_gmt":"2026-02-26T16:16:58","guid":{"rendered":"https:\/\/www.pompecucchi.it\/travaillez-avec-nous\/"},"modified":"2026-02-26T17:30:41","modified_gmt":"2026-02-26T16:30:41","slug":"travaillez-avec-nous","status":"publish","type":"page","link":"https:\/\/www.pompecucchi.it\/fr\/travaillez-avec-nous\/","title":{"rendered":"Travaillez avec nous"},"content":{"rendered":"<p>[vc_row css_animation=\u00a0\u00bb\u00a0\u00bb row_type=\u00a0\u00bbrow\u00a0\u00bb use_row_as_full_screen_section=\u00a0\u00bbno\u00a0\u00bb type=\u00a0\u00bbgrid\u00a0\u00bb angled_section=\u00a0\u00bbno\u00a0\u00bb text_align=\u00a0\u00bbleft\u00a0\u00bb background_image_as_pattern=\u00a0\u00bbwithout_pattern\u00a0\u00bb z_index=\u00a0\u00bb\u00a0\u00bb padding_top=\u00a0\u00bb50&Prime; padding_bottom=\u00a0\u00bb50&Prime;][vc_column][vc_column_text]<\/p>\n<h3 style=\"text-align: center;\">TRAVAILLER AVEC NOUS<\/h3>\n<p>[\/vc_column_text][vc_separator type=\u00a0\u00bbsmall\u00a0\u00bb position=\u00a0\u00bbcenter\u00a0\u00bb up=\u00a0\u00bb6&Prime; down=\u00a0\u00bb35&Prime;][vc_column_text]<\/p>\n<p style=\"text-align: center;\">Pompe Cucchi est continuellement \u00e0 la recherche de professionnels pour rejoindre ses effectifs.<\/p>\n<p style=\"text-align: center;\"><strong>Remplissez le formulaire ci-dessous et envoyez-nous votre candidature.<\/strong><\/p>\n<p>[\/vc_column_text][\/vc_column][\/vc_row][vc_row css_animation=\u00a0\u00bb\u00a0\u00bb row_type=\u00a0\u00bbrow\u00a0\u00bb use_row_as_full_screen_section=\u00a0\u00bbno\u00a0\u00bb type=\u00a0\u00bbgrid\u00a0\u00bb angled_section=\u00a0\u00bbno\u00a0\u00bb text_align=\u00a0\u00bbleft\u00a0\u00bb background_image_as_pattern=\u00a0\u00bbwithout_pattern\u00a0\u00bb el_class=\u00a0\u00bbriga-lavora-con-noi\u00a0\u00bb z_index=\u00a0\u00bb\u00a0\u00bb background_color=\u00a0\u00bb#ffffff\u00a0\u00bb css=\u00a0\u00bb.vc_custom_1607964132329{padding-bottom: 60px !important;}\u00a0\u00bb][vc_column width=\u00a0\u00bb1\/2&Prime;][vc_separator type=\u00a0\u00bbtransparent\u00a0\u00bb down=\u00a0\u00bb45&Prime;][vc_column_text]<\/p>\n<h3 style=\"text-align: left;\">Postes \u00e0 pourvoir<\/h3>\n<p>[\/vc_column_text][vc_separator type=\u00a0\u00bbtransparent\u00a0\u00bb down=\u00a0\u00bb10&Prime;][vc_column_text]<\/p>\n<h3><strong>OP\u00c9RATEUR DE TOUR CNC 7\/2024<\/strong><\/h3>\n<p>Pour notre site d&rsquo;OPERA (MI), nous recherchons un <strong>TOURNEUR DE MACHINE \u00c0 COMMANDE NUM\u00c9RIQUE CNC<\/strong> ayant de bonnes connaissances en dessin m\u00e9canique et en proc\u00e9d\u00e9s technologiques.<\/p>\n<p><strong>Principales activit\u00e9s:<\/strong><\/p>\n<ul>\n<li>R\u00e9glage des tours \u00e0 commande num\u00e9rique;<\/li>\n<li>Ex\u00e9cution d&rsquo;op\u00e9rations d&rsquo;usinage \u00e0 l&rsquo;aide de postes de travail;<\/li>\n<li>Effectuer le travail en respectant des normes de qualit\u00e9 et de s\u00e9curit\u00e9 \u00e9lev\u00e9es;<\/li>\n<li>G\u00e9rer les r\u00e9sultats visuels et dimensionnels des produits usin\u00e9s;<\/li>\n<li>Programmation et mise en \u0153uvre de composants avec diff\u00e9rents niveaux de tol\u00e9rance<\/li>\n<li>Interpr\u00e9tation des dessins m\u00e9caniques et des tol\u00e9rances dimensionnelles<\/li>\n<li>Modification des programmes sur la machine et s\u00e9lection des outils<\/li>\n<li>V\u00e9rifier l&rsquo;efficacit\u00e9 des machines et pr\u00e9voir l&rsquo;optimisation des volumes<\/li>\n<li>Contr\u00f4ler les commandes et g\u00e9rer la charge de travail hebdomadaire de la CNC<\/li>\n<\/ul>\n<p><strong>Exigences:<\/strong><\/p>\n<ul>\n<li>Une exp\u00e9rience pr\u00e9alable dans le poste est requise<\/li>\n<li>Maturit\u00e9 dans le travail en \u00e9quipe et dans l&rsquo;utilisation de machines industrielles;<\/li>\n<li>Connaissance et lecture de dessins m\u00e9caniques;<\/li>\n<li>Exp\u00e9rience dans l\u2019utilisation des instruments de mesure et de la gestion des outils;<\/li>\n<li>Comp\u00e9tences en mati\u00e8re de programmation sur tour CNC.<\/li>\n<li>Capacit\u00e9 \u00e0 travailler dans le respect de normes de qualit\u00e9 et de s\u00e9curit\u00e9 \u00e9lev\u00e9es<\/li>\n<\/ul>\n<p>&nbsp;<\/p>\n<p><strong>Offre contractuelle:<\/strong><\/p>\n<p>Un contrat \u00e0 dur\u00e9e ind\u00e9termin\u00e9e est pr\u00e9vu. Le salaire sera d\u00e9fini en fonction des comp\u00e9tences du candidat (Contrat national du travail du secteur m\u00e9canique)<\/p>\n<p>Horaires de travail : Temps plein du lundi au vendredi, sur une base journali\u00e8re, de 8 heures \u00e0 12 heures et de 13 heures \u00e0 17 heures (pas d&rsquo;\u00e9quipes).<br \/>\nLieu de travail : Opera (MI)<\/p>\n<p>&nbsp;<\/p>\n<p>L&rsquo;offre s&rsquo;adresse aux candidats des deux sexes, conform\u00e9ment au d\u00e9cret l\u00e9gislatif n\u00b0 198\/2006 et \u00e0 ses modifications ult\u00e9rieures, ainsi qu&rsquo;aux d\u00e9crets l\u00e9gislatifs n\u00b0 215 et n\u00b0 216 de 2003 sur l&rsquo;\u00e9galit\u00e9 de traitement.<\/p>\n<p>&nbsp;<\/p>\n<p>&nbsp;<\/p>\n<h3><strong>PROPOSAL ENGINEER 7\/2024<\/strong><\/h3>\n<p>&nbsp;<\/p>\n<p>Pour notre si\u00e8ge d&rsquo;OPERA (MI), nous recherchons un <strong>ing\u00e9nieur de proposition<\/strong>. La ressource sera plac\u00e9e au sein de l&rsquo;\u00e9quipe technico-commerciale et sera responsable de:<\/p>\n<p>Principales responsabilit\u00e9s<\/p>\n<p>&nbsp;<\/p>\n<ul>\n<li>Analyse la demande de devis re\u00e7ue du client, examine les fiches techniques, identifie et r\u00e9pertorie les divergences, assure l&rsquo;interface avec les fournisseurs pour demander des offres sp\u00e9cifiques pour les accessoires\/moteurs, etc.<\/li>\n<li>Identifie la meilleure solution technique et pr\u00e9pare un devis technico-commercial qui r\u00e9pond au mieux aux besoins du client.<\/li>\n<li>Il est proactif dans le suivi des devis et n\u00e9gocie les meilleures conditions des contrats.<\/li>\n<li>Il s\u2019interface avec la production au profit de l&rsquo;ensemble de la cha\u00eene d&rsquo;approvisionnement<\/li>\n<li>Utiliser le syst\u00e8me CRM pour mieux suivre les offres<\/li>\n<li>Soutenir le d\u00e9partement des ventes mondiales dans la croissance des march\u00e9s cibles<\/li>\n<li>Participer \u00e0 des appels avec des clients \u00e9trangers pour fournir une expertise technique.<\/li>\n<\/ul>\n<p>&nbsp;<\/p>\n<p>Principales caract\u00e9ristiques requises<\/p>\n<ul>\n<li>Formation tr\u00e8s technique<\/li>\n<li>M\u00e9ticulosit\u00e9 et souci du d\u00e9tail<\/li>\n<li>Volont\u00e9 de voyager pour le travail<\/li>\n<li>Exp\u00e9rience pr\u00e9alable dans la fonction<\/li>\n<li>Provenant de l&rsquo;industrie p\u00e9troli\u00e8re&amp;gazi\u00e8re \/ chimique \/ pharmaceutique \/ alimentaire<\/li>\n<li>Excellente connaissance de la langue anglaise<\/li>\n<li>Une exp\u00e9rience dans le secteur des pompes sera consid\u00e9r\u00e9e comme un atout.<\/li>\n<\/ul>\n<p>&nbsp;<\/p>\n<p>Un contrat \u00e0 dur\u00e9e ind\u00e9termin\u00e9e est pr\u00e9vu. Le salaire sera d\u00e9fini en fonction des comp\u00e9tences du candidat (Contrat national du travail du secteur m\u00e9canique)<\/p>\n<p>Horaires de travail : Temps plein du lundi au vendredi, sur une base journali\u00e8re, de 8 heures \u00e0 12 heures et de 13 heures \u00e0 17 heures (pas d&rsquo;\u00e9quipes).<\/p>\n<p>Lieu de travail : Opera (MI)<\/p>\n<p>&nbsp;<\/p>\n<p>L&rsquo;offre s&rsquo;adresse aux candidats des deux sexes, conform\u00e9ment au d\u00e9cret l\u00e9gislatif n\u00b0 198\/2006 et \u00e0 ses modifications ult\u00e9rieures, ainsi qu&rsquo;aux d\u00e9crets l\u00e9gislatifs n\u00b0 215 et n\u00b0 216 de 2003 sur l&rsquo;\u00e9galit\u00e9 de traitement.[\/vc_column_text][\/vc_column][vc_column width=\u00a0\u00bb1\/2&Prime;][vc_separator type=\u00a0\u00bbtransparent\u00a0\u00bb down=\u00a0\u00bb45&Prime;][vc_column_text]<\/p>\n<h3>Candidature spontan\u00e9e<\/h3>\n<p>[\/vc_column_text][vc_separator type=\u00a0\u00bbtransparent\u00a0\u00bb down=\u00a0\u00bb10&Prime;]\n<div class=\"wpcf7 no-js\" id=\"wpcf7-f23044-o1\" lang=\"fr-FR\" dir=\"ltr\">\n<div class=\"screen-reader-response\"><p role=\"status\" aria-live=\"polite\" aria-atomic=\"true\"><\/p> <ul><\/ul><\/div>\n<form action=\"\/fr\/wp-json\/wp\/v2\/pages\/23038#wpcf7-f23044-o1\" method=\"post\" class=\"wpcf7-form init default wpcf7-acceptance-as-validation\" aria-label=\"Formulaire de contact\" enctype=\"multipart\/form-data\" novalidate=\"novalidate\" data-status=\"init\">\n<div style=\"display: none;\">\n<input type=\"hidden\" name=\"_wpcf7\" value=\"23044\" \/>\n<input type=\"hidden\" name=\"_wpcf7_version\" value=\"5.9.8\" \/>\n<input type=\"hidden\" name=\"_wpcf7_locale\" value=\"fr_FR\" \/>\n<input type=\"hidden\" name=\"_wpcf7_unit_tag\" value=\"wpcf7-f23044-o1\" \/>\n<input type=\"hidden\" name=\"_wpcf7_container_post\" value=\"0\" \/>\n<input type=\"hidden\" name=\"_wpcf7_posted_data_hash\" value=\"\" \/>\n<\/div>\n<div class=\"campo\">\n\t<p><span class=\"wpcf7-form-control-wrap\" data-name=\"Nome\"><input size=\"40\" maxlength=\"400\" class=\"wpcf7-form-control wpcf7-text wpcf7-validates-as-required\" aria-required=\"true\" aria-invalid=\"false\" placeholder=\"Nom*\" value=\"\" type=\"text\" name=\"Nome\" \/><\/span>\n\t<\/p>\n<\/div>\n<div class=\"campo2\">\n\t<p><span class=\"wpcf7-form-control-wrap\" data-name=\"Cognome\"><input size=\"40\" maxlength=\"400\" class=\"wpcf7-form-control wpcf7-text wpcf7-validates-as-required\" aria-required=\"true\" aria-invalid=\"false\" placeholder=\"Nom de famille*\" value=\"\" type=\"text\" name=\"Cognome\" \/><\/span>\n\t<\/p>\n<\/div>\n<div class=\"campo\">\n\t<p><span class=\"wpcf7-form-control-wrap\" data-name=\"Email\"><input size=\"40\" maxlength=\"400\" class=\"wpcf7-form-control wpcf7-email wpcf7-validates-as-required wpcf7-text wpcf7-validates-as-email\" aria-required=\"true\" aria-invalid=\"false\" placeholder=\"Courriel*\" value=\"\" type=\"email\" name=\"Email\" \/><\/span>\n\t<\/p>\n<\/div>\n<div class=\"campo2\">\n\t<p><span class=\"wpcf7-form-control-wrap\" data-name=\"Telefono\"><input size=\"40\" maxlength=\"400\" class=\"wpcf7-form-control wpcf7-tel wpcf7-validates-as-required wpcf7-text wpcf7-validates-as-tel\" aria-required=\"true\" aria-invalid=\"false\" value=\"T\u00e9l\u00e9phone*\" type=\"tel\" name=\"Telefono\" \/><\/span>\n\t<\/p>\n<\/div>\n<div class=\"intera candidatura\">\n\t<p><label><strong>Type de candidature*<\/strong><\/label><span class=\"wpcf7-form-control-wrap\" data-name=\"TipoCandidatura\"><span class=\"wpcf7-form-control wpcf7-radio\"><span class=\"wpcf7-list-item first\"><label><input type=\"radio\" name=\"TipoCandidatura\" value=\"Concepteur m\u00e9canique senior\" checked=\"checked\" \/><span class=\"wpcf7-list-item-label\">Concepteur m\u00e9canique senior<\/span><\/label><\/span><span class=\"wpcf7-list-item\"><label><input type=\"radio\" name=\"TipoCandidatura\" value=\"Fournisseur\" \/><span class=\"wpcf7-list-item-label\">Fournisseur<\/span><\/label><\/span><span class=\"wpcf7-list-item\"><label><input type=\"radio\" name=\"TipoCandidatura\" value=\"Distributeur\" \/><span class=\"wpcf7-list-item-label\">Distributeur<\/span><\/label><\/span><span class=\"wpcf7-list-item last\"><label><input type=\"radio\" name=\"TipoCandidatura\" value=\"Commercial\" \/><span class=\"wpcf7-list-item-label\">Commercial<\/span><\/label><\/span><\/span><\/span>\n\t<\/p>\n<\/div>\n<div class=\"intera\">\n\t<p><label><strong>T\u00e9l\u00e9charger le CV* (limite maximale 3 Mb)<\/strong><\/label><br \/>\n<span class=\"wpcf7-form-control-wrap\" data-name=\"file-95\"><input size=\"40\" class=\"wpcf7-form-control wpcf7-file wpcf7-validates-as-required\" accept=\".gif,.png,.jpg,.jpeg,.pdf,.doc,.docx\" aria-required=\"true\" aria-invalid=\"false\" type=\"file\" name=\"file-95\" \/><\/span>\n\t<\/p>\n<\/div>\n<div class=\"intera\">\n\t<p><span class=\"wpcf7-form-control-wrap\" data-name=\"Messaggio\"><textarea cols=\"40\" rows=\"10\" maxlength=\"2000\" class=\"wpcf7-form-control wpcf7-textarea wpcf7-validates-as-required\" aria-required=\"true\" aria-invalid=\"false\" placeholder=\"Message\" name=\"Messaggio\"><\/textarea><\/span>\n\t<\/p>\n<\/div>\n<div class=\"intera accettazione-privacy\">\n\t<p><span class=\"wpcf7-form-control-wrap\" data-name=\"acceptance-392\"><span class=\"wpcf7-form-control wpcf7-acceptance\"><span class=\"wpcf7-list-item\"><input type=\"checkbox\" name=\"acceptance-392\" value=\"1\" aria-invalid=\"false\" \/><\/span><\/span><\/span>\n\t<\/p>\n\t<p class=\"testo-privacy\"><strong>CONSENTEMENT AU TRAITEMENT DES DONN\u00c9ES \u00c0 CARACT\u00c8RE PERSONNEL<\/strong>\n\t<\/p>\n<\/div>\n<div class=\"intera testo-privacy\">\n\t<p>\u00c0 l'attention de Pompe Cucchi Srl,<br \/>\napr\u00e8s avoir lu attentivement la <a style=\"font-weight:600;\" href=\"\/fr\/politique-de-confidentialite\/\" target=\"_blank\">note d'information<\/a> et compris les caract\u00e9ristiques du traitement de mes donn\u00e9es personnelles que vous allez mettre en \u0153uvre, je vous donne mon consentement libre, sp\u00e9cifique, \u00e9clair\u00e9 et sans \u00e9quivoque au traitement de ces donn\u00e9es personnelles aux fins indiqu\u00e9es dans la note d'information susmentionn\u00e9e, \u00e0 savoir \u00eatre recontact\u00e9 afin de recevoir plus d'informations sur vos services.\n\t<\/p>\n<\/div>\n<div class=\"intera\">\n\t<p><input class=\"wpcf7-form-control wpcf7-submit has-spinner\" type=\"submit\" value=\"Envoyer\" \/>\n\t<\/p>\n<\/div><input type=\"hidden\" id=\"ct_checkjs_cf7_ab88b15733f543179858600245108dd8\" name=\"ct_checkjs_cf7\" value=\"0\" \/><script >setTimeout(function(){var ct_input_name = \"ct_checkjs_cf7_ab88b15733f543179858600245108dd8\";if (document.getElementById(ct_input_name) !== null) {var ct_input_value = document.getElementById(ct_input_name).value;document.getElementById(ct_input_name).value = document.getElementById(ct_input_name).value.replace(ct_input_value, '2079437237');}}, 1000);<\/script><input\n                    class=\"apbct_special_field apbct_email_id__wp_contact_form_7\"\n                    name=\"apbct__email_id__wp_contact_form_7\"\n                    aria-label=\"apbct__label_id__wp_contact_form_7\"\n                    type=\"text\" size=\"30\" maxlength=\"200\" autocomplete=\"off\"\n                    value=\"\"\n                \/><p style=\"display: none !important;\" class=\"akismet-fields-container\" data-prefix=\"_wpcf7_ak_\"><label>&#916;<textarea name=\"_wpcf7_ak_hp_textarea\" cols=\"45\" rows=\"8\" maxlength=\"100\"><\/textarea><\/label><input type=\"hidden\" id=\"ak_js_1\" name=\"_wpcf7_ak_js\" value=\"106\"\/><script>document.getElementById( \"ak_js_1\" ).setAttribute( \"value\", ( new Date() ).getTime() );<\/script><\/p><div class=\"wpcf7-response-output\" aria-hidden=\"true\"><\/div>\n<\/form>\n<\/div>\n[\/vc_column][\/vc_row]<\/p>\n","protected":false},"excerpt":{"rendered":"<p>[vc_row css_animation=\u00a0\u00bb\u00a0\u00bb row_type=\u00a0\u00bbrow\u00a0\u00bb use_row_as_full_screen_section=\u00a0\u00bbno\u00a0\u00bb type=\u00a0\u00bbgrid\u00a0\u00bb angled_section=\u00a0\u00bbno\u00a0\u00bb text_align=\u00a0\u00bbleft\u00a0\u00bb background_image_as_pattern=\u00a0\u00bbwithout_pattern\u00a0\u00bb z_index=\u00a0\u00bb\u00a0\u00bb padding_top=\u00a0\u00bb50&Prime; padding_bottom=\u00a0\u00bb50&Prime;][vc_column][vc_column_text] TRAVAILLER AVEC NOUS [\/vc_column_text][vc_separator type=\u00a0\u00bbsmall\u00a0\u00bb position=\u00a0\u00bbcenter\u00a0\u00bb up=\u00a0\u00bb6&Prime; down=\u00a0\u00bb35&Prime;][vc_column_text] Pompe Cucchi&#8230;<\/p>\n","protected":false},"author":1,"featured_media":0,"parent":0,"menu_order":0,"comment_status":"closed","ping_status":"closed","template":"full_width.php","meta":{"footnotes":""},"yoast_head":"<!-- This site is optimized with the Yoast SEO plugin v23.5 - https:\/\/yoast.com\/wordpress\/plugins\/seo\/ -->\n<title>Travaillez avec nous - Pompe Cucchi<\/title>\n<meta name=\"robots\" content=\"index, follow, max-snippet:-1, max-image-preview:large, max-video-preview:-1\" \/>\n<link rel=\"canonical\" href=\"https:\/\/www.pompecucchi.it\/fr\/travaillez-avec-nous\/\" \/>\n<meta property=\"og:locale\" content=\"fr_FR\" \/>\n<meta property=\"og:type\" content=\"article\" \/>\n<meta property=\"og:title\" content=\"Travaillez avec nous - Pompe Cucchi\" \/>\n<meta property=\"og:description\" content=\"[vc_row css_animation=\u00a0\u00bb\u00a0\u00bb row_type=\u00a0\u00bbrow\u00a0\u00bb use_row_as_full_screen_section=\u00a0\u00bbno\u00a0\u00bb type=\u00a0\u00bbgrid\u00a0\u00bb angled_section=\u00a0\u00bbno\u00a0\u00bb text_align=\u00a0\u00bbleft\u00a0\u00bb background_image_as_pattern=\u00a0\u00bbwithout_pattern\u00a0\u00bb z_index=\u00a0\u00bb\u00a0\u00bb padding_top=\u00a0\u00bb50&Prime; padding_bottom=\u00a0\u00bb50&Prime;][vc_column][vc_column_text] TRAVAILLER AVEC NOUS [\/vc_column_text][vc_separator type=\u00a0\u00bbsmall\u00a0\u00bb position=\u00a0\u00bbcenter\u00a0\u00bb up=\u00a0\u00bb6&Prime; down=\u00a0\u00bb35&Prime;][vc_column_text] Pompe Cucchi...\" \/>\n<meta property=\"og:url\" content=\"https:\/\/www.pompecucchi.it\/fr\/travaillez-avec-nous\/\" \/>\n<meta property=\"og:site_name\" content=\"Pompe Cucchi\" \/>\n<meta property=\"article:modified_time\" content=\"2026-02-26T16:30:41+00:00\" \/>\n<meta name=\"twitter:card\" content=\"summary_large_image\" \/>\n<meta name=\"twitter:label1\" content=\"Dur\u00e9e de lecture estim\u00e9e\" \/>\n\t<meta name=\"twitter:data1\" content=\"4 minutes\" \/>\n<script type=\"application\/ld+json\" class=\"yoast-schema-graph\">{\"@context\":\"https:\/\/schema.org\",\"@graph\":[{\"@type\":\"WebPage\",\"@id\":\"https:\/\/www.pompecucchi.it\/fr\/travaillez-avec-nous\/\",\"url\":\"https:\/\/www.pompecucchi.it\/fr\/travaillez-avec-nous\/\",\"name\":\"Travaillez avec nous - Pompe Cucchi\",\"isPartOf\":{\"@id\":\"https:\/\/www.pompecucchi.it\/fr\/#website\"},\"datePublished\":\"2026-02-26T16:16:58+00:00\",\"dateModified\":\"2026-02-26T16:30:41+00:00\",\"breadcrumb\":{\"@id\":\"https:\/\/www.pompecucchi.it\/fr\/travaillez-avec-nous\/#breadcrumb\"},\"inLanguage\":\"fr-FR\",\"potentialAction\":[{\"@type\":\"ReadAction\",\"target\":[\"https:\/\/www.pompecucchi.it\/fr\/travaillez-avec-nous\/\"]}]},{\"@type\":\"BreadcrumbList\",\"@id\":\"https:\/\/www.pompecucchi.it\/fr\/travaillez-avec-nous\/#breadcrumb\",\"itemListElement\":[{\"@type\":\"ListItem\",\"position\":1,\"name\":\"Home\",\"item\":\"https:\/\/www.pompecucchi.it\/fr\/\"},{\"@type\":\"ListItem\",\"position\":2,\"name\":\"Travaillez avec nous\"}]},{\"@type\":\"WebSite\",\"@id\":\"https:\/\/www.pompecucchi.it\/fr\/#website\",\"url\":\"https:\/\/www.pompecucchi.it\/fr\/\",\"name\":\"Pompe Cucchi\",\"description\":\"Pompe Cucchi\",\"potentialAction\":[{\"@type\":\"SearchAction\",\"target\":{\"@type\":\"EntryPoint\",\"urlTemplate\":\"https:\/\/www.pompecucchi.it\/fr\/?s={search_term_string}\"},\"query-input\":{\"@type\":\"PropertyValueSpecification\",\"valueRequired\":true,\"valueName\":\"search_term_string\"}}],\"inLanguage\":\"fr-FR\"}]}<\/script>\n<!-- \/ Yoast SEO plugin. -->","yoast_head_json":{"title":"Travaillez avec nous - Pompe Cucchi","robots":{"index":"index","follow":"follow","max-snippet":"max-snippet:-1","max-image-preview":"max-image-preview:large","max-video-preview":"max-video-preview:-1"},"canonical":"https:\/\/www.pompecucchi.it\/fr\/travaillez-avec-nous\/","og_locale":"fr_FR","og_type":"article","og_title":"Travaillez avec nous - Pompe Cucchi","og_description":"[vc_row css_animation=\u00a0\u00bb\u00a0\u00bb row_type=\u00a0\u00bbrow\u00a0\u00bb use_row_as_full_screen_section=\u00a0\u00bbno\u00a0\u00bb type=\u00a0\u00bbgrid\u00a0\u00bb angled_section=\u00a0\u00bbno\u00a0\u00bb text_align=\u00a0\u00bbleft\u00a0\u00bb background_image_as_pattern=\u00a0\u00bbwithout_pattern\u00a0\u00bb z_index=\u00a0\u00bb\u00a0\u00bb padding_top=\u00a0\u00bb50&Prime; padding_bottom=\u00a0\u00bb50&Prime;][vc_column][vc_column_text] TRAVAILLER AVEC NOUS [\/vc_column_text][vc_separator type=\u00a0\u00bbsmall\u00a0\u00bb position=\u00a0\u00bbcenter\u00a0\u00bb up=\u00a0\u00bb6&Prime; down=\u00a0\u00bb35&Prime;][vc_column_text] Pompe Cucchi...","og_url":"https:\/\/www.pompecucchi.it\/fr\/travaillez-avec-nous\/","og_site_name":"Pompe Cucchi","article_modified_time":"2026-02-26T16:30:41+00:00","twitter_card":"summary_large_image","twitter_misc":{"Dur\u00e9e de lecture estim\u00e9e":"4 minutes"},"schema":{"@context":"https:\/\/schema.org","@graph":[{"@type":"WebPage","@id":"https:\/\/www.pompecucchi.it\/fr\/travaillez-avec-nous\/","url":"https:\/\/www.pompecucchi.it\/fr\/travaillez-avec-nous\/","name":"Travaillez avec nous - Pompe Cucchi","isPartOf":{"@id":"https:\/\/www.pompecucchi.it\/fr\/#website"},"datePublished":"2026-02-26T16:16:58+00:00","dateModified":"2026-02-26T16:30:41+00:00","breadcrumb":{"@id":"https:\/\/www.pompecucchi.it\/fr\/travaillez-avec-nous\/#breadcrumb"},"inLanguage":"fr-FR","potentialAction":[{"@type":"ReadAction","target":["https:\/\/www.pompecucchi.it\/fr\/travaillez-avec-nous\/"]}]},{"@type":"BreadcrumbList","@id":"https:\/\/www.pompecucchi.it\/fr\/travaillez-avec-nous\/#breadcrumb","itemListElement":[{"@type":"ListItem","position":1,"name":"Home","item":"https:\/\/www.pompecucchi.it\/fr\/"},{"@type":"ListItem","position":2,"name":"Travaillez avec nous"}]},{"@type":"WebSite","@id":"https:\/\/www.pompecucchi.it\/fr\/#website","url":"https:\/\/www.pompecucchi.it\/fr\/","name":"Pompe Cucchi","description":"Pompe Cucchi","potentialAction":[{"@type":"SearchAction","target":{"@type":"EntryPoint","urlTemplate":"https:\/\/www.pompecucchi.it\/fr\/?s={search_term_string}"},"query-input":{"@type":"PropertyValueSpecification","valueRequired":true,"valueName":"search_term_string"}}],"inLanguage":"fr-FR"}]}},"_links":{"self":[{"href":"https:\/\/www.pompecucchi.it\/fr\/wp-json\/wp\/v2\/pages\/23038"}],"collection":[{"href":"https:\/\/www.pompecucchi.it\/fr\/wp-json\/wp\/v2\/pages"}],"about":[{"href":"https:\/\/www.pompecucchi.it\/fr\/wp-json\/wp\/v2\/types\/page"}],"author":[{"embeddable":true,"href":"https:\/\/www.pompecucchi.it\/fr\/wp-json\/wp\/v2\/users\/1"}],"replies":[{"embeddable":true,"href":"https:\/\/www.pompecucchi.it\/fr\/wp-json\/wp\/v2\/comments?post=23038"}],"version-history":[{"count":3,"href":"https:\/\/www.pompecucchi.it\/fr\/wp-json\/wp\/v2\/pages\/23038\/revisions"}],"predecessor-version":[{"id":23045,"href":"https:\/\/www.pompecucchi.it\/fr\/wp-json\/wp\/v2\/pages\/23038\/revisions\/23045"}],"wp:attachment":[{"href":"https:\/\/www.pompecucchi.it\/fr\/wp-json\/wp\/v2\/media?parent=23038"}],"curies":[{"name":"wp","href":"https:\/\/api.w.org\/{rel}","templated":true}]}}