{"id":23046,"date":"2026-02-26T17:38:34","date_gmt":"2026-02-26T16:38:34","guid":{"rendered":"https:\/\/www.pompecucchi.it\/privacy-policy\/"},"modified":"2026-02-26T17:51:32","modified_gmt":"2026-02-26T16:51:32","slug":"privacy-policy","status":"publish","type":"page","link":"https:\/\/www.pompecucchi.it\/fr\/politique-de-confidentialite\/","title":{"rendered":"Politique de confidentialit\u00e9"},"content":{"rendered":"<p>[vc_row css_animation=\u00a0\u00bb\u00a0\u00bb row_type=\u00a0\u00bbrow\u00a0\u00bb use_row_as_full_screen_section=\u00a0\u00bbno\u00a0\u00bb type=\u00a0\u00bbfull_width\u00a0\u00bb angled_section=\u00a0\u00bbno\u00a0\u00bb text_align=\u00a0\u00bbleft\u00a0\u00bb background_image_as_pattern=\u00a0\u00bbwithout_pattern\u00a0\u00bb][vc_column][vc_empty_space height=\u00a0\u00bb35px\u00a0\u00bb el_class=\u00a0\u00bbspazio-pagine-mobile\u00a0\u00bb][vc_column_text]<\/p>\n<h2>INFORMATION RELATIVE \u00c0 LA PROTECTION DES DONN\u00c9ES<\/h2>\n<p><strong>AU SENS DE L\u2019ARTICLE 13 DU R\u00c8GLEMENT (UE) 2016\/679<\/strong><\/p>\n<p>Cher utilisateur,<br \/>\nLe pr\u00e9sent document vous est remis conform\u00e9ment \u00e0 l\u2019article 13 du R\u00e8glement (UE) 2016\/679 (dit RGPD) qui, en mati\u00e8re de traitement des donn\u00e9es \u00e0 caract\u00e8re personnel, impose au responsable du traitement collectant des donn\u00e9es aupr\u00e8s de la personne concern\u00e9e de fournir \u00e0 celle-ci, en tant que personne physique, au moment o\u00f9 ces donn\u00e9es sont obtenues, une s\u00e9rie d\u2019informations sp\u00e9cifiques concernant leur gestion.<\/p>\n<p>\u00c0 cette fin, nous vous remettons la pr\u00e9sente information relative au traitement des donn\u00e9es \u00e0 caract\u00e8re personnel que vous fournirez lors de la navigation sur notre site et, plus particuli\u00e8rement, lors de l\u2019utilisation des services <strong>\u00ab DEMANDER DES INFORMATIONS \u00bb, \u00ab CANDIDATURE SPONTAN\u00c9E \u00bb, \u00ab FORMULAIRE DE DEMANDE D\u2019OFFRE SAFE AREA \u00bb, \u00ab FORMULAIRE DE DEMANDE D\u2019OFFRE ATEX \u00bb<\/strong>, consistant \u00e0 remplir un formulaire en ligne en indiquant nom et pr\u00e9nom, adresse e-mail, soci\u00e9t\u00e9 requ\u00e9rante, t\u00e9l\u00e9phone, type de candidature, pression, d\u00e9bit, fluide, classification, message, afin d\u2019\u00eatre recontact\u00e9 pour recevoir de plus amples informations sur nos services.<\/p>\n<p><strong>ART.1 \u2013 IDENTIT\u00c9 ET COORDONN\u00c9ES DU RESPONSABLE DU TRAITEMENT<br \/>\n<em>(cf. art.13, \u00a71, let.a, RGPD)<\/em><\/strong><br \/>\nLe responsable du traitement des donn\u00e9es \u00e0 caract\u00e8re personnel que vous fournissez est Pompe Cucchi Srl, N\u00b0 de TVA 02066290152, dont le si\u00e8ge social est situ\u00e9 Via dei Pioppi, 39, 20090 Opera (Milan), Italie, dont les coordonn\u00e9es sont les suivantes :<br \/>\nT\u00e9l\u00e9phone: <strong><a href=\"tel:+390257606287\">+39 02 57606287<\/a><\/strong><br \/>\nAdresse e-mail : <a href=\"mailto:sales@pompecucchi.it\"><strong>sales@pompecucchi.it<\/strong><\/a><\/p>\n<p><strong>ART.2 \u2013 COORDONN\u00c9ES DU D\u00c9L\u00c9GU\u00c9 \u00c0 LA PROTECTION DES DONN\u00c9ES (DPO)<br \/>\n<em>(cf. art.13, \u00a71, let.b, RGPD)<\/em><\/strong><br \/>\nLa nature sp\u00e9cifique du traitement des donn\u00e9es, ainsi que de l\u2019activit\u00e9 professionnelle exerc\u00e9e, ne rend pas obligatoire la d\u00e9signation d\u2019un d\u00e9l\u00e9gu\u00e9 \u00e0 la protection des donn\u00e9es.<\/p>\n<p><em><strong>ART.3 \u2013 FINALIT\u00c9S ET BASE JURIDIQUE DU TRAITEMENT DES DONN\u00c9ES<br \/>\n(cf. art.13, \u00a71, let.c, RGPD)<\/strong><\/em><br \/>\nLe traitement des donn\u00e9es a pour finalit\u00e9 de donner suite \u00e0 votre demande d\u2019\u00eatre recontact\u00e9 afin de recevoir de plus amples informations sur nos services.<br \/>\nLe traitement repose sur le consentement de la personne concern\u00e9e, qui devra \u00eatre exprim\u00e9 par la signature des d\u00e9clarations figurant au bas de la pr\u00e9sente information relative \u00e0 la protection des donn\u00e9es, \u00e0 laquelle le consentement fera express\u00e9ment r\u00e9f\u00e9rence.<\/p>\n<p><strong>ART.4 \u2013 INT\u00c9R\u00caTS L\u00c9GITIMES POURSUIVIS PAR LE RESPONSABLE DU TRAITEMENT<br \/>\n<em>(cf. art.13, \u00a71, let.d, RGPD)<\/em><\/strong><br \/>\nLe traitement n\u2019est pas n\u00e9cessaire \u00e0 la poursuite d\u2019un int\u00e9r\u00eat l\u00e9gitime du responsable du traitement ou de tiers.<\/p>\n<p><strong>ART.5 \u2013 DESTINATAIRES OU CAT\u00c9GORIES DE DESTINATAIRES DES DONN\u00c9ES \u00c0 CARACT\u00c8RE PERSONNEL<br \/>\n<em>(cf. art.13, \u00a71, let.e, RGPD)<\/em><\/strong><br \/>\nLe traitement ne pr\u00e9voit aucun destinataire ni aucune cat\u00e9gorie de destinataires des donn\u00e9es \u00e0 caract\u00e8re personnel.<\/p>\n<p><strong>ART.6 \u2013 TRANSFERT DES DONN\u00c9ES VERS DES PAYS TIERS OU DES ORGANISATIONS INTERNATIONALES<br \/>\n<em>(cf. art.13, \u00a71, let.f, RGPD)<\/em><\/strong><br \/>\nLe traitement ne pr\u00e9voit aucun transfert de donn\u00e9es vers des pays tiers hors UE ni vers des organisations internationales.<\/p>\n<p><strong>ART.7 \u2013 DUR\u00c9E DE CONSERVATION DES DONN\u00c9ES OU CRIT\u00c8RES UTILIS\u00c9S POUR LA D\u00c9TERMINER<br \/>\n<em>(cf. art.13, \u00a72, let.a, RGPD)<\/em><\/strong><br \/>\nLes donn\u00e9es de l\u2019utilisateur seront conserv\u00e9es uniquement pendant la dur\u00e9e n\u00e9cessaire \u00e0 la bonne prestation des services propos\u00e9s.<\/p>\n<p><strong>ART.8 \u2013 DROITS DE LA PERSONNE CONCERN\u00c9E<br \/>\n<em>(cf. art.13, \u00a72, let.b, RGPD)<\/em><\/strong><br \/>\nLa personne concern\u00e9e a le droit de demander au responsable du traitement l\u2019acc\u00e8s aux donn\u00e9es \u00e0 caract\u00e8re personnel la concernant, leur rectification ou leur effacement, ou la limitation du traitement, ainsi que le droit de s\u2019opposer au traitement et le droit \u00e0 la portabilit\u00e9 des donn\u00e9es.<\/p>\n<p><strong>ART.9 \u2013 RETRAIT DU CONSENTEMENT<br \/>\n<em>(cf. art.13, \u00a72, let.c, RGPD)<\/em><\/strong><br \/>\nLa personne concern\u00e9e a le droit de retirer son consentement au traitement \u00e0 tout moment ; conform\u00e9ment \u00e0 l\u2019article 13, \u00a72, let.c, du RGPD, le retrait du consentement ne porte pas atteinte \u00e0 la lic\u00e9it\u00e9 du traitement fond\u00e9 sur le consentement donn\u00e9 avant ce retrait.<\/p>\n<p><strong>ART.10 \u2013 R\u00c9CLAMATION<br \/>\n<em>(cf. art.13, \u00a72, let.d, RGPD)<\/em><\/strong><br \/>\nLa personne concern\u00e9e a le droit d\u2019introduire une r\u00e9clamation aupr\u00e8s d\u2019une autorit\u00e9 de contr\u00f4le.<\/p>\n<p><strong>ART.11 \u2013 OBLIGATION OU N\u00c9CESSIT\u00c9 DE FOURNIR LES DONN\u00c9ES<br \/>\n<em>(cf. art.13, \u00a72, let.e, RGPD)<\/em><\/strong><br \/>\nLa communication des donn\u00e9es \u00e0 caract\u00e8re personnel est une condition n\u00e9cessaire pour permettre \u00e0 l\u2019utilisateur d\u2019\u00eatre recontact\u00e9 afin de recevoir de plus amples informations sur nos services. La personne concern\u00e9e n\u2019est pas l\u00e9galement tenue de fournir ces donn\u00e9es, mais l\u2019absence de communication rendra impossible le traitement de sa demande de contact.<\/p>\n<p><strong>ART.12 \u2013 PROCESSUS D\u00c9CISIONNEL AUTOMATIS\u00c9<br \/>\n<em>(cf. art.13, \u00a72, let.f, RGPD)<\/em><\/strong><br \/>\nLe traitement ne fera l\u2019objet d\u2019aucun processus d\u00e9cisionnel automatis\u00e9.<\/p>\n<p><strong>ART.13 \u2013 FINALIT\u00c9S DIFF\u00c9RENTES DU TRAITEMENT<br \/>\n<em>(cf. art.13, \u00a73, RGPD)<\/em><\/strong><br \/>\nLe traitement ne sera pas effectu\u00e9 \u00e0 des fins autres que celles indiqu\u00e9es \u00e0 l\u2019article 3.<\/p>\n<p><strong><em>Fait pour valoir ce que de droit,<br \/>\nPompe Cucchi Srl<\/em><\/strong>[\/vc_column_text][vc_empty_space height=\u00a0\u00bb60px\u00a0\u00bb][\/vc_column][\/vc_row]<\/p>\n","protected":false},"excerpt":{"rendered":"<p>[vc_row css_animation=\u00a0\u00bb\u00a0\u00bb row_type=\u00a0\u00bbrow\u00a0\u00bb use_row_as_full_screen_section=\u00a0\u00bbno\u00a0\u00bb type=\u00a0\u00bbfull_width\u00a0\u00bb angled_section=\u00a0\u00bbno\u00a0\u00bb text_align=\u00a0\u00bbleft\u00a0\u00bb background_image_as_pattern=\u00a0\u00bbwithout_pattern\u00a0\u00bb][vc_column][vc_empty_space height=\u00a0\u00bb35px\u00a0\u00bb el_class=\u00a0\u00bbspazio-pagine-mobile\u00a0\u00bb][vc_column_text] INFORMATION RELATIVE \u00c0 LA PROTECTION DES DONN\u00c9ES AU SENS DE L\u2019ARTICLE&#8230;<\/p>\n","protected":false},"author":1,"featured_media":0,"parent":0,"menu_order":0,"comment_status":"closed","ping_status":"closed","template":"","meta":{"footnotes":""},"yoast_head":"<!-- This site is optimized with the Yoast SEO plugin v23.5 - https:\/\/yoast.com\/wordpress\/plugins\/seo\/ -->\n<title>Politique de confidentialit\u00e9 - Pompe Cucchi<\/title>\n<meta name=\"robots\" content=\"noindex, nofollow\" \/>\n<meta property=\"og:locale\" content=\"fr_FR\" \/>\n<meta property=\"og:type\" content=\"article\" \/>\n<meta property=\"og:title\" content=\"Politique de confidentialit\u00e9 - Pompe Cucchi\" \/>\n<meta property=\"og:description\" content=\"[vc_row css_animation=\u00a0\u00bb\u00a0\u00bb row_type=\u00a0\u00bbrow\u00a0\u00bb use_row_as_full_screen_section=\u00a0\u00bbno\u00a0\u00bb type=\u00a0\u00bbfull_width\u00a0\u00bb angled_section=\u00a0\u00bbno\u00a0\u00bb text_align=\u00a0\u00bbleft\u00a0\u00bb background_image_as_pattern=\u00a0\u00bbwithout_pattern\u00a0\u00bb][vc_column][vc_empty_space height=\u00a0\u00bb35px\u00a0\u00bb el_class=\u00a0\u00bbspazio-pagine-mobile\u00a0\u00bb][vc_column_text] INFORMATION RELATIVE \u00c0 LA PROTECTION DES DONN\u00c9ES AU SENS DE L\u2019ARTICLE...\" \/>\n<meta property=\"og:url\" content=\"https:\/\/www.pompecucchi.it\/fr\/politique-de-confidentialite\/\" \/>\n<meta property=\"og:site_name\" content=\"Pompe Cucchi\" \/>\n<meta property=\"article:modified_time\" content=\"2026-02-26T16:51:32+00:00\" \/>\n<meta name=\"twitter:card\" content=\"summary_large_image\" \/>\n<meta name=\"twitter:label1\" content=\"Dur\u00e9e de lecture estim\u00e9e\" \/>\n\t<meta name=\"twitter:data1\" content=\"4 minutes\" \/>\n<script type=\"application\/ld+json\" class=\"yoast-schema-graph\">{\"@context\":\"https:\/\/schema.org\",\"@graph\":[{\"@type\":\"WebPage\",\"@id\":\"https:\/\/www.pompecucchi.it\/fr\/politique-de-confidentialite\/\",\"url\":\"https:\/\/www.pompecucchi.it\/fr\/politique-de-confidentialite\/\",\"name\":\"Politique de confidentialit\u00e9 - Pompe Cucchi\",\"isPartOf\":{\"@id\":\"https:\/\/www.pompecucchi.it\/fr\/#website\"},\"datePublished\":\"2026-02-26T16:38:34+00:00\",\"dateModified\":\"2026-02-26T16:51:32+00:00\",\"breadcrumb\":{\"@id\":\"https:\/\/www.pompecucchi.it\/fr\/politique-de-confidentialite\/#breadcrumb\"},\"inLanguage\":\"fr-FR\",\"potentialAction\":[{\"@type\":\"ReadAction\",\"target\":[\"https:\/\/www.pompecucchi.it\/fr\/politique-de-confidentialite\/\"]}]},{\"@type\":\"BreadcrumbList\",\"@id\":\"https:\/\/www.pompecucchi.it\/fr\/politique-de-confidentialite\/#breadcrumb\",\"itemListElement\":[{\"@type\":\"ListItem\",\"position\":1,\"name\":\"Home\",\"item\":\"https:\/\/www.pompecucchi.it\/fr\/\"},{\"@type\":\"ListItem\",\"position\":2,\"name\":\"Politique de confidentialit\u00e9\"}]},{\"@type\":\"WebSite\",\"@id\":\"https:\/\/www.pompecucchi.it\/fr\/#website\",\"url\":\"https:\/\/www.pompecucchi.it\/fr\/\",\"name\":\"Pompe Cucchi\",\"description\":\"Pompe Cucchi\",\"potentialAction\":[{\"@type\":\"SearchAction\",\"target\":{\"@type\":\"EntryPoint\",\"urlTemplate\":\"https:\/\/www.pompecucchi.it\/fr\/?s={search_term_string}\"},\"query-input\":{\"@type\":\"PropertyValueSpecification\",\"valueRequired\":true,\"valueName\":\"search_term_string\"}}],\"inLanguage\":\"fr-FR\"}]}<\/script>\n<!-- \/ Yoast SEO plugin. -->","yoast_head_json":{"title":"Politique de confidentialit\u00e9 - Pompe Cucchi","robots":{"index":"noindex","follow":"nofollow"},"og_locale":"fr_FR","og_type":"article","og_title":"Politique de confidentialit\u00e9 - Pompe Cucchi","og_description":"[vc_row css_animation=\u00a0\u00bb\u00a0\u00bb row_type=\u00a0\u00bbrow\u00a0\u00bb use_row_as_full_screen_section=\u00a0\u00bbno\u00a0\u00bb type=\u00a0\u00bbfull_width\u00a0\u00bb angled_section=\u00a0\u00bbno\u00a0\u00bb text_align=\u00a0\u00bbleft\u00a0\u00bb background_image_as_pattern=\u00a0\u00bbwithout_pattern\u00a0\u00bb][vc_column][vc_empty_space height=\u00a0\u00bb35px\u00a0\u00bb el_class=\u00a0\u00bbspazio-pagine-mobile\u00a0\u00bb][vc_column_text] INFORMATION RELATIVE \u00c0 LA PROTECTION DES DONN\u00c9ES AU SENS DE L\u2019ARTICLE...","og_url":"https:\/\/www.pompecucchi.it\/fr\/politique-de-confidentialite\/","og_site_name":"Pompe Cucchi","article_modified_time":"2026-02-26T16:51:32+00:00","twitter_card":"summary_large_image","twitter_misc":{"Dur\u00e9e de lecture estim\u00e9e":"4 minutes"},"schema":{"@context":"https:\/\/schema.org","@graph":[{"@type":"WebPage","@id":"https:\/\/www.pompecucchi.it\/fr\/politique-de-confidentialite\/","url":"https:\/\/www.pompecucchi.it\/fr\/politique-de-confidentialite\/","name":"Politique de confidentialit\u00e9 - Pompe Cucchi","isPartOf":{"@id":"https:\/\/www.pompecucchi.it\/fr\/#website"},"datePublished":"2026-02-26T16:38:34+00:00","dateModified":"2026-02-26T16:51:32+00:00","breadcrumb":{"@id":"https:\/\/www.pompecucchi.it\/fr\/politique-de-confidentialite\/#breadcrumb"},"inLanguage":"fr-FR","potentialAction":[{"@type":"ReadAction","target":["https:\/\/www.pompecucchi.it\/fr\/politique-de-confidentialite\/"]}]},{"@type":"BreadcrumbList","@id":"https:\/\/www.pompecucchi.it\/fr\/politique-de-confidentialite\/#breadcrumb","itemListElement":[{"@type":"ListItem","position":1,"name":"Home","item":"https:\/\/www.pompecucchi.it\/fr\/"},{"@type":"ListItem","position":2,"name":"Politique de confidentialit\u00e9"}]},{"@type":"WebSite","@id":"https:\/\/www.pompecucchi.it\/fr\/#website","url":"https:\/\/www.pompecucchi.it\/fr\/","name":"Pompe Cucchi","description":"Pompe Cucchi","potentialAction":[{"@type":"SearchAction","target":{"@type":"EntryPoint","urlTemplate":"https:\/\/www.pompecucchi.it\/fr\/?s={search_term_string}"},"query-input":{"@type":"PropertyValueSpecification","valueRequired":true,"valueName":"search_term_string"}}],"inLanguage":"fr-FR"}]}},"_links":{"self":[{"href":"https:\/\/www.pompecucchi.it\/fr\/wp-json\/wp\/v2\/pages\/23046"}],"collection":[{"href":"https:\/\/www.pompecucchi.it\/fr\/wp-json\/wp\/v2\/pages"}],"about":[{"href":"https:\/\/www.pompecucchi.it\/fr\/wp-json\/wp\/v2\/types\/page"}],"author":[{"embeddable":true,"href":"https:\/\/www.pompecucchi.it\/fr\/wp-json\/wp\/v2\/users\/1"}],"replies":[{"embeddable":true,"href":"https:\/\/www.pompecucchi.it\/fr\/wp-json\/wp\/v2\/comments?post=23046"}],"version-history":[{"count":11,"href":"https:\/\/www.pompecucchi.it\/fr\/wp-json\/wp\/v2\/pages\/23046\/revisions"}],"predecessor-version":[{"id":23063,"href":"https:\/\/www.pompecucchi.it\/fr\/wp-json\/wp\/v2\/pages\/23046\/revisions\/23063"}],"wp:attachment":[{"href":"https:\/\/www.pompecucchi.it\/fr\/wp-json\/wp\/v2\/media?parent=23046"}],"curies":[{"name":"wp","href":"https:\/\/api.w.org\/{rel}","templated":true}]}}